{"id":231481,"date":"2024-12-06T17:51:56","date_gmt":"2024-12-06T17:51:56","guid":{"rendered":"https:\/\/linkxa.es\/contratacion\/producto\/edge-50-neo-16-1-cm\/"},"modified":"2025-08-01T22:01:41","modified_gmt":"2025-08-01T22:01:41","slug":"edge-50-neo-16-1-cm","status":"publish","type":"product","link":"https:\/\/linkxa.es\/contratacion\/producto\/edge-50-neo-16-1-cm\/","title":{"rendered":"Edge 50 neo 16 1 cm"},"content":{"rendered":"<p>Destacado<\/p>\n<p>Sensor Sony LYTIA y teleobjetivo 3x<br \/>Dise\u00f1o minimalista, m\u00e1xima calidad<br \/>Pantalla Super HD (1220p) pOLED de 6,4&#8243;<br \/>Sistema de carga TurboPower de 68 W<br \/>Actualizaciones de software e innovaciones<br \/>512 GB de almacenamientomotorola uk<\/p>\n<p>Hello smartphone<\/p>\n<p>Donde la inteligencia acompa\u00f1a al arte<br \/>Presentamos el motorola edge 50 neo, con el que podr\u00e1s plasmar tu creatividad sin complicaciones en un formato m\u00e1s compacto. Su dise\u00f1o minimalista y la calidad de sus materiales reflejan la esencia de la<br \/>sofisticaci\u00f3n. Podr\u00e1s captar preciosos momentos con fotos y v\u00eddeos de calidad superior de la mano de la tecnolog\u00eda Moto AI. M\u00edralos, ed\u00edtalos y comp\u00e1rtelos con calidad de cine en una pantalla Super HD (1220p) pOLED de<br \/>6,4&#8243;. Con la tecnolog\u00eda de carga TurboPower de 68 W, tendr\u00e1s cargada la bater\u00eda enseguida para poder seguir creando. Te ofrecemos un rendimiento impresionante hoy, pero tambi\u00e9n cinco actualizaciones de sistema<br \/>operativo y actualizaciones de seguridad hasta 2029. Este es el motorola edge 50 neo. M\u00e1s que un smartphone, es una obra de arte.<\/p>\n<p>Peso y dimensiones<br \/>Altura<br \/>154,1 mm<br \/>Ancho<br \/>71,2 mm<br \/>Peso<br \/>171 g<br \/>Profundidad<br \/>8,1 mm<br \/>Exhibici\u00f3n<br \/>Alto Rango Din\u00e1mico (HDR)<br \/>Si<br \/>Tecnolog\u00eda HDR (High Dynamic Range, Alto rango din\u00e1mico)<br \/>High Dynamic Range 10+ (HDR10 Plus)<br \/>Blue light reduction<br \/>Si<br \/>Brillo m\u00e1ximo de la pantalla (HDR)<br \/>3000 cd \/ m<br \/>Gama de colores DCI-P3<br \/>100%<br \/>Densidad del pixel<br \/>460 ppp<br \/>Diagonal de la pantalla<br \/>16,1 cm (6.36&#8243;)<br \/>Forma de la pantalla<br \/>Plana<br \/>Versi\u00f3n de Gorilla Glass<br \/>Gorilla Glass 3<br \/>Retroiluminaci\u00f3n LED<br \/>Si<br \/>M\u00e1xima velocidad de actualizaci\u00f3n<br \/>120 Hz<br \/>N\u00famero de colores de la pantalla<br \/>1,07 billones de colores<br \/>Reducci\u00f3n del desenfoque de movimiento<br \/>Si<br \/>Relaci\u00f3n pantalla-cuerpo<br \/>95,3%<br \/>Relaci\u00f3n de aspecto nativa<br \/>20:9<br \/>Resoluci\u00f3n de la pantalla<br \/>2670 x 1220 Pixeles<br \/>Tipo de pantalla<br \/>P-OLED<br \/>Tipo de cristal de pantalla<br \/>Corning Glass<br \/>Velocidad de respuesta t\u00e1ctil<br \/>300 Hz<br \/>Procesador<br \/>Arquitectura del procesador<br \/>ARM Cortex-A78+Cortex-A55<br \/>Familia de procesador<br \/>MediaTek Dimensity<br \/>Modelo del procesador<br \/>7300<br \/>N\u00famero de n\u00facleos de procesador<br \/>8<br \/>Medios de almacenaje<br \/>Capacidad de RAM<br \/>12 GB<br \/>Capacidad de almacenamiento interno<br \/>512 GB<br \/>Tipo de RAM<br \/>LPDDR4X<br \/>Tarjetas de memoria compatibles<br \/>No compatible<br \/>C\u00e1mara fotogr\u00e1fica<br \/>C\u00e1mara trasera con flash<br \/>Si<br \/>Detector de rostro<br \/>Si<br \/>Detector de sonrisa<br \/>Si<br \/>Disparador autom\u00e1tico<br \/>Si<br \/>Estabilizador de v\u00eddeo<br \/>Si<br \/>Estabilizador de imagen<br \/>Si<br \/>\u00c1ngulo del campo de visi\u00f3n (FOV) de la segunda c\u00e1mara trasera<br \/>120<br \/>Modo de alto rango din\u00e1mico (HDR) de la c\u00e1mara<br \/>Si<br \/>Modo de lapso de tiempo<br \/>Si<br \/>Modo noche<br \/>Si<br \/>Modo retrato<br \/>Si<br \/>Modo de c\u00e1mara lenta<br \/>Si<br \/>N\u00famero de apertura de la c\u00e1mara trasera<br \/>1,8<br \/>N\u00famero de apertura de la segunda c\u00e1mara trasera<br \/>2,2<br \/>N\u00famero de diafragma de la tercera c\u00e1mara trasera<br \/>2<br \/>N\u00famero de apertura de la c\u00e1mara frontal<br \/>2,4<br \/>Panor\u00e1mica<br \/>Si<br \/>Resoluci\u00f3n de la c\u00e1mara trasera (num\u00e9rica)<br \/>50 MP<br \/>Resoluci\u00f3n de la c\u00e1mara frontal (num\u00e9rica)<br \/>32 MP<br \/>Resoluci\u00f3n de la segunda c\u00e1mara trasera (num\u00e9rica)<br \/>13 MP<br \/>Resoluci\u00f3n de la tercera c\u00e1mara trasera (num\u00e9rica)<br \/>10 MP<br \/>Resoluci\u00f3n de captura de video<br \/>3840 x 2160 Pixeles<br \/>Resoluci\u00f3n en velocidad de captura<br \/>1920&#215;1080@120fps, 1920&#215;1080@240fps, 1920&#215;1080@30fps, 1920&#215;1080@60fps, 3840&#215;2160@30fps<br \/>Tama\u00f1o de los p\u00edxeles de la c\u00e1mara trasera<br \/>1 m<br \/>Tama\u00f1o de los p\u00edxeles de la segunda c\u00e1mara trasera<br \/>1,12 m<br \/>Tama\u00f1o de p\u00edxel de la tercera c\u00e1mara trasera<br \/>1 m<br \/>Tama\u00f1o de los p\u00edxeles de la c\u00e1mara frontal<br \/>0,7 m<br \/>Tipo de c\u00e1mara trasera<br \/>Triple c\u00e1mara<br \/>Tipo de c\u00e1mara frontal<br \/>C\u00e1mara \u00fanica<br \/>Tipo de flash<br \/>LED<br \/>Tipo de sensor<br \/>Sony LYTIA 700C<br \/>Tipo de estabilizador de imagen<br \/>Optical Image Stabilization (OIS)<br \/>Velocidad m\u00e1xima de cuadro<br \/>240 pps<br \/>Zoom \u00f3ptico<br \/>3x<br \/>Zoom de audio<br \/>Si<br \/>Puertos e Interfaces<br \/>Auriculares<br \/>USB Tipo C<br \/>Conector USB<br \/>USB Tipo C<br \/>Puerto USB<br \/>Si<br \/>Versi\u00f3n USB<br \/>2.0<br \/>Conexi\u00f3n<br \/>Est\u00e1ndares 2G<br \/>GSM<br \/>Est\u00e1ndares 3G<br \/>WCDMA<br \/>Est\u00e1ndar 4G<br \/>LTE<br \/>Est\u00e1ndar 5G<br \/>Sub6<br \/>Bluetooth<br \/>Si<br \/>Versi\u00f3n de Bluetooth<br \/>5.3<br \/>Comunicaci\u00f3n de Campo Cercano (NFC)<br \/>Si<br \/>Capacidad de la tarjeta SIM<br \/>SIM doble<br \/>Wi-Fi est\u00e1ndares<br \/>802.11a, 802.11b, 802.11g, Wi-Fi 4 (802.11n), Wi-Fi 5 (802.11ac), Wi-Fi 6 (802.11ax), Wi-Fi 6E (802.11ax)<br \/>Generaci\u00f3n de red m\u00f3vil<br \/>5G<br \/>Tipo de tarjeta SIM<br \/>NanoSIM + eSIM<br \/>Wifi<br \/>Si<br \/>Bater\u00eda<br \/>Capacidad de bater\u00eda<br \/>4310 mAh<\/p>\n<p>Contenido del embalaje<br \/>Adaptador AC incluido<br \/>No<br \/>Auriculares incluidos<br \/>No<br \/>Cables incluidos<br \/>USB Tipo C<br \/>Funda protectora<br \/>Si<br \/>Instrumento para extraer tarjeta SIM<br \/>Si<br \/>Protector de pantalla<br \/>No<br \/>Desempe\u00f1o<br \/>Carga r\u00e1pida<br \/>Si<br \/>Cargador inal\u00e1mbrico<br \/>Si<br \/>Certificado militar<br \/>MIL-STD-810H<br \/>Lector de huella digital<br \/>Si<br \/>Reconocimiento de cara<br \/>Si<br \/>Tecnolog\u00eda de carga r\u00e1pida<br \/>TurboPower<br \/>Dise\u00f1o<br \/>Color del producto<br \/>Gris<br \/>C\u00f3digo IP (International Protection)<br \/>IP68<br \/>Factor de forma<br \/>Barra<br \/>Funciones de protecci\u00f3n<br \/>Resistente al agua<br \/>Material de la carcasa<br \/>Cuero artificial, Vidrio, Pl\u00e1stico, Poliuretano (PU)<br \/>Nombre del color<br \/>PANTONE Grisaille<br \/>Navegaci\u00f3n<br \/>Funci\u00f3n de GPS asistida (A-GPS)<br \/>Si<br \/>Br\u00fajula electr\u00f3nica<br \/>Si<br \/>GLONASS<br \/>Si<br \/>GPS<br \/>Si<br \/>GPS (sat\u00e9lite)<br \/>Si<br \/>Galileo<br \/>Si<br \/>Protocolo de posicionamiento LTE (LPP, LTE Positioning Protocol)<br \/>Si<br \/>Ubicaci\u00f3n segura de plano de usuario (SUPL, Secure User Plane Location)<br \/>Si<br \/>Multimedia<br \/>Altavoces<br \/>Est\u00e9reo<br \/>Radio FM<br \/>No<br \/>Sistema de audio<br \/>Dolby Atmos<br \/>n\u00famero de micr\u00f3fonos<br \/>2<br \/>Software<br \/>Asistente virtual<br \/>Google Assistant<br \/>Plataforma<br \/>Android<br \/>Sistema operativo instalado<br \/>Android 14<br \/>Suscripci\u00f3n<br \/>Tipo de suscripci\u00f3n<br \/>Sin suscripci\u00f3n<br \/>Sensores<br \/>Aceler\u00f3metro<br \/>Si<br \/>Giroscopio<br \/>Si<br \/>Sensor de proximidad<br \/>Si<br \/>Sensor de luz ambiental<br \/>Si<\/p>\n","protected":false},"excerpt":{"rendered":"<p>Edge 50 neo 16 -1 cm (6.36 pulgadas) sim doble android 14 5g usb tipo c 12 gb 512 gb 4310 mah gris<\/p>\n","protected":false},"featured_media":230071,"comment_status":"closed","ping_status":"open","template":"","meta":{"_et_pb_use_builder":"","_et_pb_old_content":"","_et_gb_content_width":""},"product_brand":[2081],"product_cat":[2058,2063,2062],"product_tag":[2068,2083,2082,2067,2066],"class_list":{"0":"post-231481","1":"product","2":"type-product","3":"status-publish","4":"has-post-thumbnail","6":"product_brand-motorola","7":"product_cat-dispositivos","8":"product_cat-smartphones","9":"product_cat-telefonia","10":"product_tag-dispositivos","11":"product_tag-edge-50-neo-16-1-cm","12":"product_tag-motorola","13":"product_tag-smartphones","14":"product_tag-telefonia","15":"product_shipping_class-2059","16":"pa_canon-digital-incluida-2060","18":"first","19":"instock","20":"taxable","21":"shipping-taxable","22":"purchasable","23":"product-type-simple"},"_links":{"self":[{"href":"https:\/\/linkxa.es\/contratacion\/wp-json\/wp\/v2\/product\/231481","targetHints":{"allow":["GET"]}}],"collection":[{"href":"https:\/\/linkxa.es\/contratacion\/wp-json\/wp\/v2\/product"}],"about":[{"href":"https:\/\/linkxa.es\/contratacion\/wp-json\/wp\/v2\/types\/product"}],"replies":[{"embeddable":true,"href":"https:\/\/linkxa.es\/contratacion\/wp-json\/wp\/v2\/comments?post=231481"}],"wp:featuredmedia":[{"embeddable":true,"href":"https:\/\/linkxa.es\/contratacion\/wp-json\/wp\/v2\/media\/230071"}],"wp:attachment":[{"href":"https:\/\/linkxa.es\/contratacion\/wp-json\/wp\/v2\/media?parent=231481"}],"wp:term":[{"taxonomy":"product_brand","embeddable":true,"href":"https:\/\/linkxa.es\/contratacion\/wp-json\/wp\/v2\/product_brand?post=231481"},{"taxonomy":"product_cat","embeddable":true,"href":"https:\/\/linkxa.es\/contratacion\/wp-json\/wp\/v2\/product_cat?post=231481"},{"taxonomy":"product_tag","embeddable":true,"href":"https:\/\/linkxa.es\/contratacion\/wp-json\/wp\/v2\/product_tag?post=231481"}],"curies":[{"name":"wp","href":"https:\/\/api.w.org\/{rel}","templated":true}]}}