{"id":229130,"date":"2025-07-23T20:46:23","date_gmt":"2025-07-23T20:46:23","guid":{"rendered":"https:\/\/linkxa.es\/linkxadirecto\/producto\/instalacion-de-red-cableada-hasta-10-puntos\/"},"modified":"2026-04-07T16:29:42","modified_gmt":"2026-04-07T16:29:42","slug":"instalacion-de-red-cableada-hasta-10-puntos","status":"publish","type":"product","link":"https:\/\/linkxa.es\/linkshop\/producto\/instalacion-de-red-cableada-hasta-10-puntos\/","title":{"rendered":"Instalaci\u00f3n de red cableada (hasta 10 puntos)"},"content":{"rendered":"<p>Instalaci\u00f3n de red estructurada con hasta 10 tomas de red RJ45.n\u0095 Cableado con UTP CAT6n\u0095 Canaleta o bandeja vistan\u0095 Conexi\u00f3n a switchn\u0095 Crimpado + testeo con etiquetadon\u0095 Soporte en rack si aplicannIdeal para oficinas, coworkings o reformas. Incluye hasta 50?m de cableado.nNo incluye certificaci\u00f3n oficial ni instalaci\u00f3n empotrada. Requiere disponibilidad de puntos el\u00e9ctricos y revisi\u00f3n previa del trazado.<\/p>\n","protected":false},"excerpt":{"rendered":"<p>Instalaci\u00f3n de red estructurada con hasta 10 tomas de red RJ45.<\/p>\n","protected":false},"featured_media":229095,"comment_status":"closed","ping_status":"open","template":"","meta":{"_et_pb_use_builder":"","_et_pb_old_content":"","_et_gb_content_width":""},"product_brand":[4833],"product_cat":[1962,4832],"product_tag":[],"class_list":{"0":"post-229130","1":"product","2":"type-product","3":"status-publish","4":"has-post-thumbnail","6":"product_brand-linkxa-telcom","7":"product_cat-instalaciones","8":"product_cat-linkxa-telcom","9":"pa_duracion-estimada-15-dias","10":"pa_modalidad-presencial","11":"pa_nivel-tecnico-medio","12":"pa_tipo-de-pago-pago-unico","13":"pa_unidad-de-venta-instalacion","15":"first","16":"instock","17":"taxable","18":"shipping-taxable","19":"purchasable","20":"product-type-simple"},"_links":{"self":[{"href":"https:\/\/linkxa.es\/linkshop\/wp-json\/wp\/v2\/product\/229130","targetHints":{"allow":["GET"]}}],"collection":[{"href":"https:\/\/linkxa.es\/linkshop\/wp-json\/wp\/v2\/product"}],"about":[{"href":"https:\/\/linkxa.es\/linkshop\/wp-json\/wp\/v2\/types\/product"}],"replies":[{"embeddable":true,"href":"https:\/\/linkxa.es\/linkshop\/wp-json\/wp\/v2\/comments?post=229130"}],"wp:featuredmedia":[{"embeddable":true,"href":"https:\/\/linkxa.es\/linkshop\/wp-json\/wp\/v2\/media\/229095"}],"wp:attachment":[{"href":"https:\/\/linkxa.es\/linkshop\/wp-json\/wp\/v2\/media?parent=229130"}],"wp:term":[{"taxonomy":"product_brand","embeddable":true,"href":"https:\/\/linkxa.es\/linkshop\/wp-json\/wp\/v2\/product_brand?post=229130"},{"taxonomy":"product_cat","embeddable":true,"href":"https:\/\/linkxa.es\/linkshop\/wp-json\/wp\/v2\/product_cat?post=229130"},{"taxonomy":"product_tag","embeddable":true,"href":"https:\/\/linkxa.es\/linkshop\/wp-json\/wp\/v2\/product_tag?post=229130"}],"curies":[{"name":"wp","href":"https:\/\/api.w.org\/{rel}","templated":true}]}}