{"id":229131,"date":"2025-07-23T20:46:24","date_gmt":"2025-07-23T20:46:24","guid":{"rendered":"https:\/\/linkxa.es\/linkxadirecto\/producto\/revision-y-optimizacion-de-red-existente\/"},"modified":"2026-04-07T16:29:42","modified_gmt":"2026-04-07T16:29:42","slug":"revision-y-optimizacion-de-red-existente","status":"publish","type":"product","link":"https:\/\/linkxa.es\/linkshop\/producto\/revision-y-optimizacion-de-red-existente\/","title":{"rendered":"Revisi\u00f3n y optimizaci\u00f3n de red existente"},"content":{"rendered":"<p>An\u00e1lisis del estado de una red cableada o WiFi ya instalada.n\u0095 Revisi\u00f3n de puntos de red y cableadon\u0095 Prueba de velocidad y p\u00e9rdidan\u0095 Revisi\u00f3n de configuraci\u00f3n b\u00e1sica (IP, DNS, DHCP)n\u0095 Informe con recomendaciones de mejoran\u0095 Limpieza de conectores y verificaci\u00f3n de estabilidadnnServicio recomendado antes de ampliaciones. Puede detectar cuellos de botella o puntos de ca\u00edda.nIncluye hasta 2h de intervenci\u00f3n. Horas adicionales: 35?\u0080\/hora. No se incluye sustituci\u00f3n de materiales en esta tarifa.<\/p>\n","protected":false},"excerpt":{"rendered":"<p>An\u00e1lisis del estado de una red cableada o WiFi ya instalada.<\/p>\n","protected":false},"featured_media":229095,"comment_status":"closed","ping_status":"open","template":"","meta":{"_et_pb_use_builder":"","_et_pb_old_content":"","_et_gb_content_width":""},"product_brand":[4833],"product_cat":[1962,4832],"product_tag":[],"class_list":{"0":"post-229131","1":"product","2":"type-product","3":"status-publish","4":"has-post-thumbnail","6":"product_brand-linkxa-telcom","7":"product_cat-instalaciones","8":"product_cat-linkxa-telcom","9":"pa_duracion-estimada--dia","10":"pa_modalidad-presencial","11":"pa_nivel-tecnico-medio","12":"pa_tipo-de-pago-pago-unico","13":"pa_unidad-de-venta-visita-tecnica","15":"first","16":"instock","17":"taxable","18":"shipping-taxable","19":"purchasable","20":"product-type-simple"},"_links":{"self":[{"href":"https:\/\/linkxa.es\/linkshop\/wp-json\/wp\/v2\/product\/229131","targetHints":{"allow":["GET"]}}],"collection":[{"href":"https:\/\/linkxa.es\/linkshop\/wp-json\/wp\/v2\/product"}],"about":[{"href":"https:\/\/linkxa.es\/linkshop\/wp-json\/wp\/v2\/types\/product"}],"replies":[{"embeddable":true,"href":"https:\/\/linkxa.es\/linkshop\/wp-json\/wp\/v2\/comments?post=229131"}],"wp:featuredmedia":[{"embeddable":true,"href":"https:\/\/linkxa.es\/linkshop\/wp-json\/wp\/v2\/media\/229095"}],"wp:attachment":[{"href":"https:\/\/linkxa.es\/linkshop\/wp-json\/wp\/v2\/media?parent=229131"}],"wp:term":[{"taxonomy":"product_brand","embeddable":true,"href":"https:\/\/linkxa.es\/linkshop\/wp-json\/wp\/v2\/product_brand?post=229131"},{"taxonomy":"product_cat","embeddable":true,"href":"https:\/\/linkxa.es\/linkshop\/wp-json\/wp\/v2\/product_cat?post=229131"},{"taxonomy":"product_tag","embeddable":true,"href":"https:\/\/linkxa.es\/linkshop\/wp-json\/wp\/v2\/product_tag?post=229131"}],"curies":[{"name":"wp","href":"https:\/\/api.w.org\/{rel}","templated":true}]}}