{"id":229132,"date":"2025-07-23T20:46:24","date_gmt":"2025-07-23T20:46:24","guid":{"rendered":"https:\/\/linkxa.es\/linkxadirecto\/producto\/instalacion-de-switch-router-y-armario-de-comunicaciones\/"},"modified":"2026-04-07T16:29:42","modified_gmt":"2026-04-07T16:29:42","slug":"instalacion-de-switch-router-y-armario-de-comunicaciones","status":"publish","type":"product","link":"https:\/\/linkxa.es\/linkshop\/producto\/instalacion-de-switch-router-y-armario-de-comunicaciones\/","title":{"rendered":"Instalaci\u00f3n de switch, router y armario de comunicaciones"},"content":{"rendered":"<p>Montaje e instalaci\u00f3n de dispositivos de red centralizados.n\u0095 Instalaci\u00f3n de router y switchn\u0095 Fijaci\u00f3n de armario rack (mural o suelo)n\u0095 Ordenado de cableado con panel o peinesn\u0095 Conexionado limpio y alimentaci\u00f3nn\u0095 Prueba de funcionamiento y testeo finalnnNo incluye equipos. Puede adquirirse hardware a trav\u00e9s de Linkxa.nIncluye materiales de fijaci\u00f3n, conectores y organizaci\u00f3n. Requiere punto de corriente disponible.<\/p>\n","protected":false},"excerpt":{"rendered":"<p>Montaje e instalaci\u00f3n de dispositivos de red centralizados.<\/p>\n","protected":false},"featured_media":229095,"comment_status":"closed","ping_status":"open","template":"","meta":{"_et_pb_use_builder":"","_et_pb_old_content":"","_et_gb_content_width":""},"product_brand":[4833],"product_cat":[1962,4832],"product_tag":[],"class_list":{"0":"post-229132","1":"product","2":"type-product","3":"status-publish","4":"has-post-thumbnail","6":"product_brand-linkxa-telcom","7":"product_cat-instalaciones","8":"product_cat-linkxa-telcom","9":"pa_duracion-estimada-1-dia","10":"pa_modalidad-presencial","11":"pa_nivel-tecnico-avanzado","12":"pa_tipo-de-pago-pago-unico","13":"pa_unidad-de-venta-instalacion","15":"first","16":"instock","17":"taxable","18":"shipping-taxable","19":"purchasable","20":"product-type-simple"},"_links":{"self":[{"href":"https:\/\/linkxa.es\/linkshop\/wp-json\/wp\/v2\/product\/229132","targetHints":{"allow":["GET"]}}],"collection":[{"href":"https:\/\/linkxa.es\/linkshop\/wp-json\/wp\/v2\/product"}],"about":[{"href":"https:\/\/linkxa.es\/linkshop\/wp-json\/wp\/v2\/types\/product"}],"replies":[{"embeddable":true,"href":"https:\/\/linkxa.es\/linkshop\/wp-json\/wp\/v2\/comments?post=229132"}],"wp:featuredmedia":[{"embeddable":true,"href":"https:\/\/linkxa.es\/linkshop\/wp-json\/wp\/v2\/media\/229095"}],"wp:attachment":[{"href":"https:\/\/linkxa.es\/linkshop\/wp-json\/wp\/v2\/media?parent=229132"}],"wp:term":[{"taxonomy":"product_brand","embeddable":true,"href":"https:\/\/linkxa.es\/linkshop\/wp-json\/wp\/v2\/product_brand?post=229132"},{"taxonomy":"product_cat","embeddable":true,"href":"https:\/\/linkxa.es\/linkshop\/wp-json\/wp\/v2\/product_cat?post=229132"},{"taxonomy":"product_tag","embeddable":true,"href":"https:\/\/linkxa.es\/linkshop\/wp-json\/wp\/v2\/product_tag?post=229132"}],"curies":[{"name":"wp","href":"https:\/\/api.w.org\/{rel}","templated":true}]}}