{"id":229134,"date":"2025-07-23T20:46:25","date_gmt":"2025-07-23T20:46:25","guid":{"rendered":"https:\/\/linkxa.es\/linkxadirecto\/producto\/instalacion-de-rack-de-comunicaciones-con-canaleta\/"},"modified":"2026-04-07T16:29:42","modified_gmt":"2026-04-07T16:29:42","slug":"instalacion-de-rack-de-comunicaciones-con-canaleta","status":"publish","type":"product","link":"https:\/\/linkxa.es\/linkshop\/producto\/instalacion-de-rack-de-comunicaciones-con-canaleta\/","title":{"rendered":"Instalaci\u00f3n de rack de comunicaciones con canaleta"},"content":{"rendered":"<p>Montaje completo de rack de comunicaciones para red estructurada.n\u0095 Fijaci\u00f3n de rack mural o de pie (hasta 12U)n\u0095 Canaleta de conexi\u00f3n y organizaci\u00f3n de cableadon\u0095 Instauraci\u00f3n de bandejas, peines, regletas y switchn\u0095 Patch panel b\u00e1sico con conectores CAT6n\u0095 Etiquetado y mapa de red inicialnnNo incluye armario ni equipos electr\u00f3nicos, se puede a\u00f1adir como extra. Requiere espacio f\u00edsico adecuado y punto de alimentaci\u00f3n. Compatible con servicios de certificaci\u00f3n o control remoto posterior.<\/p>\n","protected":false},"excerpt":{"rendered":"<p>Montaje completo de rack de comunicaciones para red estructurada.<\/p>\n","protected":false},"featured_media":229095,"comment_status":"closed","ping_status":"open","template":"","meta":{"_et_pb_use_builder":"","_et_pb_old_content":"","_et_gb_content_width":""},"product_brand":[4833],"product_cat":[1962,4832],"product_tag":[],"class_list":{"0":"post-229134","1":"product","2":"type-product","3":"status-publish","4":"has-post-thumbnail","6":"product_brand-linkxa-telcom","7":"product_cat-instalaciones","8":"product_cat-linkxa-telcom","9":"pa_duracion-estimada-1-dia","10":"pa_modalidad-presencial","11":"pa_nivel-tecnico-avanzado","12":"pa_tipo-de-pago-pago-unico","13":"pa_unidad-de-venta-instalacion","15":"first","16":"instock","17":"taxable","18":"shipping-taxable","19":"purchasable","20":"product-type-simple"},"_links":{"self":[{"href":"https:\/\/linkxa.es\/linkshop\/wp-json\/wp\/v2\/product\/229134","targetHints":{"allow":["GET"]}}],"collection":[{"href":"https:\/\/linkxa.es\/linkshop\/wp-json\/wp\/v2\/product"}],"about":[{"href":"https:\/\/linkxa.es\/linkshop\/wp-json\/wp\/v2\/types\/product"}],"replies":[{"embeddable":true,"href":"https:\/\/linkxa.es\/linkshop\/wp-json\/wp\/v2\/comments?post=229134"}],"wp:featuredmedia":[{"embeddable":true,"href":"https:\/\/linkxa.es\/linkshop\/wp-json\/wp\/v2\/media\/229095"}],"wp:attachment":[{"href":"https:\/\/linkxa.es\/linkshop\/wp-json\/wp\/v2\/media?parent=229134"}],"wp:term":[{"taxonomy":"product_brand","embeddable":true,"href":"https:\/\/linkxa.es\/linkshop\/wp-json\/wp\/v2\/product_brand?post=229134"},{"taxonomy":"product_cat","embeddable":true,"href":"https:\/\/linkxa.es\/linkshop\/wp-json\/wp\/v2\/product_cat?post=229134"},{"taxonomy":"product_tag","embeddable":true,"href":"https:\/\/linkxa.es\/linkshop\/wp-json\/wp\/v2\/product_tag?post=229134"}],"curies":[{"name":"wp","href":"https:\/\/api.w.org\/{rel}","templated":true}]}}