{"id":229135,"date":"2025-07-23T20:46:25","date_gmt":"2025-07-23T20:46:25","guid":{"rendered":"https:\/\/linkxa.es\/linkxadirecto\/producto\/instalacion-de-camaras-ip-hasta-3-unidades\/"},"modified":"2026-04-07T16:29:42","modified_gmt":"2026-04-07T16:29:42","slug":"instalacion-de-camaras-ip-hasta-3-unidades","status":"publish","type":"product","link":"https:\/\/linkxa.es\/linkshop\/producto\/instalacion-de-camaras-ip-hasta-3-unidades\/","title":{"rendered":"Instalaci\u00f3n de c\u00e1maras IP (hasta 3 unidades)"},"content":{"rendered":"<p>Montaje e instalaci\u00f3n de hasta 3 c\u00e1maras IP con conexi\u00f3n por cable o WiFi.n\u0095 Fijaci\u00f3n en techo o pared con soporte incluidon\u0095 Conexionado a red existenten\u0095 Configuraci\u00f3n b\u00e1sica y visualizaci\u00f3n en app m\u00f3viln\u0095 Test de grabaci\u00f3n y coberturan\u0095 Orientaci\u00f3n en funcionamiento generalnnNo incluye c\u00e1maras ni almacenamiento. Se recomienda tener buena cobertura de red WiFi o puntos RJ45 cercanos. Compatible con sistemas Dahua, Hikvision, TP-Link, etc.<\/p>\n","protected":false},"excerpt":{"rendered":"<p>Montaje e instalaci\u00f3n de hasta 3 c\u00e1maras IP con conexi\u00f3n por cable o WiFi.<\/p>\n","protected":false},"featured_media":229095,"comment_status":"closed","ping_status":"open","template":"","meta":{"_et_pb_use_builder":"","_et_pb_old_content":"","_et_gb_content_width":""},"product_brand":[4833],"product_cat":[1962,4832],"product_tag":[],"class_list":{"0":"post-229135","1":"product","2":"type-product","3":"status-publish","4":"has-post-thumbnail","6":"product_brand-linkxa-telcom","7":"product_cat-instalaciones","8":"product_cat-linkxa-telcom","9":"pa_duracion-estimada-1-dia","10":"pa_modalidad-presencial","11":"pa_nivel-tecnico-medio","12":"pa_tipo-de-pago-pago-unico","13":"pa_unidad-de-venta-instalacion","15":"first","16":"instock","17":"taxable","18":"shipping-taxable","19":"purchasable","20":"product-type-simple"},"_links":{"self":[{"href":"https:\/\/linkxa.es\/linkshop\/wp-json\/wp\/v2\/product\/229135","targetHints":{"allow":["GET"]}}],"collection":[{"href":"https:\/\/linkxa.es\/linkshop\/wp-json\/wp\/v2\/product"}],"about":[{"href":"https:\/\/linkxa.es\/linkshop\/wp-json\/wp\/v2\/types\/product"}],"replies":[{"embeddable":true,"href":"https:\/\/linkxa.es\/linkshop\/wp-json\/wp\/v2\/comments?post=229135"}],"wp:featuredmedia":[{"embeddable":true,"href":"https:\/\/linkxa.es\/linkshop\/wp-json\/wp\/v2\/media\/229095"}],"wp:attachment":[{"href":"https:\/\/linkxa.es\/linkshop\/wp-json\/wp\/v2\/media?parent=229135"}],"wp:term":[{"taxonomy":"product_brand","embeddable":true,"href":"https:\/\/linkxa.es\/linkshop\/wp-json\/wp\/v2\/product_brand?post=229135"},{"taxonomy":"product_cat","embeddable":true,"href":"https:\/\/linkxa.es\/linkshop\/wp-json\/wp\/v2\/product_cat?post=229135"},{"taxonomy":"product_tag","embeddable":true,"href":"https:\/\/linkxa.es\/linkshop\/wp-json\/wp\/v2\/product_tag?post=229135"}],"curies":[{"name":"wp","href":"https:\/\/api.w.org\/{rel}","templated":true}]}}