{"id":229136,"date":"2025-07-23T20:46:26","date_gmt":"2025-07-23T20:46:26","guid":{"rendered":"https:\/\/linkxa.es\/linkxadirecto\/producto\/instalacion-de-camaras-ip-grabador-nvr-hasta-4-camaras\/"},"modified":"2026-04-07T16:29:42","modified_gmt":"2026-04-07T16:29:42","slug":"instalacion-de-camaras-ip-grabador-nvr-hasta-4-camaras","status":"publish","type":"product","link":"https:\/\/linkxa.es\/linkshop\/producto\/instalacion-de-camaras-ip-grabador-nvr-hasta-4-camaras\/","title":{"rendered":"Instalaci\u00f3n de c\u00e1maras IP + grabador NVR (hasta 4 c\u00e1maras)"},"content":{"rendered":"<p>Instalaci\u00f3n de hasta 4 c\u00e1maras IP y configuraci\u00f3n de grabador en red local (NVR).n\u0095 Instalaci\u00f3n f\u00edsica de c\u00e1marasn\u0095 Conexi\u00f3n de grabador a red y pantallasn\u0095 Configuraci\u00f3n de grabaci\u00f3n por detecci\u00f3n de movimiento o continuan\u0095 Configuraci\u00f3n de acceso remoto (app\/web)n\u0095 Prueba completa del sistemannRequiere instalaci\u00f3n previa de red con puntos el\u00e9ctricos y RJ45. No incluye grabador ni discos. Se recomienda evaluaci\u00f3n t\u00e9cnica previa para rutas de cableado.<\/p>\n","protected":false},"excerpt":{"rendered":"<p>Instalaci\u00f3n de hasta 4 c\u00e1maras IP y configuraci\u00f3n de grabador en red local (NVR).<\/p>\n","protected":false},"featured_media":229095,"comment_status":"closed","ping_status":"open","template":"","meta":{"_et_pb_use_builder":"","_et_pb_old_content":"","_et_gb_content_width":""},"product_brand":[4833],"product_cat":[1962,4832],"product_tag":[],"class_list":{"0":"post-229136","1":"product","2":"type-product","3":"status-publish","4":"has-post-thumbnail","6":"product_brand-linkxa-telcom","7":"product_cat-instalaciones","8":"product_cat-linkxa-telcom","9":"pa_duracion-estimada-15-dias","10":"pa_modalidad-presencial","11":"pa_nivel-tecnico-avanzado","12":"pa_tipo-de-pago-pago-unico","13":"pa_unidad-de-venta-proyecto","15":"first","16":"instock","17":"taxable","18":"shipping-taxable","19":"purchasable","20":"product-type-simple"},"_links":{"self":[{"href":"https:\/\/linkxa.es\/linkshop\/wp-json\/wp\/v2\/product\/229136","targetHints":{"allow":["GET"]}}],"collection":[{"href":"https:\/\/linkxa.es\/linkshop\/wp-json\/wp\/v2\/product"}],"about":[{"href":"https:\/\/linkxa.es\/linkshop\/wp-json\/wp\/v2\/types\/product"}],"replies":[{"embeddable":true,"href":"https:\/\/linkxa.es\/linkshop\/wp-json\/wp\/v2\/comments?post=229136"}],"wp:featuredmedia":[{"embeddable":true,"href":"https:\/\/linkxa.es\/linkshop\/wp-json\/wp\/v2\/media\/229095"}],"wp:attachment":[{"href":"https:\/\/linkxa.es\/linkshop\/wp-json\/wp\/v2\/media?parent=229136"}],"wp:term":[{"taxonomy":"product_brand","embeddable":true,"href":"https:\/\/linkxa.es\/linkshop\/wp-json\/wp\/v2\/product_brand?post=229136"},{"taxonomy":"product_cat","embeddable":true,"href":"https:\/\/linkxa.es\/linkshop\/wp-json\/wp\/v2\/product_cat?post=229136"},{"taxonomy":"product_tag","embeddable":true,"href":"https:\/\/linkxa.es\/linkshop\/wp-json\/wp\/v2\/product_tag?post=229136"}],"curies":[{"name":"wp","href":"https:\/\/api.w.org\/{rel}","templated":true}]}}