{"id":229138,"date":"2025-07-23T20:46:27","date_gmt":"2025-07-23T20:46:27","guid":{"rendered":"https:\/\/linkxa.es\/linkxadirecto\/producto\/configuracion-de-red-avanzada-ip-fija-vlan-qos\/"},"modified":"2026-04-07T16:29:42","modified_gmt":"2026-04-07T16:29:42","slug":"configuracion-de-red-avanzada-ip-fija-vlan-qos","status":"publish","type":"product","link":"https:\/\/linkxa.es\/linkshop\/producto\/configuracion-de-red-avanzada-ip-fija-vlan-qos\/","title":{"rendered":"Configuraci\u00f3n de red avanzada (IP fija, VLAN, QoS)"},"content":{"rendered":"<p>Configuraci\u00f3n profesional de equipos de red para entornos con m\u00faltiples dispositivos o tr\u00e1fico cr\u00edtico.n\u0095 Asignaci\u00f3n de IPs fijas o DHCP controladon\u0095 Creaci\u00f3n de VLANs para segmentaci\u00f3n de tr\u00e1ficon\u0095 Configuraci\u00f3n de Quality of Service (priorizaci\u00f3n)n\u0095 Pruebas de rendimiento antes y despu\u00e9s de aplicar la configuraci\u00f3nnnIncluye router dom\u00e9stico o semiprofesional. Para equipos empresariales o configuraci\u00f3n por CLI, se recomienda evaluaci\u00f3n previa. Se puede aplicar en oficinas, coworkings, naves o casas con dom\u00f3tica.<\/p>\n","protected":false},"excerpt":{"rendered":"<p>Configuraci\u00f3n profesional de equipos de red para entornos con m\u00faltiples dispositivos o tr\u00e1fico cr\u00edtico.<\/p>\n","protected":false},"featured_media":229095,"comment_status":"closed","ping_status":"open","template":"","meta":{"_et_pb_use_builder":"","_et_pb_old_content":"","_et_gb_content_width":""},"product_brand":[4833],"product_cat":[1962,4832],"product_tag":[],"class_list":{"0":"post-229138","1":"product","2":"type-product","3":"status-publish","4":"has-post-thumbnail","6":"product_brand-linkxa-telcom","7":"product_cat-instalaciones","8":"product_cat-linkxa-telcom","9":"pa_duracion-estimada--dia","10":"pa_modalidad-presencial","11":"pa_nivel-tecnico-avanzado","12":"pa_tipo-de-pago-pago-unico","13":"pa_unidad-de-venta-visita-tecnica","15":"first","16":"instock","17":"taxable","18":"shipping-taxable","19":"purchasable","20":"product-type-simple"},"_links":{"self":[{"href":"https:\/\/linkxa.es\/linkshop\/wp-json\/wp\/v2\/product\/229138","targetHints":{"allow":["GET"]}}],"collection":[{"href":"https:\/\/linkxa.es\/linkshop\/wp-json\/wp\/v2\/product"}],"about":[{"href":"https:\/\/linkxa.es\/linkshop\/wp-json\/wp\/v2\/types\/product"}],"replies":[{"embeddable":true,"href":"https:\/\/linkxa.es\/linkshop\/wp-json\/wp\/v2\/comments?post=229138"}],"wp:featuredmedia":[{"embeddable":true,"href":"https:\/\/linkxa.es\/linkshop\/wp-json\/wp\/v2\/media\/229095"}],"wp:attachment":[{"href":"https:\/\/linkxa.es\/linkshop\/wp-json\/wp\/v2\/media?parent=229138"}],"wp:term":[{"taxonomy":"product_brand","embeddable":true,"href":"https:\/\/linkxa.es\/linkshop\/wp-json\/wp\/v2\/product_brand?post=229138"},{"taxonomy":"product_cat","embeddable":true,"href":"https:\/\/linkxa.es\/linkshop\/wp-json\/wp\/v2\/product_cat?post=229138"},{"taxonomy":"product_tag","embeddable":true,"href":"https:\/\/linkxa.es\/linkshop\/wp-json\/wp\/v2\/product_tag?post=229138"}],"curies":[{"name":"wp","href":"https:\/\/api.w.org\/{rel}","templated":true}]}}