{"id":229139,"date":"2025-07-23T20:46:27","date_gmt":"2025-07-23T20:46:27","guid":{"rendered":"https:\/\/linkxa.es\/linkxadirecto\/producto\/asistencia-tecnica-presencial-hasta-2h\/"},"modified":"2026-04-07T16:29:42","modified_gmt":"2026-04-07T16:29:42","slug":"asistencia-tecnica-presencial-hasta-2h","status":"publish","type":"product","link":"https:\/\/linkxa.es\/linkshop\/producto\/asistencia-tecnica-presencial-hasta-2h\/","title":{"rendered":"Asistencia t\u00e9cnica presencial (hasta 2h)"},"content":{"rendered":"<p>Intervenci\u00f3n t\u00e9cnica en domicilio u oficina para resoluci\u00f3n de incidencias o soporte general.n\u0095 An\u00e1lisis y soluci\u00f3n de fallos en red, internet o dispositivosn\u0095 Configuraci\u00f3n o revisi\u00f3n de router, repetidores, puntos de acceson\u0095 Soporte en sistemas operativos o impresorasn\u0095 Ajustes de conectividad o software b\u00e1sicon\u0095 Desplazamiento incluido hasta 20?km desde base LinkxannDuraci\u00f3n m\u00e1xima de 2?h. Si se requiere tiempo adicional se cotiza a 35?\u0080\/h. Disponible para clientes particulares o pymes. Se incluye desplazamiento dentro del radio est\u00e1ndar. Para zonas extendidas puede aplicarse suplemento.<\/p>\n","protected":false},"excerpt":{"rendered":"<p>Intervenci\u00f3n t\u00e9cnica en domicilio u oficina para resoluci\u00f3n de incidencias o soporte general.<\/p>\n","protected":false},"featured_media":229095,"comment_status":"closed","ping_status":"open","template":"","meta":{"_et_pb_use_builder":"","_et_pb_old_content":"","_et_gb_content_width":""},"product_brand":[4833],"product_cat":[4832,1963],"product_tag":[],"class_list":{"0":"post-229139","1":"product","2":"type-product","3":"status-publish","4":"has-post-thumbnail","6":"product_brand-linkxa-telcom","7":"product_cat-linkxa-telcom","8":"product_cat-soporte-tecnico","9":"pa_duracion-estimada-2-horas","10":"pa_modalidad-presencial","11":"pa_nivel-tecnico-medio","12":"pa_tipo-de-pago-pago-unico","13":"pa_unidad-de-venta-servicio-puntual","15":"first","16":"instock","17":"taxable","18":"shipping-taxable","19":"purchasable","20":"product-type-simple"},"_links":{"self":[{"href":"https:\/\/linkxa.es\/linkshop\/wp-json\/wp\/v2\/product\/229139","targetHints":{"allow":["GET"]}}],"collection":[{"href":"https:\/\/linkxa.es\/linkshop\/wp-json\/wp\/v2\/product"}],"about":[{"href":"https:\/\/linkxa.es\/linkshop\/wp-json\/wp\/v2\/types\/product"}],"replies":[{"embeddable":true,"href":"https:\/\/linkxa.es\/linkshop\/wp-json\/wp\/v2\/comments?post=229139"}],"wp:featuredmedia":[{"embeddable":true,"href":"https:\/\/linkxa.es\/linkshop\/wp-json\/wp\/v2\/media\/229095"}],"wp:attachment":[{"href":"https:\/\/linkxa.es\/linkshop\/wp-json\/wp\/v2\/media?parent=229139"}],"wp:term":[{"taxonomy":"product_brand","embeddable":true,"href":"https:\/\/linkxa.es\/linkshop\/wp-json\/wp\/v2\/product_brand?post=229139"},{"taxonomy":"product_cat","embeddable":true,"href":"https:\/\/linkxa.es\/linkshop\/wp-json\/wp\/v2\/product_cat?post=229139"},{"taxonomy":"product_tag","embeddable":true,"href":"https:\/\/linkxa.es\/linkshop\/wp-json\/wp\/v2\/product_tag?post=229139"}],"curies":[{"name":"wp","href":"https:\/\/api.w.org\/{rel}","templated":true}]}}