{"id":229140,"date":"2025-07-23T20:46:27","date_gmt":"2025-07-23T20:46:27","guid":{"rendered":"https:\/\/linkxa.es\/linkxadirecto\/producto\/asistencia-tecnica-remota-hasta-1h\/"},"modified":"2026-04-07T16:29:42","modified_gmt":"2026-04-07T16:29:42","slug":"asistencia-tecnica-remota-hasta-1h","status":"publish","type":"product","link":"https:\/\/linkxa.es\/linkshop\/producto\/asistencia-tecnica-remota-hasta-1h\/","title":{"rendered":"Asistencia t\u00e9cnica remota (hasta 1h)"},"content":{"rendered":"<p>Sesi\u00f3n remota para diagn\u00f3stico o asistencia en tareas t\u00e9cnicas simples.n\u0095 Configuraci\u00f3n de correo, acceso a servidores o nuben\u0095 Diagn\u00f3stico de conectividad remotan\u0095 Soporte en plataformas (Google, Microsoft, software habitual)n\u0095 Revisi\u00f3n remota de seguridad y rendimientonnIncluye hasta 1?h de soporte remoto v\u00eda TeamViewer, AnyDesk o sistema propio. Ideal para incidencias r\u00e1pidas sin desplazamiento. Ampliable si es necesario.<\/p>\n","protected":false},"excerpt":{"rendered":"<p>Sesi\u00f3n remota para diagn\u00f3stico o asistencia en tareas t\u00e9cnicas simples.<\/p>\n","protected":false},"featured_media":229095,"comment_status":"closed","ping_status":"open","template":"","meta":{"_et_pb_use_builder":"","_et_pb_old_content":"","_et_gb_content_width":""},"product_brand":[4833],"product_cat":[4832,1963],"product_tag":[],"class_list":{"0":"post-229140","1":"product","2":"type-product","3":"status-publish","4":"has-post-thumbnail","6":"product_brand-linkxa-telcom","7":"product_cat-linkxa-telcom","8":"product_cat-soporte-tecnico","9":"pa_duracion-estimada-1-hora","10":"pa_modalidad-remoto","11":"pa_nivel-tecnico-basico","12":"pa_tipo-de-pago-pago-unico","13":"pa_unidad-de-venta-servicio-puntual","15":"first","16":"instock","17":"taxable","18":"shipping-taxable","19":"purchasable","20":"product-type-simple"},"_links":{"self":[{"href":"https:\/\/linkxa.es\/linkshop\/wp-json\/wp\/v2\/product\/229140","targetHints":{"allow":["GET"]}}],"collection":[{"href":"https:\/\/linkxa.es\/linkshop\/wp-json\/wp\/v2\/product"}],"about":[{"href":"https:\/\/linkxa.es\/linkshop\/wp-json\/wp\/v2\/types\/product"}],"replies":[{"embeddable":true,"href":"https:\/\/linkxa.es\/linkshop\/wp-json\/wp\/v2\/comments?post=229140"}],"wp:featuredmedia":[{"embeddable":true,"href":"https:\/\/linkxa.es\/linkshop\/wp-json\/wp\/v2\/media\/229095"}],"wp:attachment":[{"href":"https:\/\/linkxa.es\/linkshop\/wp-json\/wp\/v2\/media?parent=229140"}],"wp:term":[{"taxonomy":"product_brand","embeddable":true,"href":"https:\/\/linkxa.es\/linkshop\/wp-json\/wp\/v2\/product_brand?post=229140"},{"taxonomy":"product_cat","embeddable":true,"href":"https:\/\/linkxa.es\/linkshop\/wp-json\/wp\/v2\/product_cat?post=229140"},{"taxonomy":"product_tag","embeddable":true,"href":"https:\/\/linkxa.es\/linkshop\/wp-json\/wp\/v2\/product_tag?post=229140"}],"curies":[{"name":"wp","href":"https:\/\/api.w.org\/{rel}","templated":true}]}}