{"id":229142,"date":"2025-07-23T20:46:28","date_gmt":"2025-07-23T20:46:28","guid":{"rendered":"https:\/\/linkxa.es\/linkxadirecto\/producto\/configuracion-de-equipos-de-oficina\/"},"modified":"2026-04-07T16:29:41","modified_gmt":"2026-04-07T16:29:41","slug":"configuracion-de-equipos-de-oficina","status":"publish","type":"product","link":"https:\/\/linkxa.es\/linkshop\/producto\/configuracion-de-equipos-de-oficina\/","title":{"rendered":"Configuraci\u00f3n de equipos de oficina"},"content":{"rendered":"<p>Puesta en marcha y configuraci\u00f3n de equipos inform\u00e1ticos y perif\u00e9ricos en entorno profesional.n\u0095 Instalaci\u00f3n de ordenadores, monitores, impresoras y esc\u00e1neresn\u0095 Conexionado en red y puesta a punton\u0095 Instalaci\u00f3n de software b\u00e1sico y driversn\u0095 Pruebas de impresi\u00f3n, red y acceso compartidon\u0095 Desplazamiento incluidonnHasta 5 equipos. Para instalaciones de mayor escala o migraci\u00f3n de servidores, se recomienda soporte t\u00e9cnico avanzado o mantenimiento programado.<\/p>\n","protected":false},"excerpt":{"rendered":"<p>Puesta en marcha y configuraci\u00f3n de equipos inform\u00e1ticos y perif\u00e9ricos en entorno profesional.<\/p>\n","protected":false},"featured_media":229095,"comment_status":"closed","ping_status":"open","template":"","meta":{"_et_pb_use_builder":"","_et_pb_old_content":"","_et_gb_content_width":""},"product_brand":[4833],"product_cat":[4832,1963],"product_tag":[],"class_list":{"0":"post-229142","1":"product","2":"type-product","3":"status-publish","4":"has-post-thumbnail","6":"product_brand-linkxa-telcom","7":"product_cat-linkxa-telcom","8":"product_cat-soporte-tecnico","9":"pa_duracion-estimada-1-dia","10":"pa_modalidad-presencial","11":"pa_nivel-tecnico-basico","12":"pa_tipo-de-pago-pago-unico","13":"pa_unidad-de-venta-servicio-puntual","15":"first","16":"instock","17":"taxable","18":"shipping-taxable","19":"purchasable","20":"product-type-simple"},"_links":{"self":[{"href":"https:\/\/linkxa.es\/linkshop\/wp-json\/wp\/v2\/product\/229142","targetHints":{"allow":["GET"]}}],"collection":[{"href":"https:\/\/linkxa.es\/linkshop\/wp-json\/wp\/v2\/product"}],"about":[{"href":"https:\/\/linkxa.es\/linkshop\/wp-json\/wp\/v2\/types\/product"}],"replies":[{"embeddable":true,"href":"https:\/\/linkxa.es\/linkshop\/wp-json\/wp\/v2\/comments?post=229142"}],"wp:featuredmedia":[{"embeddable":true,"href":"https:\/\/linkxa.es\/linkshop\/wp-json\/wp\/v2\/media\/229095"}],"wp:attachment":[{"href":"https:\/\/linkxa.es\/linkshop\/wp-json\/wp\/v2\/media?parent=229142"}],"wp:term":[{"taxonomy":"product_brand","embeddable":true,"href":"https:\/\/linkxa.es\/linkshop\/wp-json\/wp\/v2\/product_brand?post=229142"},{"taxonomy":"product_cat","embeddable":true,"href":"https:\/\/linkxa.es\/linkshop\/wp-json\/wp\/v2\/product_cat?post=229142"},{"taxonomy":"product_tag","embeddable":true,"href":"https:\/\/linkxa.es\/linkshop\/wp-json\/wp\/v2\/product_tag?post=229142"}],"curies":[{"name":"wp","href":"https:\/\/api.w.org\/{rel}","templated":true}]}}