{"id":229143,"date":"2025-07-23T20:46:29","date_gmt":"2025-07-23T20:46:29","guid":{"rendered":"https:\/\/linkxa.es\/linkxadirecto\/producto\/soporte-tecnico-mensual-particulares-o-pymes\/"},"modified":"2026-04-07T16:29:41","modified_gmt":"2026-04-07T16:29:41","slug":"soporte-tecnico-mensual-particulares-o-pymes","status":"publish","type":"product","link":"https:\/\/linkxa.es\/linkshop\/producto\/soporte-tecnico-mensual-particulares-o-pymes\/","title":{"rendered":"Soporte t\u00e9cnico mensual (particulares o pymes)"},"content":{"rendered":"<p>Servicio de soporte t\u00e9cnico continuo durante 30 d\u00edas con atenci\u00f3n remota y presencial bajo demanda.n\u0095 Hasta 3 intervenciones remotas de 1?hn\u0095 1 visita presencial incluida (hasta 2h con desplazamiento)n\u0095 Resoluci\u00f3n de incidencias comunes (correo, red, perif\u00e9ricos, software)n\u0095 Soporte preventivo y asesor\u00eda t\u00e9cnica b\u00e1sicannRenovable mensualmente. Ideal para negocios sin equipo de IT propio. Se incluye desplazamiento en zona est\u00e1ndar Linkxa. Para zonas extendidas o intervenciones extra se cotiza aparte.<\/p>\n","protected":false},"excerpt":{"rendered":"<p>Servicio de soporte t\u00e9cnico continuo durante 30 d\u00edas con atenci\u00f3n remota y presencial bajo demanda.<\/p>\n","protected":false},"featured_media":229095,"comment_status":"closed","ping_status":"open","template":"","meta":{"_et_pb_use_builder":"","_et_pb_old_content":"","_et_gb_content_width":""},"product_brand":[4833],"product_cat":[4832,1963],"product_tag":[],"class_list":{"0":"post-229143","1":"product","2":"type-product","3":"status-publish","4":"has-post-thumbnail","6":"product_brand-linkxa-telcom","7":"product_cat-linkxa-telcom","8":"product_cat-soporte-tecnico","9":"pa_duracion-estimada-30-dias","10":"pa_modalidad-presencial-remoto","11":"pa_nivel-tecnico-medio","12":"pa_tipo-de-pago-mensual","13":"pa_unidad-de-venta-mes","15":"first","16":"instock","17":"taxable","18":"shipping-taxable","19":"purchasable","20":"product-type-simple"},"_links":{"self":[{"href":"https:\/\/linkxa.es\/linkshop\/wp-json\/wp\/v2\/product\/229143","targetHints":{"allow":["GET"]}}],"collection":[{"href":"https:\/\/linkxa.es\/linkshop\/wp-json\/wp\/v2\/product"}],"about":[{"href":"https:\/\/linkxa.es\/linkshop\/wp-json\/wp\/v2\/types\/product"}],"replies":[{"embeddable":true,"href":"https:\/\/linkxa.es\/linkshop\/wp-json\/wp\/v2\/comments?post=229143"}],"wp:featuredmedia":[{"embeddable":true,"href":"https:\/\/linkxa.es\/linkshop\/wp-json\/wp\/v2\/media\/229095"}],"wp:attachment":[{"href":"https:\/\/linkxa.es\/linkshop\/wp-json\/wp\/v2\/media?parent=229143"}],"wp:term":[{"taxonomy":"product_brand","embeddable":true,"href":"https:\/\/linkxa.es\/linkshop\/wp-json\/wp\/v2\/product_brand?post=229143"},{"taxonomy":"product_cat","embeddable":true,"href":"https:\/\/linkxa.es\/linkshop\/wp-json\/wp\/v2\/product_cat?post=229143"},{"taxonomy":"product_tag","embeddable":true,"href":"https:\/\/linkxa.es\/linkshop\/wp-json\/wp\/v2\/product_tag?post=229143"}],"curies":[{"name":"wp","href":"https:\/\/api.w.org\/{rel}","templated":true}]}}