{"id":229144,"date":"2025-07-23T20:46:29","date_gmt":"2025-07-23T20:46:29","guid":{"rendered":"https:\/\/linkxa.es\/linkxadirecto\/producto\/pack-preventivo-tecnico-para-oficina-o-coworking\/"},"modified":"2026-04-07T16:29:41","modified_gmt":"2026-04-07T16:29:41","slug":"pack-preventivo-tecnico-para-oficina-o-coworking","status":"publish","type":"product","link":"https:\/\/linkxa.es\/linkshop\/producto\/pack-preventivo-tecnico-para-oficina-o-coworking\/","title":{"rendered":"Pack preventivo t\u00e9cnico para oficina o coworking"},"content":{"rendered":"<p>Intervenci\u00f3n t\u00e9cnica de revisi\u00f3n y ajuste de la infraestructura tecnol\u00f3gica de un espacio de trabajo.n\u0095 Revisi\u00f3n de conectividad (WiFi + cableado)n\u0095 Revisi\u00f3n y limpieza de equipos inform\u00e1ticosn\u0095 Test de velocidad y diagn\u00f3stico de redn\u0095 Checklist t\u00e9cnico con mejoras recomendadasn\u0095 Desplazamiento incluido hasta 20?kmnnServicio pensado para espacios de trabajo con 5-10 puestos. Se entrega informe final con observaciones t\u00e9cnicas y sugerencias. Puede ampliarse para coworkings grandes o empresas multi-oficina.<\/p>\n","protected":false},"excerpt":{"rendered":"<p>Intervenci\u00f3n t\u00e9cnica de revisi\u00f3n y ajuste de la infraestructura tecnol\u00f3gica de un espacio de trabajo.<\/p>\n","protected":false},"featured_media":229095,"comment_status":"closed","ping_status":"open","template":"","meta":{"_et_pb_use_builder":"","_et_pb_old_content":"","_et_gb_content_width":""},"product_brand":[4833],"product_cat":[4832,1963],"product_tag":[],"class_list":{"0":"post-229144","1":"product","2":"type-product","3":"status-publish","4":"has-post-thumbnail","6":"product_brand-linkxa-telcom","7":"product_cat-linkxa-telcom","8":"product_cat-soporte-tecnico","9":"pa_duracion-estimada-1-dia","10":"pa_modalidad-presencial","11":"pa_nivel-tecnico-medio","12":"pa_tipo-de-pago-pago-unico","13":"pa_unidad-de-venta-pack","15":"first","16":"instock","17":"taxable","18":"shipping-taxable","19":"purchasable","20":"product-type-simple"},"_links":{"self":[{"href":"https:\/\/linkxa.es\/linkshop\/wp-json\/wp\/v2\/product\/229144","targetHints":{"allow":["GET"]}}],"collection":[{"href":"https:\/\/linkxa.es\/linkshop\/wp-json\/wp\/v2\/product"}],"about":[{"href":"https:\/\/linkxa.es\/linkshop\/wp-json\/wp\/v2\/types\/product"}],"replies":[{"embeddable":true,"href":"https:\/\/linkxa.es\/linkshop\/wp-json\/wp\/v2\/comments?post=229144"}],"wp:featuredmedia":[{"embeddable":true,"href":"https:\/\/linkxa.es\/linkshop\/wp-json\/wp\/v2\/media\/229095"}],"wp:attachment":[{"href":"https:\/\/linkxa.es\/linkshop\/wp-json\/wp\/v2\/media?parent=229144"}],"wp:term":[{"taxonomy":"product_brand","embeddable":true,"href":"https:\/\/linkxa.es\/linkshop\/wp-json\/wp\/v2\/product_brand?post=229144"},{"taxonomy":"product_cat","embeddable":true,"href":"https:\/\/linkxa.es\/linkshop\/wp-json\/wp\/v2\/product_cat?post=229144"},{"taxonomy":"product_tag","embeddable":true,"href":"https:\/\/linkxa.es\/linkshop\/wp-json\/wp\/v2\/product_tag?post=229144"}],"curies":[{"name":"wp","href":"https:\/\/api.w.org\/{rel}","templated":true}]}}