{"id":229145,"date":"2025-07-23T20:46:30","date_gmt":"2025-07-23T20:46:30","guid":{"rendered":"https:\/\/linkxa.es\/linkxadirecto\/producto\/mantenimiento-informatico-trimestral\/"},"modified":"2026-04-07T16:29:41","modified_gmt":"2026-04-07T16:29:41","slug":"mantenimiento-informatico-trimestral","status":"publish","type":"product","link":"https:\/\/linkxa.es\/linkshop\/producto\/mantenimiento-informatico-trimestral\/","title":{"rendered":"Mantenimiento inform\u00e1tico trimestral"},"content":{"rendered":"<p>Servicio de mantenimiento peri\u00f3dico orientado a peque\u00f1as empresas o profesionales que quieren prevenir incidencias.n\u0095 2 visitas presenciales (hasta 2?h cada una)n\u0095 Soporte remoto programado (4h en total)n\u0095 Revisi\u00f3n de estado de PCs, red, software y backupsn\u0095 Check t\u00e9cnico + optimizaci\u00f3n b\u00e1sicannIncluye desplazamientos en \u00e1rea de cobertura habitual. Renovable autom\u00e1ticamente con revisi\u00f3n de condiciones. Se puede adaptar a clientes con necesidades m\u00e1s t\u00e9cnicas o m\u00e1s puestos de trabajo.<\/p>\n","protected":false},"excerpt":{"rendered":"<p>Servicio de mantenimiento peri\u00f3dico orientado a peque\u00f1as empresas o profesionales que quieren prevenir incidencias.<\/p>\n","protected":false},"featured_media":229095,"comment_status":"closed","ping_status":"open","template":"","meta":{"_et_pb_use_builder":"","_et_pb_old_content":"","_et_gb_content_width":""},"product_brand":[4833],"product_cat":[4832,1963],"product_tag":[],"class_list":{"0":"post-229145","1":"product","2":"type-product","3":"status-publish","4":"has-post-thumbnail","6":"product_brand-linkxa-telcom","7":"product_cat-linkxa-telcom","8":"product_cat-soporte-tecnico","9":"pa_duracion-estimada-3-meses","10":"pa_modalidad-presencial-remoto","11":"pa_nivel-tecnico-medio","12":"pa_tipo-de-pago-mensual","13":"pa_unidad-de-venta-trimestre","15":"first","16":"instock","17":"taxable","18":"shipping-taxable","19":"purchasable","20":"product-type-simple"},"_links":{"self":[{"href":"https:\/\/linkxa.es\/linkshop\/wp-json\/wp\/v2\/product\/229145","targetHints":{"allow":["GET"]}}],"collection":[{"href":"https:\/\/linkxa.es\/linkshop\/wp-json\/wp\/v2\/product"}],"about":[{"href":"https:\/\/linkxa.es\/linkshop\/wp-json\/wp\/v2\/types\/product"}],"replies":[{"embeddable":true,"href":"https:\/\/linkxa.es\/linkshop\/wp-json\/wp\/v2\/comments?post=229145"}],"wp:featuredmedia":[{"embeddable":true,"href":"https:\/\/linkxa.es\/linkshop\/wp-json\/wp\/v2\/media\/229095"}],"wp:attachment":[{"href":"https:\/\/linkxa.es\/linkshop\/wp-json\/wp\/v2\/media?parent=229145"}],"wp:term":[{"taxonomy":"product_brand","embeddable":true,"href":"https:\/\/linkxa.es\/linkshop\/wp-json\/wp\/v2\/product_brand?post=229145"},{"taxonomy":"product_cat","embeddable":true,"href":"https:\/\/linkxa.es\/linkshop\/wp-json\/wp\/v2\/product_cat?post=229145"},{"taxonomy":"product_tag","embeddable":true,"href":"https:\/\/linkxa.es\/linkshop\/wp-json\/wp\/v2\/product_tag?post=229145"}],"curies":[{"name":"wp","href":"https:\/\/api.w.org\/{rel}","templated":true}]}}