{"id":229148,"date":"2025-07-23T20:46:30","date_gmt":"2025-07-23T20:46:30","guid":{"rendered":"https:\/\/linkxa.es\/linkxadirecto\/producto\/instalacion-de-bombillas-inteligentes-con-app\/"},"modified":"2026-04-07T16:29:41","modified_gmt":"2026-04-07T16:29:41","slug":"instalacion-de-bombillas-inteligentes-con-app","status":"publish","type":"product","link":"https:\/\/linkxa.es\/linkshop\/producto\/instalacion-de-bombillas-inteligentes-con-app\/","title":{"rendered":"Instalaci\u00f3n de bombillas inteligentes con app"},"content":{"rendered":"<p>Instalaci\u00f3n y configuraci\u00f3n de hasta 4 bombillas inteligentes controlables desde m\u00f3vil.n\u0095 Instalaci\u00f3n f\u00edsica y emparejamiento con redn\u0095 Configuraci\u00f3n por app (Tuya, Alexa, Google&#8230;)n\u0095 Asignaci\u00f3n a estancias y nombres por vozn\u0095 Prueba de control desde m\u00f3vil y asistenten\u0095 Desplazamiento incluidonnNo incluye las bombillas. Compatible con ecosistemas Google, Alexa o HomeKit. Ideal para automatizaci\u00f3n de espacios comunes o luces exteriores. Se pueden a\u00f1adir rutinas como extra.<\/p>\n","protected":false},"excerpt":{"rendered":"<p>Instalaci\u00f3n y configuraci\u00f3n de hasta 4 bombillas inteligentes controlables desde m\u00f3vil.<\/p>\n","protected":false},"featured_media":229147,"comment_status":"closed","ping_status":"open","template":"","meta":{"_et_pb_use_builder":"","_et_pb_old_content":"","_et_gb_content_width":""},"product_brand":[4833],"product_cat":[4832,1964],"product_tag":[],"class_list":{"0":"post-229148","1":"product","2":"type-product","3":"status-publish","4":"has-post-thumbnail","6":"product_brand-linkxa-telcom","7":"product_cat-linkxa-telcom","8":"product_cat-smarthome","9":"pa_duracion-estimada-1-hora","10":"pa_modalidad-presencial","11":"pa_nivel-tecnico-basico","12":"pa_tipo-de-pago-pago-unico","13":"pa_unidad-de-venta-instalacion","15":"first","16":"instock","17":"taxable","18":"shipping-taxable","19":"purchasable","20":"product-type-simple"},"_links":{"self":[{"href":"https:\/\/linkxa.es\/linkshop\/wp-json\/wp\/v2\/product\/229148","targetHints":{"allow":["GET"]}}],"collection":[{"href":"https:\/\/linkxa.es\/linkshop\/wp-json\/wp\/v2\/product"}],"about":[{"href":"https:\/\/linkxa.es\/linkshop\/wp-json\/wp\/v2\/types\/product"}],"replies":[{"embeddable":true,"href":"https:\/\/linkxa.es\/linkshop\/wp-json\/wp\/v2\/comments?post=229148"}],"wp:featuredmedia":[{"embeddable":true,"href":"https:\/\/linkxa.es\/linkshop\/wp-json\/wp\/v2\/media\/229147"}],"wp:attachment":[{"href":"https:\/\/linkxa.es\/linkshop\/wp-json\/wp\/v2\/media?parent=229148"}],"wp:term":[{"taxonomy":"product_brand","embeddable":true,"href":"https:\/\/linkxa.es\/linkshop\/wp-json\/wp\/v2\/product_brand?post=229148"},{"taxonomy":"product_cat","embeddable":true,"href":"https:\/\/linkxa.es\/linkshop\/wp-json\/wp\/v2\/product_cat?post=229148"},{"taxonomy":"product_tag","embeddable":true,"href":"https:\/\/linkxa.es\/linkshop\/wp-json\/wp\/v2\/product_tag?post=229148"}],"curies":[{"name":"wp","href":"https:\/\/api.w.org\/{rel}","templated":true}]}}