{"id":229149,"date":"2025-07-23T20:46:31","date_gmt":"2025-07-23T20:46:31","guid":{"rendered":"https:\/\/linkxa.es\/linkxadirecto\/producto\/instalacion-de-sensores-de-movimiento-o-puerta-hasta-3-unidades\/"},"modified":"2026-04-07T16:29:41","modified_gmt":"2026-04-07T16:29:41","slug":"instalacion-de-sensores-de-movimiento-o-puerta-hasta-3-unidades","status":"publish","type":"product","link":"https:\/\/linkxa.es\/linkshop\/producto\/instalacion-de-sensores-de-movimiento-o-puerta-hasta-3-unidades\/","title":{"rendered":"Instalaci\u00f3n de sensores de movimiento o puerta (hasta 3 unidades)"},"content":{"rendered":"<p>Colocaci\u00f3n y activaci\u00f3n de hasta 3 sensores inteligentes para control de presencia o accesos.n\u0095 Instalaci\u00f3n sin obra (adhesivo o tornillo)n\u0095 Sincronizaci\u00f3n con app dom\u00f3tican\u0095 Prueba de alertas o rutinas por movimienton\u0095 Verificaci\u00f3n de cobertura WiFin\u0095 Desplazamiento incluidonnRequiere una red estable y un ecosistema compatible. Compatible con Zigbee, Tuya, SmartLife, entre otros. No incluye sensores f\u00edsicos. Puede integrarse con c\u00e1maras o luces bajo petici\u00f3n.<\/p>\n","protected":false},"excerpt":{"rendered":"<p>Colocaci\u00f3n y activaci\u00f3n de hasta 3 sensores inteligentes para control de presencia o accesos.<\/p>\n","protected":false},"featured_media":229147,"comment_status":"closed","ping_status":"open","template":"","meta":{"_et_pb_use_builder":"","_et_pb_old_content":"","_et_gb_content_width":""},"product_brand":[4833],"product_cat":[4832,1964],"product_tag":[],"class_list":{"0":"post-229149","1":"product","2":"type-product","3":"status-publish","4":"has-post-thumbnail","6":"product_brand-linkxa-telcom","7":"product_cat-linkxa-telcom","8":"product_cat-smarthome","9":"pa_duracion-estimada-2-horas","10":"pa_modalidad-presencial","11":"pa_nivel-tecnico-medio","12":"pa_tipo-de-pago-pago-unico","13":"pa_unidad-de-venta-instalacion","15":"first","16":"instock","17":"taxable","18":"shipping-taxable","19":"purchasable","20":"product-type-simple"},"_links":{"self":[{"href":"https:\/\/linkxa.es\/linkshop\/wp-json\/wp\/v2\/product\/229149","targetHints":{"allow":["GET"]}}],"collection":[{"href":"https:\/\/linkxa.es\/linkshop\/wp-json\/wp\/v2\/product"}],"about":[{"href":"https:\/\/linkxa.es\/linkshop\/wp-json\/wp\/v2\/types\/product"}],"replies":[{"embeddable":true,"href":"https:\/\/linkxa.es\/linkshop\/wp-json\/wp\/v2\/comments?post=229149"}],"wp:featuredmedia":[{"embeddable":true,"href":"https:\/\/linkxa.es\/linkshop\/wp-json\/wp\/v2\/media\/229147"}],"wp:attachment":[{"href":"https:\/\/linkxa.es\/linkshop\/wp-json\/wp\/v2\/media?parent=229149"}],"wp:term":[{"taxonomy":"product_brand","embeddable":true,"href":"https:\/\/linkxa.es\/linkshop\/wp-json\/wp\/v2\/product_brand?post=229149"},{"taxonomy":"product_cat","embeddable":true,"href":"https:\/\/linkxa.es\/linkshop\/wp-json\/wp\/v2\/product_cat?post=229149"},{"taxonomy":"product_tag","embeddable":true,"href":"https:\/\/linkxa.es\/linkshop\/wp-json\/wp\/v2\/product_tag?post=229149"}],"curies":[{"name":"wp","href":"https:\/\/api.w.org\/{rel}","templated":true}]}}