{"id":229150,"date":"2025-07-23T20:46:31","date_gmt":"2025-07-23T20:46:31","guid":{"rendered":"https:\/\/linkxa.es\/linkxadirecto\/producto\/instalacion-de-sistema-domotico-basico-central-2-dispositivos\/"},"modified":"2026-04-07T16:29:41","modified_gmt":"2026-04-07T16:29:41","slug":"instalacion-de-sistema-domotico-basico-central-2-dispositivos","status":"publish","type":"product","link":"https:\/\/linkxa.es\/linkshop\/producto\/instalacion-de-sistema-domotico-basico-central-2-dispositivos\/","title":{"rendered":"Instalaci\u00f3n de sistema dom\u00f3tico b\u00e1sico (central + 2 dispositivos)"},"content":{"rendered":"<p>Instalaci\u00f3n completa de sistema dom\u00f3tico centralizado con hasta 2 dispositivos conectados.n\u0095 Central o hub (Zigbee\/WiFi) instalado y configuradon\u0095 Emparejamiento de sensores, enchufes o bombillasn\u0095 Integraci\u00f3n con app y asistente por vozn\u0095 Escena b\u00e1sica o rutina configuradan\u0095 Desplazamiento incluidonnNo incluye central ni dispositivos, pueden ser proporcionados por Linkxa. El cliente debe tener red estable y cuenta en la app correspondiente. Se puede ampliar a m\u00e1s dispositivos o sensores en m\u00f3dulos adicionales.<\/p>\n","protected":false},"excerpt":{"rendered":"<p>Instalaci\u00f3n completa de sistema dom\u00f3tico centralizado con hasta 2 dispositivos conectados.<\/p>\n","protected":false},"featured_media":229147,"comment_status":"closed","ping_status":"open","template":"","meta":{"_et_pb_use_builder":"","_et_pb_old_content":"","_et_gb_content_width":""},"product_brand":[4833],"product_cat":[4832,1964],"product_tag":[],"class_list":{"0":"post-229150","1":"product","2":"type-product","3":"status-publish","4":"has-post-thumbnail","6":"product_brand-linkxa-telcom","7":"product_cat-linkxa-telcom","8":"product_cat-smarthome","9":"pa_duracion-estimada-1-dia","10":"pa_modalidad-presencial","11":"pa_nivel-tecnico-avanzado","12":"pa_tipo-de-pago-pago-unico","13":"pa_unidad-de-venta-proyecto","15":"first","16":"instock","17":"taxable","18":"shipping-taxable","19":"purchasable","20":"product-type-simple"},"_links":{"self":[{"href":"https:\/\/linkxa.es\/linkshop\/wp-json\/wp\/v2\/product\/229150","targetHints":{"allow":["GET"]}}],"collection":[{"href":"https:\/\/linkxa.es\/linkshop\/wp-json\/wp\/v2\/product"}],"about":[{"href":"https:\/\/linkxa.es\/linkshop\/wp-json\/wp\/v2\/types\/product"}],"replies":[{"embeddable":true,"href":"https:\/\/linkxa.es\/linkshop\/wp-json\/wp\/v2\/comments?post=229150"}],"wp:featuredmedia":[{"embeddable":true,"href":"https:\/\/linkxa.es\/linkshop\/wp-json\/wp\/v2\/media\/229147"}],"wp:attachment":[{"href":"https:\/\/linkxa.es\/linkshop\/wp-json\/wp\/v2\/media?parent=229150"}],"wp:term":[{"taxonomy":"product_brand","embeddable":true,"href":"https:\/\/linkxa.es\/linkshop\/wp-json\/wp\/v2\/product_brand?post=229150"},{"taxonomy":"product_cat","embeddable":true,"href":"https:\/\/linkxa.es\/linkshop\/wp-json\/wp\/v2\/product_cat?post=229150"},{"taxonomy":"product_tag","embeddable":true,"href":"https:\/\/linkxa.es\/linkshop\/wp-json\/wp\/v2\/product_tag?post=229150"}],"curies":[{"name":"wp","href":"https:\/\/api.w.org\/{rel}","templated":true}]}}