{"id":229154,"date":"2025-07-23T20:46:33","date_gmt":"2025-07-23T20:46:33","guid":{"rendered":"https:\/\/linkxa.es\/linkxadirecto\/producto\/optimizacion-de-red-para-hogar-inteligente\/"},"modified":"2026-04-07T16:29:40","modified_gmt":"2026-04-07T16:29:40","slug":"optimizacion-de-red-para-hogar-inteligente","status":"publish","type":"product","link":"https:\/\/linkxa.es\/linkshop\/producto\/optimizacion-de-red-para-hogar-inteligente\/","title":{"rendered":"Optimizaci\u00f3n de red para hogar inteligente"},"content":{"rendered":"<p>Revisi\u00f3n y ajuste de red WiFi dom\u00e9stica para compatibilidad con m\u00faltiples dispositivos smart.n\u0095 Estudio de cobertura y ubicaci\u00f3n de routern\u0095 Reconfiguraci\u00f3n de canales, nombre y contrase\u00f1asn\u0095 Asesor\u00eda para evitar interferencias y latenciasn\u0095 Revisi\u00f3n de conexi\u00f3n de dispositivos smart existentesn\u0095 Desplazamiento incluidonnRecomendado antes de incorporar varios dispositivos. Puede completarse con instalaci\u00f3n de sistema mesh o repetidores. Incluye informe t\u00e9cnico de estado y recomendaciones.<\/p>\n","protected":false},"excerpt":{"rendered":"<p>Revisi\u00f3n y ajuste de red WiFi dom\u00e9stica para compatibilidad con m\u00faltiples dispositivos smart.<\/p>\n","protected":false},"featured_media":229152,"comment_status":"closed","ping_status":"open","template":"","meta":{"_et_pb_use_builder":"","_et_pb_old_content":"","_et_gb_content_width":""},"product_brand":[4833],"product_cat":[4832,1964],"product_tag":[],"class_list":{"0":"post-229154","1":"product","2":"type-product","3":"status-publish","4":"has-post-thumbnail","6":"product_brand-linkxa-telcom","7":"product_cat-linkxa-telcom","8":"product_cat-smarthome","9":"pa_duracion-estimada-2-horas","10":"pa_modalidad-presencial","11":"pa_nivel-tecnico-avanzado","12":"pa_tipo-de-pago-pago-unico","13":"pa_unidad-de-venta-visita-tecnica","15":"first","16":"instock","17":"taxable","18":"shipping-taxable","19":"purchasable","20":"product-type-simple"},"_links":{"self":[{"href":"https:\/\/linkxa.es\/linkshop\/wp-json\/wp\/v2\/product\/229154","targetHints":{"allow":["GET"]}}],"collection":[{"href":"https:\/\/linkxa.es\/linkshop\/wp-json\/wp\/v2\/product"}],"about":[{"href":"https:\/\/linkxa.es\/linkshop\/wp-json\/wp\/v2\/types\/product"}],"replies":[{"embeddable":true,"href":"https:\/\/linkxa.es\/linkshop\/wp-json\/wp\/v2\/comments?post=229154"}],"wp:featuredmedia":[{"embeddable":true,"href":"https:\/\/linkxa.es\/linkshop\/wp-json\/wp\/v2\/media\/229152"}],"wp:attachment":[{"href":"https:\/\/linkxa.es\/linkshop\/wp-json\/wp\/v2\/media?parent=229154"}],"wp:term":[{"taxonomy":"product_brand","embeddable":true,"href":"https:\/\/linkxa.es\/linkshop\/wp-json\/wp\/v2\/product_brand?post=229154"},{"taxonomy":"product_cat","embeddable":true,"href":"https:\/\/linkxa.es\/linkshop\/wp-json\/wp\/v2\/product_cat?post=229154"},{"taxonomy":"product_tag","embeddable":true,"href":"https:\/\/linkxa.es\/linkshop\/wp-json\/wp\/v2\/product_tag?post=229154"}],"curies":[{"name":"wp","href":"https:\/\/api.w.org\/{rel}","templated":true}]}}