{"id":229159,"date":"2025-07-23T20:46:34","date_gmt":"2025-07-23T20:46:34","guid":{"rendered":"https:\/\/linkxa.es\/linkxadirecto\/producto\/formacion-microsoft-365-outlook-word-excel-teams\/"},"modified":"2026-04-07T16:29:40","modified_gmt":"2026-04-07T16:29:40","slug":"formacion-microsoft-365-outlook-word-excel-teams","status":"publish","type":"product","link":"https:\/\/linkxa.es\/linkshop\/producto\/formacion-microsoft-365-outlook-word-excel-teams\/","title":{"rendered":"Formaci\u00f3n Microsoft 365 (Outlook, Word, Excel, Teams)"},"content":{"rendered":"<p>Formaci\u00f3n online guiada para dominar las herramientas clave del entorno Microsoft 365.n\u0095 Outlook: organizaci\u00f3n y productividadn\u0095 Word: maquetaci\u00f3n eficienten\u0095 Excel: f\u00f3rmulas y automatizaci\u00f3n b\u00e1sican\u0095 Teams: reuniones, chat y organizaci\u00f3n de tareasn\u0095 Material en PDF + grabaci\u00f3n opcionalnnFormaci\u00f3n en directo o grabada (seg\u00fan preferencia del grupo). Incluye resoluci\u00f3n de dudas y material en PDF. Puede adaptarse por niveles o dividir por departamentos.<\/p>\n","protected":false},"excerpt":{"rendered":"<p>Formaci\u00f3n online guiada para dominar las herramientas clave del entorno Microsoft 365.<\/p>\n","protected":false},"featured_media":229157,"comment_status":"closed","ping_status":"open","template":"","meta":{"_et_pb_use_builder":"","_et_pb_old_content":"","_et_gb_content_width":""},"product_brand":[4833],"product_cat":[1965,4832],"product_tag":[],"class_list":{"0":"post-229159","1":"product","2":"type-product","3":"status-publish","4":"has-post-thumbnail","6":"product_brand-linkxa-telcom","7":"product_cat-formacion","8":"product_cat-linkxa-telcom","9":"pa_duracion-estimada-6-horas-2-sesiones","10":"pa_modalidad-remoto","11":"pa_nivel-tecnico-basico","12":"pa_tipo-de-pago-pago-unico","13":"pa_unidad-de-venta-pack","15":"first","16":"instock","17":"taxable","18":"shipping-taxable","19":"purchasable","20":"product-type-simple"},"_links":{"self":[{"href":"https:\/\/linkxa.es\/linkshop\/wp-json\/wp\/v2\/product\/229159","targetHints":{"allow":["GET"]}}],"collection":[{"href":"https:\/\/linkxa.es\/linkshop\/wp-json\/wp\/v2\/product"}],"about":[{"href":"https:\/\/linkxa.es\/linkshop\/wp-json\/wp\/v2\/types\/product"}],"replies":[{"embeddable":true,"href":"https:\/\/linkxa.es\/linkshop\/wp-json\/wp\/v2\/comments?post=229159"}],"wp:featuredmedia":[{"embeddable":true,"href":"https:\/\/linkxa.es\/linkshop\/wp-json\/wp\/v2\/media\/229157"}],"wp:attachment":[{"href":"https:\/\/linkxa.es\/linkshop\/wp-json\/wp\/v2\/media?parent=229159"}],"wp:term":[{"taxonomy":"product_brand","embeddable":true,"href":"https:\/\/linkxa.es\/linkshop\/wp-json\/wp\/v2\/product_brand?post=229159"},{"taxonomy":"product_cat","embeddable":true,"href":"https:\/\/linkxa.es\/linkshop\/wp-json\/wp\/v2\/product_cat?post=229159"},{"taxonomy":"product_tag","embeddable":true,"href":"https:\/\/linkxa.es\/linkshop\/wp-json\/wp\/v2\/product_tag?post=229159"}],"curies":[{"name":"wp","href":"https:\/\/api.w.org\/{rel}","templated":true}]}}