{"id":229161,"date":"2025-07-23T20:46:35","date_gmt":"2025-07-23T20:46:35","guid":{"rendered":"https:\/\/linkxa.es\/linkxadirecto\/producto\/gestion-de-paginas-web-con-wordpress-basico\/"},"modified":"2026-04-07T16:29:40","modified_gmt":"2026-04-07T16:29:40","slug":"gestion-de-paginas-web-con-wordpress-basico","status":"publish","type":"product","link":"https:\/\/linkxa.es\/linkshop\/producto\/gestion-de-paginas-web-con-wordpress-basico\/","title":{"rendered":"Gesti\u00f3n de p\u00e1ginas web con WordPress (b\u00e1sico)"},"content":{"rendered":"<p>Curso online para emprendedores o empresas que quieren autogestionar su sitio web WordPress.n\u0095 Acceso al panel y estructura de seccionesn\u0095 Edici\u00f3n de contenidos, men\u00fas y mediosn\u0095 Gesti\u00f3n de plugins y temasn\u0095 Buenas pr\u00e1cticas de seguridad y actualizacionesn\u0095 Material PDF + grabaci\u00f3n opcionalnnIdeal para aut\u00f3nomos o negocios con web activa. Puede ampliarse con m\u00f3dulos de SEO o tienda online. Incluye sesi\u00f3n interactiva y material paso a paso.<\/p>\n","protected":false},"excerpt":{"rendered":"<p>Curso online para emprendedores o empresas que quieren autogestionar su sitio web WordPress.<\/p>\n","protected":false},"featured_media":229157,"comment_status":"closed","ping_status":"open","template":"","meta":{"_et_pb_use_builder":"","_et_pb_old_content":"","_et_gb_content_width":""},"product_brand":[4833],"product_cat":[1965,4832],"product_tag":[],"class_list":{"0":"post-229161","1":"product","2":"type-product","3":"status-publish","4":"has-post-thumbnail","6":"product_brand-linkxa-telcom","7":"product_cat-formacion","8":"product_cat-linkxa-telcom","9":"pa_duracion-estimada-4-horas","10":"pa_modalidad-remoto","11":"pa_nivel-tecnico-basico","12":"pa_tipo-de-pago-pago-unico","13":"pa_unidad-de-venta-pack-formativo","15":"first","16":"instock","17":"taxable","18":"shipping-taxable","19":"purchasable","20":"product-type-simple"},"_links":{"self":[{"href":"https:\/\/linkxa.es\/linkshop\/wp-json\/wp\/v2\/product\/229161","targetHints":{"allow":["GET"]}}],"collection":[{"href":"https:\/\/linkxa.es\/linkshop\/wp-json\/wp\/v2\/product"}],"about":[{"href":"https:\/\/linkxa.es\/linkshop\/wp-json\/wp\/v2\/types\/product"}],"replies":[{"embeddable":true,"href":"https:\/\/linkxa.es\/linkshop\/wp-json\/wp\/v2\/comments?post=229161"}],"wp:featuredmedia":[{"embeddable":true,"href":"https:\/\/linkxa.es\/linkshop\/wp-json\/wp\/v2\/media\/229157"}],"wp:attachment":[{"href":"https:\/\/linkxa.es\/linkshop\/wp-json\/wp\/v2\/media?parent=229161"}],"wp:term":[{"taxonomy":"product_brand","embeddable":true,"href":"https:\/\/linkxa.es\/linkshop\/wp-json\/wp\/v2\/product_brand?post=229161"},{"taxonomy":"product_cat","embeddable":true,"href":"https:\/\/linkxa.es\/linkshop\/wp-json\/wp\/v2\/product_cat?post=229161"},{"taxonomy":"product_tag","embeddable":true,"href":"https:\/\/linkxa.es\/linkshop\/wp-json\/wp\/v2\/product_tag?post=229161"}],"curies":[{"name":"wp","href":"https:\/\/api.w.org\/{rel}","templated":true}]}}