{"id":229174,"date":"2025-07-23T20:46:40","date_gmt":"2025-07-23T20:46:40","guid":{"rendered":"https:\/\/linkxa.es\/linkxadirecto\/producto\/m2m-100mb-roaming-zona1\/"},"modified":"2026-04-07T16:29:39","modified_gmt":"2026-04-07T16:29:39","slug":"m2m-100mb-roaming-zona1","status":"publish","type":"product","link":"https:\/\/linkxa.es\/linkshop\/producto\/m2m-100mb-roaming-zona1\/","title":{"rendered":"M2M 100MB Roaming Zona1"},"content":{"rendered":"<p>Servicio M\u00f3vil ideal para usuarios que buscan una soluci\u00f3n eficiente y competitiva.nIncluye 0.1 GB de datos, 0 minutos de llamadas y una velocidad de conexi\u00f3n de hasta nan Mbps.nPromoci\u00f3n activa: M\u00e1ximo 20 activaciones\/mes de M2M y SW. Altas mediante ticket.<\/p>\n","protected":false},"excerpt":{"rendered":"<p>M2M 100MB Roaming Zona1 &#8211; M\u00f3vil con 0.1 GB, 0 min y nan Mbps.<\/p>\n","protected":false},"featured_media":229173,"comment_status":"closed","ping_status":"open","template":"","meta":{"_et_pb_use_builder":"","_et_pb_old_content":"","_et_gb_content_width":""},"product_brand":[4833],"product_cat":[4832,1971,1970],"product_tag":[],"class_list":{"0":"post-229174","1":"product","2":"type-product","3":"status-publish","4":"has-post-thumbnail","6":"product_brand-linkxa-telcom","7":"product_cat-linkxa-telcom","8":"product_cat-movil-particulares-tarifas-movil","9":"product_cat-tarifas-movil","10":"pa_compatibilidades-sin-permanencia-en-baja-para-portabilidad-son-12-meses","11":"pa_promocion-maximo-20-activaciones-mes-de-m2m-y-sw-altas-mediante-ticket","13":"first","14":"instock","15":"taxable","16":"shipping-taxable","17":"purchasable","18":"product-type-simple"},"_links":{"self":[{"href":"https:\/\/linkxa.es\/linkshop\/wp-json\/wp\/v2\/product\/229174","targetHints":{"allow":["GET"]}}],"collection":[{"href":"https:\/\/linkxa.es\/linkshop\/wp-json\/wp\/v2\/product"}],"about":[{"href":"https:\/\/linkxa.es\/linkshop\/wp-json\/wp\/v2\/types\/product"}],"replies":[{"embeddable":true,"href":"https:\/\/linkxa.es\/linkshop\/wp-json\/wp\/v2\/comments?post=229174"}],"wp:featuredmedia":[{"embeddable":true,"href":"https:\/\/linkxa.es\/linkshop\/wp-json\/wp\/v2\/media\/229173"}],"wp:attachment":[{"href":"https:\/\/linkxa.es\/linkshop\/wp-json\/wp\/v2\/media?parent=229174"}],"wp:term":[{"taxonomy":"product_brand","embeddable":true,"href":"https:\/\/linkxa.es\/linkshop\/wp-json\/wp\/v2\/product_brand?post=229174"},{"taxonomy":"product_cat","embeddable":true,"href":"https:\/\/linkxa.es\/linkshop\/wp-json\/wp\/v2\/product_cat?post=229174"},{"taxonomy":"product_tag","embeddable":true,"href":"https:\/\/linkxa.es\/linkshop\/wp-json\/wp\/v2\/product_tag?post=229174"}],"curies":[{"name":"wp","href":"https:\/\/api.w.org\/{rel}","templated":true}]}}