{"id":229178,"date":"2025-07-23T20:46:40","date_gmt":"2025-07-23T20:46:40","guid":{"rendered":"https:\/\/linkxa.es\/linkxadirecto\/producto\/movil-60-gb-ilimitadas\/"},"modified":"2026-04-07T16:29:39","modified_gmt":"2026-04-07T16:29:39","slug":"movil-60-gb-ilimitadas","status":"publish","type":"product","link":"https:\/\/linkxa.es\/linkshop\/producto\/movil-60-gb-ilimitadas\/","title":{"rendered":"M\u00f3vil 60 GB Ilimitadas"},"content":{"rendered":"<p><strong>M\u00f3vil 60 GB Ilimitadas<\/strong> de Linkxa: 60\u202fGB de datos m\u00f3viles a m\u00e1xima velocidad y llamadas ilimitadas a cualquier n\u00famero nacional. Dise\u00f1ada para quienes se mueven, trabajan y se comunican cada d\u00eda sin restricciones.<\/p>\n<p><strong>Incluye:<\/strong><\/p>\n<ul>\n<li>\ud83d\udcf6 <strong>60\u202fGB de datos m\u00f3viles<\/strong> en alta velocidad (4G\/5G seg\u00fan cobertura)<\/li>\n<li>\ud83d\udcde <strong>Llamadas nacionales ilimitadas<\/strong><\/li>\n<li>\ud83d\udce1 Cobertura nacional con red de primer nivel<\/li>\n<li>\ud83d\udd01 <strong>Datos acumulables<\/strong> (si aplica en tu modalidad)<\/li>\n<li>\u2705 Sin permanencia ni compromiso<\/li>\n<\/ul>\n<p><em>Con\u00e9ctate con libertad, sin preocupaciones y con la calidad de siempre.<\/em><br \/><strong>Tu m\u00f3vil, tu ritmo.<\/strong><\/p>\n","protected":false},"excerpt":{"rendered":"<p>Tarifa m\u00f3vil con 60 GB y llamadas ilimitadas. Ideal para quienes lo quieren todo sin preocuparse por los l\u00edmites.<\/p>\n","protected":false},"featured_media":229179,"comment_status":"open","ping_status":"closed","template":"","meta":{"_et_pb_use_builder":"on","_et_pb_old_content":"<p><strong>M\u00f3vil 60 GB Ilimitadas<\/strong> de Linkxa: 60\u202fGB de datos m\u00f3viles a m\u00e1xima velocidad y llamadas ilimitadas a cualquier n\u00famero nacional. Dise\u00f1ada para quienes se mueven, trabajan y se comunican cada d\u00eda sin restricciones.<\/p>\r\n\r\n<p><strong>Incluye:<\/strong><\/p>\r\n<ul>\r\n  <li>\ud83d\udcf6 <strong>60\u202fGB de datos m\u00f3viles<\/strong> en alta velocidad (4G\/5G seg\u00fan cobertura)<\/li>\r\n  <li>\ud83d\udcde <strong>Llamadas nacionales ilimitadas<\/strong><\/li>\r\n  <li>\ud83d\udce1 Cobertura nacional con red de primer nivel<\/li>\r\n  <li>\ud83d\udd01 <strong>Datos acumulables<\/strong> (si aplica en tu modalidad)<\/li>\r\n  <li>\u2705 Sin permanencia ni compromiso<\/li>\r\n<\/ul>\r\n\r\n<p><em>Con\u00e9ctate con libertad, sin preocupaciones y con la calidad de siempre.<\/em><br><strong>Tu m\u00f3vil, tu ritmo.<\/strong><\/p>\r\n","_et_gb_content_width":""},"product_brand":[4833],"product_cat":[1972,4832],"product_tag":[1768,1439,1448,1767],"class_list":{"0":"post-229178","1":"product","2":"type-product","3":"status-publish","4":"has-post-thumbnail","6":"product_brand-linkxa-telcom","7":"product_cat-linkxa-movil","8":"product_cat-linkxa-telcom","9":"product_tag-ilimitadas","10":"product_tag-linkxa","11":"product_tag-movil","12":"product_tag-tarifa-25gb","13":"pa_compatibilidades-sin-permanencia","14":"pa_promocion-tarifa-de-12gb-bono-10gb-para-siempre-publicitar-como-20gb","16":"first","17":"instock","18":"virtual","19":"taxable","20":"purchasable","21":"product-type-subscription"},"_links":{"self":[{"href":"https:\/\/linkxa.es\/linkshop\/wp-json\/wp\/v2\/product\/229178","targetHints":{"allow":["GET"]}}],"collection":[{"href":"https:\/\/linkxa.es\/linkshop\/wp-json\/wp\/v2\/product"}],"about":[{"href":"https:\/\/linkxa.es\/linkshop\/wp-json\/wp\/v2\/types\/product"}],"replies":[{"embeddable":true,"href":"https:\/\/linkxa.es\/linkshop\/wp-json\/wp\/v2\/comments?post=229178"}],"wp:featuredmedia":[{"embeddable":true,"href":"https:\/\/linkxa.es\/linkshop\/wp-json\/wp\/v2\/media\/229179"}],"wp:attachment":[{"href":"https:\/\/linkxa.es\/linkshop\/wp-json\/wp\/v2\/media?parent=229178"}],"wp:term":[{"taxonomy":"product_brand","embeddable":true,"href":"https:\/\/linkxa.es\/linkshop\/wp-json\/wp\/v2\/product_brand?post=229178"},{"taxonomy":"product_cat","embeddable":true,"href":"https:\/\/linkxa.es\/linkshop\/wp-json\/wp\/v2\/product_cat?post=229178"},{"taxonomy":"product_tag","embeddable":true,"href":"https:\/\/linkxa.es\/linkshop\/wp-json\/wp\/v2\/product_tag?post=229178"}],"curies":[{"name":"wp","href":"https:\/\/api.w.org\/{rel}","templated":true}]}}