{"id":229195,"date":"2025-07-23T20:46:46","date_gmt":"2025-07-23T20:46:46","guid":{"rendered":"https:\/\/linkxa.es\/linkxadirecto\/producto\/fibra-directa-600-megas\/"},"modified":"2026-04-07T16:29:38","modified_gmt":"2026-04-07T16:29:38","slug":"fibra-directa-600-megas","status":"publish","type":"product","link":"https:\/\/linkxa.es\/linkshop\/producto\/fibra-directa-600-megas\/","title":{"rendered":"Fibra Directa 600 Megas"},"content":{"rendered":"<p data-start=\"131\" data-end=\"158\"><strong data-start=\"131\" data-end=\"158\">Fibra Directa 600 Megas<\/strong><\/p>\n<p data-start=\"160\" data-end=\"404\">Nuestra Fibra Directa 600 Megas te ofrece una conexi\u00f3n sim\u00e9trica de alta calidad (600 Mbps de bajada y subida) con acceso directo a red propia, lo que se traduce en menor latencia, mayor estabilidad y velocidad constante incluso en horas punta.<\/p>\n<p data-start=\"406\" data-end=\"599\">Una opci\u00f3n equilibrada y potente para quienes necesitan rendimiento diario sin complicaciones: teletrabajo, juegos online, plataformas de streaming en HD\/4K o m\u00faltiples dispositivos conectados.<\/p>\n<p data-start=\"601\" data-end=\"609\">Incluye:<\/p>\n<ul data-start=\"610\" data-end=\"925\">\n<li data-start=\"610\" data-end=\"664\">\n<p data-start=\"612\" data-end=\"664\">\u26a1 Fibra sim\u00e9trica real: 600 Mbps de bajada y subida.<\/p>\n<\/li>\n<li data-start=\"665\" data-end=\"723\">\n<p data-start=\"667\" data-end=\"723\">\ud83d\udee3\ufe0f Red directa: sin saturaciones ni cuellos de botella.<\/p>\n<\/li>\n<li data-start=\"724\" data-end=\"774\">\n<p data-start=\"726\" data-end=\"774\">\ud83d\ude80 Instalaci\u00f3n r\u00e1pida por t\u00e9cnicos certificados.<\/p>\n<\/li>\n<li data-start=\"775\" data-end=\"828\">\n<p data-start=\"777\" data-end=\"828\">\ud83d\udcf6 Router avanzado incluido (en r\u00e9gimen de cesi\u00f3n).<\/p>\n<\/li>\n<li data-start=\"829\" data-end=\"875\">\n<p data-start=\"831\" data-end=\"875\">\ud83d\udece\ufe0f Soporte t\u00e9cnico 24\/7 con atenci\u00f3n local.<\/p>\n<\/li>\n<li data-start=\"876\" data-end=\"925\">\n<p data-start=\"878\" data-end=\"925\">\ud83d\udd13 Sin permanencia, si se abona la instalaci\u00f3n.<\/p>\n<\/li>\n<\/ul>\n<p data-start=\"927\" data-end=\"1003\">Perfecta para clientes que priorizan calidad y estabilidad sin pagar de m\u00e1s.<\/p>\n<p data-start=\"1005\" data-end=\"1037\"><strong data-start=\"1005\" data-end=\"1037\">Conecta tu mundo con Linkxa.<\/strong><\/p>\n","protected":false},"excerpt":{"rendered":"<p>Fibra sim\u00e9trica de 600?Mbps sobre red directa. Conexi\u00f3n estable, r\u00e1pida y sin saturaciones. Ideal para hogares digitales, trabajo remoto y streaming en alta definici\u00f3n.<\/p>\n","protected":false},"featured_media":229196,"comment_status":"open","ping_status":"closed","template":"","meta":{"_et_pb_use_builder":"","_et_pb_old_content":"","_et_gb_content_width":""},"product_brand":[4833],"product_cat":[1981,4832],"product_tag":[1764,1762,1916,1439],"class_list":{"0":"post-229195","1":"product","2":"type-product","3":"status-publish","4":"has-post-thumbnail","6":"product_brand-linkxa-telcom","7":"product_cat-fibra-optica","8":"product_cat-linkxa-telcom","9":"product_tag-conexion-estable","10":"product_tag-fibra-directa","11":"product_tag-internet-600-megas","12":"product_tag-linkxa","13":"pa_compatibilidades-coste-instalacion-190-iva-o-gratis-si-permance-12-meses","15":"first","16":"instock","17":"virtual","18":"taxable","19":"purchasable","20":"product-type-subscription"},"_links":{"self":[{"href":"https:\/\/linkxa.es\/linkshop\/wp-json\/wp\/v2\/product\/229195","targetHints":{"allow":["GET"]}}],"collection":[{"href":"https:\/\/linkxa.es\/linkshop\/wp-json\/wp\/v2\/product"}],"about":[{"href":"https:\/\/linkxa.es\/linkshop\/wp-json\/wp\/v2\/types\/product"}],"replies":[{"embeddable":true,"href":"https:\/\/linkxa.es\/linkshop\/wp-json\/wp\/v2\/comments?post=229195"}],"wp:featuredmedia":[{"embeddable":true,"href":"https:\/\/linkxa.es\/linkshop\/wp-json\/wp\/v2\/media\/229196"}],"wp:attachment":[{"href":"https:\/\/linkxa.es\/linkshop\/wp-json\/wp\/v2\/media?parent=229195"}],"wp:term":[{"taxonomy":"product_brand","embeddable":true,"href":"https:\/\/linkxa.es\/linkshop\/wp-json\/wp\/v2\/product_brand?post=229195"},{"taxonomy":"product_cat","embeddable":true,"href":"https:\/\/linkxa.es\/linkshop\/wp-json\/wp\/v2\/product_cat?post=229195"},{"taxonomy":"product_tag","embeddable":true,"href":"https:\/\/linkxa.es\/linkshop\/wp-json\/wp\/v2\/product_tag?post=229195"}],"curies":[{"name":"wp","href":"https:\/\/api.w.org\/{rel}","templated":true}]}}