{"id":229197,"date":"2025-07-23T20:46:46","date_gmt":"2025-07-23T20:46:46","guid":{"rendered":"https:\/\/linkxa.es\/linkxadirecto\/producto\/fibra-1-giga\/"},"modified":"2026-04-07T16:29:38","modified_gmt":"2026-04-07T16:29:38","slug":"fibra-1-giga","status":"publish","type":"product","link":"https:\/\/linkxa.es\/linkshop\/producto\/fibra-1-giga\/","title":{"rendered":"Fibra 1 Gbps"},"content":{"rendered":"<p data-start=\"0\" data-end=\"25\"><strong data-start=\"0\" data-end=\"23\">Linkxa Fibra 1 Gbps<\/strong><\/p>\n<p data-start=\"27\" data-end=\"242\">Disfruta de una conexi\u00f3n de \u00faltima generaci\u00f3n con fibra \u00f3ptica sim\u00e9trica de 1 Gbps, dise\u00f1ada para ofrecer el m\u00e1ximo rendimiento en todas tus actividades digitales. Con velocidades de subida y bajada iguales, podr\u00e1s:<\/p>\n<ul data-start=\"244\" data-end=\"636\">\n<li data-start=\"244\" data-end=\"362\">\n<p data-start=\"246\" data-end=\"362\"><strong data-start=\"246\" data-end=\"281\">Teletrabajar sin interrupciones<\/strong>: videoconferencias en alta definici\u00f3n y carga de archivos pesados en segundos.<\/p>\n<\/li>\n<li data-start=\"363\" data-end=\"487\">\n<p data-start=\"365\" data-end=\"487\"><strong data-start=\"365\" data-end=\"400\">Streaming en 4K y gaming online<\/strong>: sin cortes, sin latencia y con la calidad que exigen las plataformas m\u00e1s exigentes.<\/p>\n<\/li>\n<li data-start=\"488\" data-end=\"636\">\n<p data-start=\"490\" data-end=\"636\"><strong data-start=\"490\" data-end=\"525\">Conectar m\u00faltiples dispositivos<\/strong>: smartphones, tablets, ordenadores, consolas y dom\u00f3tica funcionan simult\u00e1neamente al m\u00e1ximo de su capacidad.<\/p>\n<\/li>\n<\/ul>\n<p data-start=\"638\" data-end=\"646\">Incluye:<\/p>\n<ul data-start=\"648\" data-end=\"900\">\n<li data-start=\"648\" data-end=\"699\">\n<p data-start=\"650\" data-end=\"699\">Instalaci\u00f3n profesional con equipo certificado.<\/p>\n<\/li>\n<li data-start=\"700\" data-end=\"748\">\n<p data-start=\"702\" data-end=\"748\">Soporte t\u00e9cnico 24\/7 con acceso prioritario.<\/p>\n<\/li>\n<li data-start=\"749\" data-end=\"827\">\n<p data-start=\"751\" data-end=\"827\">Permanencia est\u00e1ndar (exenci\u00f3n de permanencia si se abona la instalaci\u00f3n).<\/p>\n<\/li>\n<li data-start=\"828\" data-end=\"900\">\n<p data-start=\"830\" data-end=\"900\">Gesti\u00f3n de red inteligente para optimizar el tr\u00e1fico en horas punta.<\/p>\n<\/li>\n<\/ul>\n<p data-start=\"902\" data-end=\"1081\" data-is-last-node=\"\" data-is-only-node=\"\">Una experiencia de navegaci\u00f3n inigualable, pensada para usuarios y hogares que no se conforman con menos. Con Linkxa Fibra 1 Gbps, el futuro de la conectividad ya est\u00e1 en tu casa.<\/p>\n","protected":false},"excerpt":{"rendered":"<p><strong data-start=\"0\" data-end=\"23\" data-is-only-node=\"\">Linkxa Fibra 1 Gbps<\/strong><br data-start=\"23\" data-end=\"26\" \/>Conexi\u00f3n ultra r\u00e1pida y sim\u00e9trica de 1 Gbps para teletrabajo, streaming 4K y gaming sin cortes. Incluye instalaci\u00f3n profesional, soporte 24\/7 y permanencia opcional al abonar la instalaci\u00f3n.<\/p>\n","protected":false},"featured_media":229196,"comment_status":"open","ping_status":"closed","template":"","meta":{"_et_pb_use_builder":"","_et_pb_old_content":"","_et_gb_content_width":""},"product_brand":[4833],"product_cat":[1981,4832],"product_tag":[1761,1759,1760,1439],"class_list":{"0":"post-229197","1":"product","2":"type-product","3":"status-publish","4":"has-post-thumbnail","6":"product_brand-linkxa-telcom","7":"product_cat-fibra-optica","8":"product_cat-linkxa-telcom","9":"product_tag-1-gbps","10":"product_tag-fibra-optica","11":"product_tag-internet-simetrico","12":"product_tag-linkxa","13":"pa_compatibilidades-coste-instalacion-190-iva-o-gratis-si-permance-12-meses","15":"first","16":"instock","17":"virtual","18":"taxable","19":"purchasable","20":"product-type-subscription"},"_links":{"self":[{"href":"https:\/\/linkxa.es\/linkshop\/wp-json\/wp\/v2\/product\/229197","targetHints":{"allow":["GET"]}}],"collection":[{"href":"https:\/\/linkxa.es\/linkshop\/wp-json\/wp\/v2\/product"}],"about":[{"href":"https:\/\/linkxa.es\/linkshop\/wp-json\/wp\/v2\/types\/product"}],"replies":[{"embeddable":true,"href":"https:\/\/linkxa.es\/linkshop\/wp-json\/wp\/v2\/comments?post=229197"}],"wp:featuredmedia":[{"embeddable":true,"href":"https:\/\/linkxa.es\/linkshop\/wp-json\/wp\/v2\/media\/229196"}],"wp:attachment":[{"href":"https:\/\/linkxa.es\/linkshop\/wp-json\/wp\/v2\/media?parent=229197"}],"wp:term":[{"taxonomy":"product_brand","embeddable":true,"href":"https:\/\/linkxa.es\/linkshop\/wp-json\/wp\/v2\/product_brand?post=229197"},{"taxonomy":"product_cat","embeddable":true,"href":"https:\/\/linkxa.es\/linkshop\/wp-json\/wp\/v2\/product_cat?post=229197"},{"taxonomy":"product_tag","embeddable":true,"href":"https:\/\/linkxa.es\/linkshop\/wp-json\/wp\/v2\/product_tag?post=229197"}],"curies":[{"name":"wp","href":"https:\/\/api.w.org\/{rel}","templated":true}]}}