{"id":229217,"date":"2025-07-23T20:46:52","date_gmt":"2025-07-23T20:46:52","guid":{"rendered":"https:\/\/linkxa.es\/linkxadirecto\/producto\/linkxa-media-cine\/"},"modified":"2026-04-07T16:29:37","modified_gmt":"2026-04-07T16:29:37","slug":"linkxa-media-cine","status":"publish","type":"product","link":"https:\/\/linkxa.es\/linkshop\/producto\/linkxa-media-cine\/","title":{"rendered":"Linkxa +Media Cine"},"content":{"rendered":"<p data-start=\"186\" data-end=\"208\"><strong data-start=\"186\" data-end=\"208\">Linkxa +Media Cine<\/strong><\/p>\n<p data-start=\"210\" data-end=\"410\">Linkxa +Media Cine te ofrece una experiencia audiovisual completa con 179 canales, combinando toda la oferta TDT nacional con una cuidada selecci\u00f3n de canales tem\u00e1ticos centrados en el mundo del cine.<\/p>\n<p data-start=\"412\" data-end=\"617\">Accede a pel\u00edculas de todos los g\u00e9neros, cl\u00e1sicos, estrenos recientes y ciclos especiales de cine nacional e internacional. Ideal para los amantes del s\u00e9ptimo arte que buscan variedad, calidad y comodidad.<\/p>\n<p data-start=\"619\" data-end=\"627\">Incluye:<\/p>\n<ul data-start=\"628\" data-end=\"947\">\n<li data-start=\"628\" data-end=\"670\">\n<p data-start=\"630\" data-end=\"670\">\ud83c\udfac 179 canales (TDT + tem\u00e1ticos de cine)<\/p>\n<\/li>\n<li data-start=\"671\" data-end=\"771\">\n<p data-start=\"673\" data-end=\"771\">\ud83c\udf7f Pel\u00edculas para todos los gustos: acci\u00f3n, comedia, drama, suspense, cine espa\u00f1ol, infantil y m\u00e1s<\/p>\n<\/li>\n<li data-start=\"772\" data-end=\"829\">\n<p data-start=\"774\" data-end=\"829\">\ud83d\udcfa Emisi\u00f3n continua 24\/7 con actualizaciones peri\u00f3dicas<\/p>\n<\/li>\n<li data-start=\"830\" data-end=\"892\">\n<p data-start=\"832\" data-end=\"892\">\ud83d\udce6 Compatible con nuestros decodificadores y servicios de TV<\/p>\n<\/li>\n<li data-start=\"893\" data-end=\"947\">\n<p data-start=\"895\" data-end=\"947\">\ud83c\udfe0 Perfecto para hogares que disfrutan del buen cine<\/p>\n<\/li>\n<\/ul>\n<p data-start=\"949\" data-end=\"1027\">Convi\u00e9rtete en espectador VIP desde tu sal\u00f3n.<br data-start=\"994\" data-end=\"997\" \/>El cine vive en Linkxa +Media.<\/p>\n","protected":false},"excerpt":{"rendered":"<p>Disfruta de 179 canales con contenidos TDT y tem\u00e1ticos de cine. Una experiencia cinematogr\u00e1fica sin salir de casa.<\/p>\n","protected":false},"featured_media":229218,"comment_status":"open","ping_status":"closed","template":"","meta":{"_et_pb_use_builder":"","_et_pb_old_content":"","_et_gb_content_width":""},"product_brand":[4833],"product_cat":[1997,1998,4832],"product_tag":[1776,1499,1778,1777,1502,1775],"class_list":{"0":"post-229217","1":"product","2":"type-product","3":"status-publish","4":"has-post-thumbnail","6":"product_brand-linkxa-telcom","7":"product_cat-linkxa-masmedia","8":"product_cat-linkxa-media-tv-cine","9":"product_cat-linkxa-telcom","10":"product_tag-canales","11":"product_tag-cine","12":"product_tag-linkxa-media","13":"product_tag-media-premium","14":"product_tag-peliculas","15":"product_tag-tv","16":"pa_caracteristicas-cine-peliculas-acontraplus-svod-entretenimiento","18":"first","19":"instock","20":"virtual","21":"taxable","22":"purchasable","23":"product-type-subscription"},"_links":{"self":[{"href":"https:\/\/linkxa.es\/linkshop\/wp-json\/wp\/v2\/product\/229217","targetHints":{"allow":["GET"]}}],"collection":[{"href":"https:\/\/linkxa.es\/linkshop\/wp-json\/wp\/v2\/product"}],"about":[{"href":"https:\/\/linkxa.es\/linkshop\/wp-json\/wp\/v2\/types\/product"}],"replies":[{"embeddable":true,"href":"https:\/\/linkxa.es\/linkshop\/wp-json\/wp\/v2\/comments?post=229217"}],"wp:featuredmedia":[{"embeddable":true,"href":"https:\/\/linkxa.es\/linkshop\/wp-json\/wp\/v2\/media\/229218"}],"wp:attachment":[{"href":"https:\/\/linkxa.es\/linkshop\/wp-json\/wp\/v2\/media?parent=229217"}],"wp:term":[{"taxonomy":"product_brand","embeddable":true,"href":"https:\/\/linkxa.es\/linkshop\/wp-json\/wp\/v2\/product_brand?post=229217"},{"taxonomy":"product_cat","embeddable":true,"href":"https:\/\/linkxa.es\/linkshop\/wp-json\/wp\/v2\/product_cat?post=229217"},{"taxonomy":"product_tag","embeddable":true,"href":"https:\/\/linkxa.es\/linkshop\/wp-json\/wp\/v2\/product_tag?post=229217"}],"curies":[{"name":"wp","href":"https:\/\/api.w.org\/{rel}","templated":true}]}}