{"id":229219,"date":"2025-07-23T20:46:52","date_gmt":"2025-07-23T20:46:52","guid":{"rendered":"https:\/\/linkxa.es\/linkxadirecto\/producto\/linkxa-media-deportes\/"},"modified":"2026-04-07T16:29:37","modified_gmt":"2026-04-07T16:29:37","slug":"linkxa-media-deportes","status":"publish","type":"product","link":"https:\/\/linkxa.es\/linkshop\/producto\/linkxa-media-deportes\/","title":{"rendered":"Linkxa +Media Deportes"},"content":{"rendered":"<p data-start=\"133\" data-end=\"159\"><strong data-start=\"133\" data-end=\"159\">Linkxa +Media Deportes<\/strong><\/p>\n<p data-start=\"161\" data-end=\"445\">Linkxa +Media Deportes es la opci\u00f3n ideal para los verdaderos apasionados del deporte. Con 179 canales, este paquete incluye todos los canales TDT junto a una selecci\u00f3n exclusiva de canales tem\u00e1ticos deportivos que cubren f\u00fatbol, motor, tenis, ciclismo, deportes extremos y mucho m\u00e1s.<\/p>\n<p data-start=\"447\" data-end=\"586\">Sigue ligas nacionales e internacionales, competiciones en directo, an\u00e1lisis, documentales deportivos y contenido especializado desde casa.<\/p>\n<p data-start=\"588\" data-end=\"596\">Incluye:<\/p>\n<ul data-start=\"597\" data-end=\"898\">\n<li data-start=\"597\" data-end=\"642\">\n<p data-start=\"599\" data-end=\"642\">\ud83c\udfc6 179 canales (TDT + tem\u00e1ticos deportivos)<\/p>\n<\/li>\n<li data-start=\"643\" data-end=\"725\">\n<p data-start=\"645\" data-end=\"725\">\u26bd Programaci\u00f3n de f\u00fatbol, motor, tenis, ciclismo, lucha, deportes extremos y m\u00e1s<\/p>\n<\/li>\n<li data-start=\"726\" data-end=\"788\">\n<p data-start=\"728\" data-end=\"788\">\ud83d\udcfa Emisi\u00f3n continua con eventos nacionales e internacionales<\/p>\n<\/li>\n<li data-start=\"789\" data-end=\"853\">\n<p data-start=\"791\" data-end=\"853\">\ud83d\udce6 Compatible con nuestros decodificadores y plataformas de TV<\/p>\n<\/li>\n<li data-start=\"854\" data-end=\"898\">\n<p data-start=\"856\" data-end=\"898\">\ud83c\udfe0 Ideal para hogares con pasi\u00f3n deportiva<\/p>\n<\/li>\n<\/ul>\n<p data-start=\"900\" data-end=\"978\">No te pierdas ni un partido.<br data-start=\"928\" data-end=\"931\" \/>Linkxa +Media te lo trae todo, sin permanencia.<\/p>\n","protected":false},"excerpt":{"rendered":"<p>179 canales con contenido TDT y tem\u00e1ticos deportivos. Vive la emoci\u00f3n del deporte las 24?horas.<\/p>\n","protected":false},"featured_media":229220,"comment_status":"open","ping_status":"closed","template":"","meta":{"_et_pb_use_builder":"","_et_pb_old_content":"","_et_gb_content_width":""},"product_brand":[4833],"product_cat":[1997,2000,4832],"product_tag":[1776,1500,1506,1778,1777,1779,1775],"class_list":{"0":"post-229219","1":"product","2":"type-product","3":"status-publish","4":"has-post-thumbnail","6":"product_brand-linkxa-telcom","7":"product_cat-linkxa-masmedia","8":"product_cat-linkxa-media-deportes","9":"product_cat-linkxa-telcom","10":"product_tag-canales","11":"product_tag-deportes","12":"product_tag-futbol","13":"product_tag-linkxa-media","14":"product_tag-media-premium","15":"product_tag-motor","16":"product_tag-tv","17":"pa_caracteristicas-deporte-futbol-tv-a-la-carta-svod-ligas","19":"first","20":"instock","21":"virtual","22":"taxable","23":"purchasable","24":"product-type-subscription"},"_links":{"self":[{"href":"https:\/\/linkxa.es\/linkshop\/wp-json\/wp\/v2\/product\/229219","targetHints":{"allow":["GET"]}}],"collection":[{"href":"https:\/\/linkxa.es\/linkshop\/wp-json\/wp\/v2\/product"}],"about":[{"href":"https:\/\/linkxa.es\/linkshop\/wp-json\/wp\/v2\/types\/product"}],"replies":[{"embeddable":true,"href":"https:\/\/linkxa.es\/linkshop\/wp-json\/wp\/v2\/comments?post=229219"}],"wp:featuredmedia":[{"embeddable":true,"href":"https:\/\/linkxa.es\/linkshop\/wp-json\/wp\/v2\/media\/229220"}],"wp:attachment":[{"href":"https:\/\/linkxa.es\/linkshop\/wp-json\/wp\/v2\/media?parent=229219"}],"wp:term":[{"taxonomy":"product_brand","embeddable":true,"href":"https:\/\/linkxa.es\/linkshop\/wp-json\/wp\/v2\/product_brand?post=229219"},{"taxonomy":"product_cat","embeddable":true,"href":"https:\/\/linkxa.es\/linkshop\/wp-json\/wp\/v2\/product_cat?post=229219"},{"taxonomy":"product_tag","embeddable":true,"href":"https:\/\/linkxa.es\/linkshop\/wp-json\/wp\/v2\/product_tag?post=229219"}],"curies":[{"name":"wp","href":"https:\/\/api.w.org\/{rel}","templated":true}]}}