{"id":229231,"date":"2025-07-23T20:46:55","date_gmt":"2025-07-23T20:46:55","guid":{"rendered":"https:\/\/linkxa.es\/linkxadirecto\/producto\/linkxa-media-pride-svod\/"},"modified":"2026-04-07T16:29:36","modified_gmt":"2026-04-07T16:29:36","slug":"linkxa-media-pride-svod","status":"publish","type":"product","link":"https:\/\/linkxa.es\/linkshop\/producto\/linkxa-media-pride-svod\/","title":{"rendered":"Linkxa +Media Pride SVOD"},"content":{"rendered":"<p data-start=\"188\" data-end=\"216\"><strong data-start=\"188\" data-end=\"216\">Linkxa +Media Pride SVOD<\/strong><\/p>\n<p data-start=\"218\" data-end=\"571\">Linkxa +Media Pride SVOD es un espacio audiovisual creado para la visibilidad, la expresi\u00f3n y el entretenimiento de la comunidad LGTB+. A trav\u00e9s de contenido bajo demanda, este canal celebra la diversidad con una selecci\u00f3n vibrante de cine, series, documentales y programas que representan historias reales, personajes aut\u00e9nticos y mensajes de libertad.<\/p>\n<p data-start=\"573\" data-end=\"673\">Una ventana libre y colorida para quienes creen en el respeto, la identidad y el amor sin etiquetas.<\/p>\n<p data-start=\"675\" data-end=\"683\">Incluye:<\/p>\n<ul data-start=\"684\" data-end=\"957\">\n<li data-start=\"684\" data-end=\"729\">\n<p data-start=\"686\" data-end=\"729\">\ud83c\udff3\ufe0f\u200d\ud83c\udf08 Pel\u00edculas y series con enfoque LGTB+<\/p>\n<\/li>\n<li data-start=\"730\" data-end=\"802\">\n<p data-start=\"732\" data-end=\"802\">\ud83c\udfa5 Documentales y programas sobre diversidad, historia y cultura queer<\/p>\n<\/li>\n<li data-start=\"803\" data-end=\"856\">\n<p data-start=\"805\" data-end=\"856\">\ud83d\udcfa Acceso bajo demanda: t\u00fa decides qu\u00e9 ver y cu\u00e1ndo<\/p>\n<\/li>\n<li data-start=\"857\" data-end=\"900\">\n<p data-start=\"859\" data-end=\"900\">\ud83e\udef6 Espacio seguro, respetuoso e inclusivo<\/p>\n<\/li>\n<li data-start=\"901\" data-end=\"957\">\n<p data-start=\"903\" data-end=\"957\">\ud83c\udd93 Sin permanencia, disponible para todos los p\u00fablicos<\/p>\n<\/li>\n<\/ul>\n<p data-start=\"959\" data-end=\"1058\">\u00danete al canal que celebra el orgullo.<br data-start=\"997\" data-end=\"1000\" \/>Con Linkxa +Media Pride SVOD, la pantalla tambi\u00e9n es tuya.<\/p>\n","protected":false},"excerpt":{"rendered":"<p>Canal SVOD con contenido LGTB+. Cine, series, documentales y m\u00e1s para celebrar la diversidad y el orgullo.<\/p>\n","protected":false},"featured_media":229232,"comment_status":"closed","ping_status":"closed","template":"","meta":{"_et_pb_use_builder":"","_et_pb_old_content":"","_et_gb_content_width":""},"product_brand":[4833],"product_cat":[1997,2011,4832],"product_tag":[1797,1796,1798,1795,1778,1794,1501],"class_list":{"0":"post-229231","1":"product","2":"type-product","3":"status-publish","4":"has-post-thumbnail","6":"product_brand-linkxa-telcom","7":"product_cat-linkxa-masmedia","8":"product_cat-linkxa-media-svod-adultos","9":"product_cat-linkxa-telcom","10":"product_tag-contenido-queer","11":"product_tag-diversidad","12":"product_tag-inclusion","13":"product_tag-lgtb","14":"product_tag-linkxa-media","15":"product_tag-pride","16":"product_tag-svod","17":"pa_caracteristicas-cine-gay-pride-svod-adultos","19":"first","20":"instock","21":"virtual","22":"taxable","23":"purchasable","24":"product-type-subscription"},"_links":{"self":[{"href":"https:\/\/linkxa.es\/linkshop\/wp-json\/wp\/v2\/product\/229231","targetHints":{"allow":["GET"]}}],"collection":[{"href":"https:\/\/linkxa.es\/linkshop\/wp-json\/wp\/v2\/product"}],"about":[{"href":"https:\/\/linkxa.es\/linkshop\/wp-json\/wp\/v2\/types\/product"}],"replies":[{"embeddable":true,"href":"https:\/\/linkxa.es\/linkshop\/wp-json\/wp\/v2\/comments?post=229231"}],"wp:featuredmedia":[{"embeddable":true,"href":"https:\/\/linkxa.es\/linkshop\/wp-json\/wp\/v2\/media\/229232"}],"wp:attachment":[{"href":"https:\/\/linkxa.es\/linkshop\/wp-json\/wp\/v2\/media?parent=229231"}],"wp:term":[{"taxonomy":"product_brand","embeddable":true,"href":"https:\/\/linkxa.es\/linkshop\/wp-json\/wp\/v2\/product_brand?post=229231"},{"taxonomy":"product_cat","embeddable":true,"href":"https:\/\/linkxa.es\/linkshop\/wp-json\/wp\/v2\/product_cat?post=229231"},{"taxonomy":"product_tag","embeddable":true,"href":"https:\/\/linkxa.es\/linkshop\/wp-json\/wp\/v2\/product_tag?post=229231"}],"curies":[{"name":"wp","href":"https:\/\/api.w.org\/{rel}","templated":true}]}}