{"id":229511,"date":"2025-07-23T20:48:45","date_gmt":"2025-07-23T20:48:45","guid":{"rendered":"https:\/\/linkxa.es\/linkxadirecto\/producto\/linkxa-media-basico\/"},"modified":"2026-04-23T12:46:29","modified_gmt":"2026-04-23T12:46:29","slug":"linkxa-media-basico","status":"publish","type":"product","link":"https:\/\/linkxa.es\/linkshop\/producto\/linkxa-media-basico\/","title":{"rendered":"Linkxa +Media B\u00e1sico"},"content":{"rendered":"<p data-start=\"133\" data-end=\"157\"><strong data-start=\"133\" data-end=\"157\">Linkxa +Media B\u00e1sico<\/strong><\/p>\n<p data-start=\"159\" data-end=\"338\">Con Linkxa +Media B\u00e1sico accede a una completa selecci\u00f3n de m\u00e1s de 150 canales, incluyendo todos los canales TDT y una cuidada variedad de canales tem\u00e1ticos para todos los gustos.<\/p>\n<p data-start=\"340\" data-end=\"496\">Una opci\u00f3n perfecta para quienes buscan televisi\u00f3n de calidad sin complicaciones. Programas, series, noticias, entretenimiento y m\u00e1s, a un precio imbatible.<\/p>\n<p data-start=\"498\" data-end=\"591\">Ideal para hogares que quieren m\u00e1s contenido sin necesidad de contratar plataformas externas.<\/p>\n<p data-start=\"593\" data-end=\"601\">Incluye:<\/p>\n<ul data-start=\"602\" data-end=\"780\">\n<li data-start=\"602\" data-end=\"644\">\n<p data-start=\"604\" data-end=\"644\">\ud83d\udcfa 150 canales (TDT + tem\u00e1ticos b\u00e1sicos)<\/p>\n<\/li>\n<li data-start=\"645\" data-end=\"688\">\n<p data-start=\"647\" data-end=\"688\">\ud83d\udc68\u200d\ud83d\udc69\u200d\ud83d\udc67\u200d\ud83d\udc66 Perfecto para toda la familia<\/p>\n<\/li>\n<li data-start=\"689\" data-end=\"715\">\n<p data-start=\"691\" data-end=\"715\">\ud83d\udcb8 Precio ultraaccesible<\/p>\n<\/li>\n<li data-start=\"716\" data-end=\"780\">\n<p data-start=\"718\" data-end=\"780\">\ud83d\udce6 Compatible con nuestros decodificadores y plataformas de TV<\/p>\n<\/li>\n<\/ul>\n<p data-start=\"782\" data-end=\"853\">Empieza a disfrutar hoy mismo del contenido esencial con Linkxa +Media.<\/p>\n","protected":false},"excerpt":{"rendered":"<p>Disfruta de m\u00e1s de 150 canales TDT y tem\u00e1ticos con +Media B\u00e1sico. Entretenimiento esencial para toda la familia.<\/p>\n","protected":false},"featured_media":229512,"comment_status":"open","ping_status":"closed","template":"","meta":{"_et_pb_use_builder":"","_et_pb_old_content":"","_et_gb_content_width":""},"product_brand":[4833],"product_cat":[1997,1998,4832,4842],"product_tag":[],"class_list":{"0":"post-229511","1":"product","2":"type-product","3":"status-publish","4":"has-post-thumbnail","6":"product_brand-linkxa-telcom","7":"product_cat-linkxa-masmedia","8":"product_cat-linkxa-media-tv-cine","9":"product_cat-linkxa-telcom","10":"product_cat-servicios","11":"pa_caracteristicas-cine-peliculas-acontraplus-svod-entretenimiento","13":"first","14":"instock","15":"virtual","16":"taxable","17":"purchasable","18":"product-type-subscription"},"_links":{"self":[{"href":"https:\/\/linkxa.es\/linkshop\/wp-json\/wp\/v2\/product\/229511","targetHints":{"allow":["GET"]}}],"collection":[{"href":"https:\/\/linkxa.es\/linkshop\/wp-json\/wp\/v2\/product"}],"about":[{"href":"https:\/\/linkxa.es\/linkshop\/wp-json\/wp\/v2\/types\/product"}],"replies":[{"embeddable":true,"href":"https:\/\/linkxa.es\/linkshop\/wp-json\/wp\/v2\/comments?post=229511"}],"wp:featuredmedia":[{"embeddable":true,"href":"https:\/\/linkxa.es\/linkshop\/wp-json\/wp\/v2\/media\/229512"}],"wp:attachment":[{"href":"https:\/\/linkxa.es\/linkshop\/wp-json\/wp\/v2\/media?parent=229511"}],"wp:term":[{"taxonomy":"product_brand","embeddable":true,"href":"https:\/\/linkxa.es\/linkshop\/wp-json\/wp\/v2\/product_brand?post=229511"},{"taxonomy":"product_cat","embeddable":true,"href":"https:\/\/linkxa.es\/linkshop\/wp-json\/wp\/v2\/product_cat?post=229511"},{"taxonomy":"product_tag","embeddable":true,"href":"https:\/\/linkxa.es\/linkshop\/wp-json\/wp\/v2\/product_tag?post=229511"}],"curies":[{"name":"wp","href":"https:\/\/api.w.org\/{rel}","templated":true}]}}