{"id":231469,"date":"2025-02-06T03:17:31","date_gmt":"2025-02-06T03:17:31","guid":{"rendered":"https:\/\/linkxa.es\/contratacion\/producto\/movil-apple-iphone-16-128gb-negro\/"},"modified":"2025-08-01T21:53:18","modified_gmt":"2025-08-01T21:53:18","slug":"movil-apple-iphone-16-128gb-negro","status":"publish","type":"product","link":"https:\/\/linkxa.es\/linkshop\/producto\/movil-apple-iphone-16-128gb-negro\/","title":{"rendered":"Movil apple iphone 16 128gb negro"},"content":{"rendered":"<p>General Marca: APPLE Garant\u00eda: 36 Part Number: MYE73QL\/A Categor\u00edas: TELEFON\u00cdA Reacondicionado: No Reposici\u00f3n &#8211; Etiqueta: No Peso Volumetrico 11.7 Kg. Procesador Fabricante: Apple Modelo del procesador: A18 Sistema operativo\/software Sistema operativo instalado: iOS 18 Memoria Capacidad de almacenamiento interno: 128 GB Pantalla Pulgadas: 6.1 Diagonal de pantalla: 15,54 cm Tipo de visualizador: Super Retina XDR Brillo de pantalla: 1600 cd \/ m Pulgadas: 15.5 cm (6.1&#8242;) Pantalla: Dynamic Island Pantalla t\u00e1ctil: Si Contraste: 2000000:1 C\u00e1mara fotogr\u00e1fica C\u00e1mara incorporada: Si Autoenfoque: Si Capacidad de zoom: 10x Detector de rostro: Si Detector de sonrisa: Si Disparador autom\u00e1tico: Si Disparador multiple: Si Estabilizador de v\u00eddeo: Si Modo noche: Si Flash integrado: Si C\u00e1mara Trasera: 48 MP + 12 MP Tasa de im\u00e1genes: 60 fps Zoom \u00f3ptico: x4 Zoom digital: 10 x Audio Altavoces: Est\u00e9reo Grabaci\u00f3n de voz: Si Micr\u00f3fono incluido: Si Reproductor de m\u00fasica: Si Micr\u00f3fono incorporado: Si V\u00eddeo Grabaci\u00f3n de v\u00eddeo: Si Reproducci\u00f3n de v\u00eddeo: Si Video llamada: Si Conectividad Puerto USB: 1 Versi\u00f3n USB: USB Tipo C Auriculares: USB C Bluetooth: Si Versi\u00f3n de Bluetooth: 5.3 Wi-Fi: Si 5G: Si Peso y dimensiones Altura: 14.8 cm Ancho: 7.1 cm Peso: 170 g Profundidad: 0.77 cm Detalles t\u00e9cnicos Funciones de protecci\u00f3n: IP68 Material de la carcasa: Aluminio, Cristal templado Tipo de tarjeta SIM: Dual SIM, eSIM, Nano SIM Aceler\u00f3metro: Si Color: Negro Funci\u00f3n GPS: Si Bater\u00eda Tecnolog\u00eda de bater\u00eda: litio-ion Tiempo continuo de reproducci\u00f3n de audio: 80 h Tiempo continuo de reproducci\u00f3n de video: 18 h Seguridad Lector de huella: No Lector facial: Si Lector de iris: Si NFC: Si Contenido en caja Material incluido: Cable USB-C<\/p>\n","protected":false},"excerpt":{"rendered":"<p>Movil apple iphone 16 128gb negro<\/p>\n","protected":false},"featured_media":230018,"comment_status":"closed","ping_status":"open","template":"","meta":{"_et_pb_use_builder":"","_et_pb_old_content":"","_et_gb_content_width":""},"product_brand":[2061],"product_cat":[2058,2063,2062],"product_tag":[2064,2068,2065,2067,2066],"class_list":{"0":"post-231469","1":"product","2":"type-product","3":"status-publish","4":"has-post-thumbnail","6":"product_brand-apple","7":"product_cat-dispositivos","8":"product_cat-smartphones","9":"product_cat-telefonia","10":"product_tag-apple","11":"product_tag-dispositivos","12":"product_tag-movil-apple-iphone-16-128gb-negro","13":"product_tag-smartphones","14":"product_tag-telefonia","15":"product_shipping_class-2059","16":"pa_canon-digital-incluida-2060","18":"first","19":"instock","20":"taxable","21":"shipping-taxable","22":"purchasable","23":"product-type-simple"},"_links":{"self":[{"href":"https:\/\/linkxa.es\/linkshop\/wp-json\/wp\/v2\/product\/231469","targetHints":{"allow":["GET"]}}],"collection":[{"href":"https:\/\/linkxa.es\/linkshop\/wp-json\/wp\/v2\/product"}],"about":[{"href":"https:\/\/linkxa.es\/linkshop\/wp-json\/wp\/v2\/types\/product"}],"replies":[{"embeddable":true,"href":"https:\/\/linkxa.es\/linkshop\/wp-json\/wp\/v2\/comments?post=231469"}],"wp:featuredmedia":[{"embeddable":true,"href":"https:\/\/linkxa.es\/linkshop\/wp-json\/wp\/v2\/media\/230018"}],"wp:attachment":[{"href":"https:\/\/linkxa.es\/linkshop\/wp-json\/wp\/v2\/media?parent=231469"}],"wp:term":[{"taxonomy":"product_brand","embeddable":true,"href":"https:\/\/linkxa.es\/linkshop\/wp-json\/wp\/v2\/product_brand?post=231469"},{"taxonomy":"product_cat","embeddable":true,"href":"https:\/\/linkxa.es\/linkshop\/wp-json\/wp\/v2\/product_cat?post=231469"},{"taxonomy":"product_tag","embeddable":true,"href":"https:\/\/linkxa.es\/linkshop\/wp-json\/wp\/v2\/product_tag?post=231469"}],"curies":[{"name":"wp","href":"https:\/\/api.w.org\/{rel}","templated":true}]}}