{"id":231470,"date":"2024-11-27T08:42:49","date_gmt":"2024-11-27T08:42:49","guid":{"rendered":"https:\/\/linkxa.es\/contratacion\/producto\/movil-apple-iphone-16-pro-128gb\/"},"modified":"2025-08-01T21:54:31","modified_gmt":"2025-08-01T21:54:31","slug":"movil-apple-iphone-16-pro-128gb","status":"publish","type":"product","link":"https:\/\/linkxa.es\/linkshop\/producto\/movil-apple-iphone-16-pro-128gb\/","title":{"rendered":"Movil apple iphone 16 pro 128gb"},"content":{"rendered":"<p>Ficha T\u00e9cnica<br \/>General<br \/>Peso<br \/>199 g<br \/>Anchura<br \/>71.5 mm<br \/>Tipo de producto<br \/>Tel\u00e9fono inteligente<br \/>Profundidad<br \/>8.25 mm<br \/>Factor de forma<br \/>Toque<br \/>Protecci\u00f3n<br \/>Resistente al polvo, resistente a salpicaduras, resistente al agua<br \/>Altura<br \/>149.6 mm<br \/>Color del cuerpo<br \/>Titanio blanco<br \/>Material del cuerpo<br \/>Titanio (grado 5), cristal mate texturizado<br \/>N\u00famero del modelo de fabricante<br \/>A3293<br \/>Memoria<br \/>Capacidad de memoria interna<br \/>128 GB<br \/>Garant\u00eda del fabricante<br \/>Servicio y mantenimiento<br \/>Garant\u00eda limitada &#8211; 1 a\u00f1o<br \/>Soporte t\u00e9cnico &#8211; asesoramiento &#8211; 90 d\u00edas<br \/>Diverso<br \/>Accesorios incluidos<br \/>Cable USB-C a USB-C (1 m)<br \/>Cumplimiento de normas<br \/>IEC 60529 IP68, HAC (Hearing Aid Compatible), sin mercurio, sin BFR, PVC-free, sin ars\u00e9nico<br \/>Procesador<br \/>N\u00famero de n\u00facleos de procesador<br \/>6 n\u00facleos<br \/>Tipo<br \/>Apple A18 Pro<br \/>Par\u00e1metros de entorno<br \/>Temperatura m\u00ednima de funcionamiento<br \/>0 C<br \/>Temperatura m\u00e1xima de funcionamiento<br \/>35 C<br \/>Profundidad m\u00e1x. de resistencia al agua<br \/>6 m<br \/>\u00c1mbito de humedad de funcionamiento<br \/>5 &#8211; 95% (sin condensaci\u00f3n)<br \/>Bater\u00eda<br \/>Tecnolog\u00eda<br \/>Ion de litio<br \/>Carga inal\u00e1mbrica<br \/>S\u00ed<br \/>Tecnolog\u00eda de carga r\u00e1pida<br \/>Carga inal\u00e1mbrica Apple MagSafe<br \/>Est\u00e1ndares de carga inal\u00e1mbrica<br \/>Qi, Qi2<br \/>Datos de tiempo de ejecuci\u00f3n<br \/>Reproducci\u00f3n (v\u00eddeo): hasta 27 horas<br \/>Reproducci\u00f3n (v\u00eddeo que se ha transmitido): hasta 22 horas<br \/>Reproducci\u00f3n (audio): hasta 85 horas<br \/>Comunicaciones<br \/>Banda 2G<br \/>850 GSM, 900 GSM, 1800 GSM, 1900 GSM<br \/>Banda 3G UMTS<br \/>Banda 1, Banda 2, Banda 5, Banda 8, Banda 10<br \/>Frecuencia 3G UMTS<br \/>2100, 1900, 850, 900, 1700 EAWS<br \/>Banda 4G LTE<br \/>Banda 1, Banda 2, Banda 3, Banda 4, Banda 5, Banda 7, Banda 8, Banda 12, Banda 13, Banda 17, Banda 18, Banda 19, Banda 20, Banda 25, Banda 26, Banda 28, Banda 30, Banda 32, Banda 34, Banda 38, Banda 39,<br \/>Banda 40, Banda 41, Banda 42, Banda 48, banda 53, Banda 66<br \/>Frecuencia 4G LTE<br \/>FDD 2100, FDD 1900 PCS, FDD 1800+, FDD 1700 &#8211; 2110 AWS, FDD 850, FDD 2600, FDD 900, FDD 700a, FDD 700c, FDD 700b, FDD 800 inferior, FDD 800 superior, FDD 800 DD, FDD 1900+, FDD 850+, FDD 700 APT, FDD<br \/>2300 WCS, FDD 1500 L, TDD 2000, TDD 2600, TDD 1900, TDD 2300, TDD 2500, TDD 3500, TDD 3600, banda 53, FDD 1700 &#8211; 2110 AWS-3<br \/>Banda NR 5G<br \/>N1, n2, n3, n5, n7, n8, n12, n20, n25, n26, n28, n30, n38, n40, n41, n48, n53, n66, n70, n75, n76, n77, n78, n79<br \/>Frecuencia NR 5G<br \/>FDD 2100, FDD 1900PCS, FDD 1800, FDD 850, FDD 2600, FDD 900, n12, FDD 800, FDD 1900, FDD 850, FDD 700APT, FDD 2300, TDD TD 2600, TDD 2300, TDD TD 2500, TDD 3500, n53, FDD AWS-3, FDD AWS-4, SDL DL<br \/>1500+, SDL DL 1500-, TDD TD 3700, TDD TD 3500, TDD TD 4500<br \/>Transmisi\u00f3n de datos<br \/>5G NR FR1, FDD-LTE, TDD-LTE, HSPA+, DC-HSDPA, EDGE, LTE gigabit, LAA, VoLTE<br \/>Interfaz inal\u00e1mbrica<br \/>Ultra-Wideband (UWB), NFC, IEEE 802.11be, Bluetooth 5.3, Wi-Fi 7<br \/>Conexiones<br \/>Tipo de conector<br \/>USB Type-C &#8211; 24 pin USB-C<br \/>Caracter\u00edsticas del tel\u00e9fono<br \/>Dispositivos de seguridad<br \/>Reconocimiento facial<br \/>Tecnolog\u00eda de seguridad<br \/>ID facial<br \/>Sensores<br \/>Br\u00fajula digital, magnet\u00f3metro, esc\u00e1ner LiDAR, bar\u00f3metro, giroscopio con rango din\u00e1mico ancho, aceler\u00f3metro de alta g, sensor de proximidad, sensor dual de luz de ambiente<br \/>Caracter\u00edsticas adicionales<br \/>Inteligencia Apple, motor neural de 16 n\u00facleos, Apple Cash, tarjetas Express Transit con reserva de energ\u00eda, SOS de emergencia v\u00eda sat\u00e9lite, Detecci\u00f3n de golpes, Asistencia en carretera v\u00eda sat\u00e9lite, mensajes a trav\u00e9s de<br \/>sat\u00e9lite, Encuentra Mi a trav\u00e9s de sat\u00e9lite, tecnolog\u00eda MIMO, tecnolog\u00eda de red de thread, microubicaci\u00f3n iBeacon, FaceTime HD (1080p), llamada FaceTime con SharePlay, Compartir pantalla, modo retrato con v\u00eddeo en<br \/>FaceTime, aislamiento de voz, modo de micr\u00f3fono de amplio espectro, Zoom \u00f3ptico con c\u00e1mara trasera, audio de FaceTime, Llamada Wi-Fi, AirPlay Mirroring HDR en 4K, DisplayPort sobre USB tipo C, Carga r\u00e1pida, Apple<br \/>MagSafe, bot\u00f3n de acci\u00f3n, Soporte Apple TV (2\u00aa generaci\u00f3n y posterior), conjunto magn\u00e9tico, NFC de identificaci\u00f3n de accesorio, im\u00e1n de alineaci\u00f3n, cuatro micr\u00f3fonos de calidad de estudio<br \/>Visualizador<br \/>HDR<br \/>S\u00ed<br \/>Frecuencia de actualizaci\u00f3n<br \/>120 Hz<br \/>Tipo<br \/>Pantalla OLED<br \/>Relaci\u00f3n de contraste<br \/>2000000:1<br \/>Tama\u00f1o en diagonal<br \/>6.3&#8243;<br \/>Brillo m\u00e1ximo<br \/>2000 cd\/m<br \/>Tecnolog\u00eda de mejora<br \/>Dolby Vision<br \/>Tecnolog\u00eda HDR<br \/>HDR10<br \/>Densidad de p\u00edxeles<br \/>460 ppi<br \/>Tecnolog\u00eda<br \/>Pantalla Super Retina XDR con ProMotion<br \/>Caracter\u00edsticas<br \/>Pantalla Always-on, pantalla True Tone, pantalla de amplia gama de colores (P3), Haptic touch, Hybrid Log-Gamma (HLG), Dynamic Island, brillo de 1600 nits m\u00e1ximo (HDR), brillo m\u00e1x. de 2000 nits (exterior)<br \/>Protecci\u00f3n<br \/>Ceramic Shield, revestimiento oleof\u00f3bico resistente a las huellas dactilares<br \/>Idiomas de pantalla<br \/>Australian English, English (United States), UK English, Chino (simplificado), Chino (tradicional), chino (tradicional, Hong Kong), Franc\u00e9s, French Canadian, Alem\u00e1n, Italiano, Japon\u00e9s, Coreano, Espa\u00f1ol, Espa\u00f1ol<br \/>(Latinoam\u00e9rica), \u00c1rabe, B\u00falgaro, Catal\u00e1n, croata, checo, Dan\u00e9s, Holand\u00e9s, Finland\u00e9s, Griego, Hebreo, Indio, h\u00fangaro, indonesio, Kazakh, malayo, Noruego, Polish, Portugu\u00e9s, Portugu\u00e9s brasile\u00f1o, Rumano, Ruso,<br \/>eslovaco, Sueco, tailand\u00e9s, Turco, Ucraniano, Vietnamita<br \/>Resoluci\u00f3n de pantalla<br \/>2622 x 1206 p\u00edxeles<br \/>Celular<br \/>Tecnolog\u00eda<br \/>WCDMA (UMTS) \/ GSM<br \/>Generaci\u00f3n de banda ancha<br \/>5G<br \/>Proveedor de servicios<br \/>Sin especificar<br \/>Dispositivo de entrada<br \/>Multitoque<br \/>Asistente inteligente<br \/>Siri<br \/>N.\u00ba de tarjetas SIM<br \/>SIM doble<br \/>Tecnolog\u00eda de pago<br \/>Apple Pay<br \/>Navegaci\u00f3n<br \/>GPS, GLONASS, BeiDou, Galileo, QZSS, NavIC<br \/>Tipo de tarjeta SIM<br \/>Tarjeta SIM electr\u00f3nica (e-SIM), nano SIM<br \/>Sistema operativo<br \/>iOS 18<br \/>Reproductor de medios<br \/>Mejoras de v\u00eddeo<br \/>HDR con Dolby Vision, HDR10, Hybrid Log-Gamma (HLG)<br \/>Normas de audio digital admitidas<br \/>AAC, APAC, MP3, Apple Lossless, FLAC, Dolby Atmos, Dolby Digital, Dolby Digital Plus<br \/>Normas de v\u00eddeo digital compatibles<br \/>H.264, HEVC, ProRes, AV1<br \/>Mejoras de sonido<br \/>Audio Spatial, sonido Dolby Digital Plus, tecnolog\u00eda de sonido Dolby Atmos, sonido Dolby Digital<br \/>C\u00e1mara frontal<br \/>Ajuste del enfoque<br \/>Autom\u00e1tico<br \/>Apertura del objetivo<br \/>F\/1.9<br \/>Detecci\u00f3n de cara<br \/>Reconocimiento facial<br \/>Fuente de luz<br \/>Flash Retina<br \/>Resoluci\u00f3n del sensor<br \/>12 Megap\u00edxeles<br \/>Efectos especiales<br \/>Estilos fotogr\u00e1ficos<br \/>Modo HDR<br \/>Smart HDR 5<br \/>Modos de c\u00e1mara<br \/>Modo retrato, iluminaci\u00f3n para retrato, modo nocturno, Apple ProRAW, captura a todo color y fotos en directo, Live Photos, modo R\u00e1faga, registro de grabaci\u00f3n de v\u00eddeo, Modo de lapso de tiempo, C\u00e1mara r\u00e1pida (modo<br \/>noche), v\u00eddeo en c\u00e1mara lenta<br \/>Resoluciones de v\u00eddeo<br \/>3840 x 2160 (4K) a 60 fps, 3840 x 2160 (4K) at 30 fps, 3840 x 2160 (4K) a 24 fps, 3840 x 2160 (4K) a 25 fps, 1920 x 1080 (1080p) a 60 fps, 1920 x 1080 (1080p) at 30 fps, 1920 x 1080 (1080p) a 25 fps, v\u00eddeo a c\u00e1mara lenta<br \/>1920 x 1080 (1080p) a 120 fps<br \/>Caracter\u00edsticas<br \/>Enfoque autom\u00e1tico con p\u00edxeles de enfoque, Photonic Engine, Deep Fusion, enfoque retrato y control de profundidad, Animoji, Memoji, correcci\u00f3n de lente, Estabilizaci\u00f3n de imagen autom\u00e1tica, Modo cinematogr\u00e1fico de<br \/>hasta 4K Dolby Vision a 30 fps, grabaci\u00f3n de video 4K Dolby Vision de hasta 60 fps, grabaci\u00f3n de video 1080p Dolby Vision de hasta 60 fps, grabaci\u00f3n de video ProRes de hasta 4K a 60 fps con grabaci\u00f3n externa, v\u00eddeo a<br \/>c\u00e1mara r\u00e1pida con estabilizaci\u00f3n, Sistema de codificaci\u00f3n de color de la Academia, estabilizaci\u00f3n de v\u00eddeo Cinematic, video QuickTake hasta 4K a 60 fps en Dolby Vision, Audio espacial y grabaci\u00f3n en est\u00e9reo, c\u00e1mara<br \/>TrueDepth<br \/>C\u00e1mara principal<br \/>Ajuste de enfoque<br \/>Autom\u00e1tico<br \/>Longitud focal m\u00ednima<br \/>24 mm<br \/>Zoom digital<br \/>25x<br \/>Resoluci\u00f3n del sensor<br \/>48 megap\u00edxeles<br \/>Detecci\u00f3n de cara<br \/>Reconocimiento facial<br \/>Apertura de la lente<br \/>F\/1.78<br \/>Efectos especiales<br \/>Estilos fotogr\u00e1ficos<br \/>Estabilizador de imagen \u00f3ptico<br \/>Estabilizaci\u00f3n \u00f3ptica de la imagen (OIS) de segunda generaci\u00f3n<br \/>Fuente de luz<br \/>Flash Adaptive True Tone LED<br \/>Modo HDR<br \/>Smart HDR 5<br \/>Modos de c\u00e1mara<br \/>Iluminaci\u00f3n para retrato, modo retrato, modo nocturno, retratos en modo noche, Panor\u00e1mica, modo Macro, Apple ProRAW, captura a todo color y fotos en directo, Live Photos, modo R\u00e1faga, C\u00e1mara r\u00e1pida (modo noche),<br \/>registro de grabaci\u00f3n de v\u00eddeo, Modo cine, Modo de lapso de tiempo, v\u00eddeo en c\u00e1mara lenta, v\u00eddeo espacial, macrov\u00eddeo<br \/>Resoluciones de v\u00eddeo<br \/>3840 x 2160 (4K) a 120 fps, 3840 x 2160 (4K) a 100 fps, 3840 x 2160 (4K) a 60 fps, 3840 x 2160 (4K) at 30 fps, 3840 x 2160 (4K) a 24 fps, 3840 x 2160 (4K) a 25 fps, 1920 x 1080 (1080p) a 120 fps, 1920 x 1080 (1080p) a 60<br \/>fps, 1920 x 1080 (1080p) at 30 fps, 1920 x 1080 (1080p) a 25 fps, 1280 x 720 (720p) a 30 fps, v\u00eddeo a c\u00e1mara lenta 1920 x 1080 (1080p) a 120 fps, v\u00eddeo a c\u00e1mara lenta 1920 x 1080 (1080p) a 240 fps, Slo-mo video 3840 x<br \/>2160 (4K) at 120 fps<br \/>Caracter\u00edsticas<br \/>100% Focus Pixels, lentes personalizables por defecto, tapa de objetivo de cristal de zafiro, Photonic Engine, Deep Fusion, Panorama (hasta 63 MP), fotograf\u00eda macro de 48 MP, correcci\u00f3n de ojos rojos avanzada,<br \/>Estabilizaci\u00f3n de imagen autom\u00e1tica, geoetiquetado, captura de imagen en formato HEIF, captura de imagen JPEG, captura de imagen DNG, 2x disminuciones de zoom \u00f3ptico, rango de 10x de zoom \u00f3ptico, 5x aumentos de<br \/>zoom \u00f3ptico, grabaci\u00f3n de video 4K Dolby Vision a hasta 120 fps, Grabaci\u00f3n de video en 1080p Dolby Vision hasta 120 fps, grabaci\u00f3n de video 720p Dolby Vision a 30 fps, Modo de cine hasta 4K HDR a 30 fps, Modo de<br \/>acci\u00f3n hasta 2.8K a 60 fps, Grabaci\u00f3n de video espacial a 1080p a 30 fps, grabaci\u00f3n de v\u00eddeo ProRes hasta 4K a 120 fps con grabaci\u00f3n externa, v\u00eddeo de tiempo transcurrido con estabilizaci\u00f3n, Video QuickTake hasta 4K a<br \/>60 fps en Dolby Vision, zoom de audio, estabilizaci\u00f3n de v\u00eddeo Cinematic, V\u00eddeo con enfoque autom\u00e1tico continuo, fotos de 8 MP y grabaci\u00f3n de v\u00eddeo 4K, Zoom de reproducci\u00f3n, HEVC (codificaci\u00f3n de v\u00eddeo de alta<br \/>eficiencia), AVC (H.264), Audio Espacial y grabaci\u00f3n est\u00e9reo, Reducci\u00f3n del ruido del viento, Audio Mix, Sistema de codificaci\u00f3n de color de la Academia, Camera Control<br \/>Segunda c\u00e1mara<br \/>Apertura del objetivo<br \/>F\/2.2<br \/>Longitud focal m\u00ednima<br \/>13 mm<br \/>Campo de visi\u00f3n (FoV)<br \/>120 grados<br \/>Resoluci\u00f3n del sensor<br \/>48 megap\u00edxeles<br \/>Tipo de lente<br \/>Lente de \u00e1ngulo amplio<br \/>Caracter\u00edsticas<br \/>P\u00edxeles de Enfoque H\u00edbridos, correcci\u00f3n de lente<br \/>Tercera c\u00e1mara<br \/>Longitud focal m\u00ednima<br \/>120 mm<br \/>Apertura de la lente<br \/>F\/2.8<br \/>Zoom \u00f3ptico<br \/>5x<br \/>Campo de visi\u00f3n (FoV)<br \/>20 grados<br \/>Resoluci\u00f3n del sensor<br \/>12 megap\u00edxeles<br \/>Cantidad de elementos de la lente<br \/>7 elementos<br \/>Tipo de lente<br \/>Objetivo telefoto<br \/>Estabilizador de imagen \u00f3ptico<br \/>Estabilizaci\u00f3n \u00f3ptica de la imagen (OIS) con desplazamiento del sensor 3D<br \/>Caracter\u00edsticas<br \/>P\u00edxeles de enfoque 100 %, dise\u00f1o de tetraprisma<br \/>Informaci\u00f3n de sostenibilidad<br \/>De acuerdo con EPEAT<br \/>S\u00ed<br \/>Nivel EPEAT<br \/>EPEAT Gold<br \/>Huella de carbono<br \/>66 kg de emisiones de carbono<br \/>Contenido reciclado del producto<br \/>25 % &#8211; contenido reciclado o renovable<br \/>Contenido reciclado del paquete<br \/>100 % &#8211; fibras de madera recicladas y\/o de origen responsable<\/p>\n","protected":false},"excerpt":{"rendered":"<p>Movil apple iphone 16 pro 128gb white<\/p>\n","protected":false},"featured_media":230026,"comment_status":"closed","ping_status":"open","template":"","meta":{"_et_pb_use_builder":"","_et_pb_old_content":"","_et_gb_content_width":""},"product_brand":[2061],"product_cat":[2058,2063,2062],"product_tag":[2064,2068,2069,2067,2066],"class_list":{"0":"post-231470","1":"product","2":"type-product","3":"status-publish","4":"has-post-thumbnail","6":"product_brand-apple","7":"product_cat-dispositivos","8":"product_cat-smartphones","9":"product_cat-telefonia","10":"product_tag-apple","11":"product_tag-dispositivos","12":"product_tag-movil-apple-iphone-16-pro-128gb","13":"product_tag-smartphones","14":"product_tag-telefonia","15":"product_shipping_class-2059","16":"pa_canon-digital-incluida-2060","18":"first","19":"instock","20":"taxable","21":"shipping-taxable","22":"purchasable","23":"product-type-simple"},"_links":{"self":[{"href":"https:\/\/linkxa.es\/linkshop\/wp-json\/wp\/v2\/product\/231470","targetHints":{"allow":["GET"]}}],"collection":[{"href":"https:\/\/linkxa.es\/linkshop\/wp-json\/wp\/v2\/product"}],"about":[{"href":"https:\/\/linkxa.es\/linkshop\/wp-json\/wp\/v2\/types\/product"}],"replies":[{"embeddable":true,"href":"https:\/\/linkxa.es\/linkshop\/wp-json\/wp\/v2\/comments?post=231470"}],"wp:featuredmedia":[{"embeddable":true,"href":"https:\/\/linkxa.es\/linkshop\/wp-json\/wp\/v2\/media\/230026"}],"wp:attachment":[{"href":"https:\/\/linkxa.es\/linkshop\/wp-json\/wp\/v2\/media?parent=231470"}],"wp:term":[{"taxonomy":"product_brand","embeddable":true,"href":"https:\/\/linkxa.es\/linkshop\/wp-json\/wp\/v2\/product_brand?post=231470"},{"taxonomy":"product_cat","embeddable":true,"href":"https:\/\/linkxa.es\/linkshop\/wp-json\/wp\/v2\/product_cat?post=231470"},{"taxonomy":"product_tag","embeddable":true,"href":"https:\/\/linkxa.es\/linkshop\/wp-json\/wp\/v2\/product_tag?post=231470"}],"curies":[{"name":"wp","href":"https:\/\/api.w.org\/{rel}","templated":true}]}}