{"id":231471,"date":"2025-02-28T08:31:09","date_gmt":"2025-02-28T08:31:09","guid":{"rendered":"https:\/\/linkxa.es\/contratacion\/producto\/movil-apple-iphone-16-128gb-blue\/"},"modified":"2025-08-01T21:54:06","modified_gmt":"2025-08-01T21:54:06","slug":"movil-apple-iphone-16-128gb-blue","status":"publish","type":"product","link":"https:\/\/linkxa.es\/linkshop\/producto\/movil-apple-iphone-16-128gb-blue\/","title":{"rendered":"Movil apple iphone 16 128gb blue"},"content":{"rendered":"<p>Ficha T\u00e9cnica<br \/>General<br \/>Peso<br \/>170 g<br \/>Profundidad<br \/>7.8 mm<br \/>Anchura<br \/>71.6 mm<br \/>Tipo de producto<br \/>Tel\u00e9fono inteligente<br \/>Color del cuerpo<br \/>Ultramarino<br \/>Factor de forma<br \/>Toque<br \/>Altura<br \/>147.6 mm<br \/>Protecci\u00f3n<br \/>Resistente al polvo, resistente a salpicaduras, impermeable<br \/>Material del cuerpo<br \/>Vidrio, aluminio de grado aeroespacial<br \/>N\u00famero del modelo de fabricante<br \/>A3287<br \/>Memoria<br \/>Capacidad de memoria interna<br \/>128 GB<br \/>Garant\u00eda del fabricante<br \/>Servicio y mantenimiento<br \/>Garant\u00eda limitada &#8211; 1 a\u00f1o<br \/>Soporte t\u00e9cnico &#8211; asesoramiento &#8211; 90 d\u00edas<br \/>Diverso<br \/>Accesorios incluidos<br \/>Cable USB-C a USB-C (1 m)<br \/>Cumplimiento de normas<br \/>HAC (Hearing Aid Compatible), IEC 60529 IP68, sin ars\u00e9nico, sin mercurio, sin BFR, PVC-free<br \/>Procesador<br \/>N\u00famero de n\u00facleos de procesador<br \/>6 n\u00facleos<br \/>Tipo<br \/>Apple A18<br \/>Par\u00e1metros de entorno<br \/>Temperatura m\u00ednima de funcionamiento<br \/>0 C<br \/>Temperatura m\u00e1xima de funcionamiento<br \/>35 C<br \/>Profundidad m\u00e1x. de resistencia al agua<br \/>6 m<br \/>\u00c1mbito de humedad de funcionamiento<br \/>5 &#8211; 95% (sin condensaci\u00f3n)<br \/>Bater\u00eda<br \/>Tecnolog\u00eda<br \/>Ion de litio<br \/>Carga inal\u00e1mbrica<br \/>S\u00ed<br \/>Tecnolog\u00eda de carga r\u00e1pida<br \/>Carga inal\u00e1mbrica Apple MagSafe<br \/>Est\u00e1ndares de carga inal\u00e1mbrica<br \/>Qi, Qi2<br \/>Datos de tiempo de ejecuci\u00f3n<br \/>Reproducci\u00f3n (v\u00eddeo): hasta 22 horas<br \/>Reproducci\u00f3n (v\u00eddeo que se ha transmitido): hasta 18 horas<br \/>Reproducci\u00f3n (audio): hasta 80 horas<br \/>Comunicaciones<br \/>Banda 2G<br \/>850 GSM, 900 GSM, 1800 GSM, 1900 GSM<br \/>Banda 3G UMTS<br \/>Banda 1, Banda 2, Banda 5, Banda 8, Banda 10<br \/>Frecuencia 3G UMTS<br \/>2100, 1900, 850, 900, 1700 EAWS<br \/>Transmisi\u00f3n de datos<br \/>EDGE, HSPA+, DC-HSDPA, VoLTE, LTE gigabit, LAA, FDD-LTE, TDD-LTE, 5G NR FR1<br \/>Banda 4G LTE<br \/>Banda 1, Banda 2, Banda 3, Banda 4, Banda 5, Banda 7, Banda 8, Banda 12, Banda 13, Banda 17, Banda 18, Banda 19, Banda 20, Banda 25, Banda 26, Banda 28, Banda 30, Banda 32, Banda 34, Banda 38, Banda 39,<br \/>Banda 40, Banda 41, Banda 42, Banda 48, banda 53, Banda 66<br \/>Frecuencia 4G LTE<br \/>FDD 2100, FDD 1900 PCS, FDD 1800+, FDD 1700 &#8211; 2110 AWS, FDD 850, FDD 2600, FDD 900, FDD 700a, FDD 700c, FDD 700b, FDD 800 inferior, FDD 800 superior, FDD 800 DD, FDD 1900+, FDD 850+, FDD 700 APT, FDD<br \/>2300 WCS, FDD 1500 L, TDD 2000, TDD 2600, TDD 1900, TDD 2300, TDD 2500, TDD 3500, TDD 3600, banda 53, FDD 1700 &#8211; 2110 AWS-3<br \/>Banda NR 5G<br \/>N1, n2, n3, n5, n7, n8, n12, n20, n25, n26, n28, n30, n38, n40, n41, n48, n53, n66, n70, n75, n76, n77, n78, n79<br \/>Frecuencia NR 5G<br \/>FDD 2100, FDD 1900PCS, FDD 1800, FDD 850, FDD 2600, FDD 900, n12, FDD 800, FDD 1900, FDD 850, FDD 700APT, FDD 2300, TDD TD 2600, TDD 2300, TDD TD 2500, TDD 3500, n53, FDD AWS-3, FDD AWS-4, SDL DL<br \/>1500+, SDL DL 1500-, TDD TD 3700, TDD TD 3500, TDD TD 4500<br \/>Interfaz inal\u00e1mbrica<br \/>NFC, Ultra-Wideband (UWB), Bluetooth 5.3, Wi-Fi 7<br \/>Conexiones<br \/>Tipo de conector<br \/>USB Type-C &#8211; 24 pin USB-C<br \/>Caracter\u00edsticas del tel\u00e9fono<br \/>Dispositivos de seguridad<br \/>Reconocimiento facial<br \/>Tecnolog\u00eda de seguridad<br \/>ID facial<br \/>Sensores<br \/>Br\u00fajula digital, magnet\u00f3metro, sensor dual de luz de ambiente, bar\u00f3metro, sensor de proximidad, giroscopio de alto rango din\u00e1mico, aceler\u00f3metro de alta g<br \/>Caracter\u00edsticas adicionales<br \/>Tecnolog\u00eda MIMO, chip Ultra Wideband de segunda generaci\u00f3n, Llamada Wi-Fi, microubicaci\u00f3n iBeacon, teclado QuickType, Soporte Apple TV (2\u00aa generaci\u00f3n y posterior), transmisi\u00f3n inal\u00e1mbrica AirPlay 2, audio de<br \/>FaceTime, Apple MagSafe, tarjetas Express Transit con reserva de energ\u00eda, AirPlay Mirroring HDR en 4K, FaceTime HD (1080p), compatible con RTT\/TTY, aislamiento de voz, modo de micr\u00f3fono de amplio espectro, motor<br \/>neural de 16 n\u00facleos, Zoom con c\u00e1mara trasera, Compartir pantalla, modo retrato con v\u00eddeo en FaceTime, llamada FaceTime con SharePlay, SOS de emergencia v\u00eda sat\u00e9lite, Detecci\u00f3n de golpes, Asistencia en carretera v\u00eda<br \/>sat\u00e9lite, Encuentra Mi a trav\u00e9s de sat\u00e9lite, conjunto magn\u00e9tico, im\u00e1n de alineaci\u00f3n, bot\u00f3n de acci\u00f3n, Inteligencia Apple, Writing Tools, VoiceOver, Zoom, Magnifier, Voice Control, Switch Control, AssistiveTouch, Closed<br \/>Captions, tecnolog\u00eda de seguimiento visual, Live Captions, Personal Voice, Live Speech, Vocal Shortcuts, Type to Siri, Spoken Content, Music Haptics, DisplayPort sobre USB tipo C, tecnolog\u00eda de red de thread, trazado de<br \/>rayos acelerado por hardware, Apple Cash, NFC de identificaci\u00f3n de accesorio, mensajes a trav\u00e9s de sat\u00e9lite<br \/>Visualizador<br \/>HDR<br \/>S\u00ed<br \/>Tipo<br \/>Pantalla OLED<br \/>Tama\u00f1o en diagonal<br \/>6.1&#8243;<br \/>Relaci\u00f3n de contraste<br \/>2000000:1<br \/>Brillo m\u00e1ximo<br \/>1000 cd\/m<br \/>Tecnolog\u00eda de mejora<br \/>Dolby Vision<br \/>Tecnolog\u00eda HDR<br \/>HDR10<br \/>Tecnolog\u00eda<br \/>Super Retina XDR Display<br \/>Densidad de p\u00edxeles<br \/>460 ppi<br \/>Resoluci\u00f3n de pantalla<br \/>2556 x 1179 p\u00edxeles<br \/>Idiomas de pantalla<br \/>Dan\u00e9s, Indio, Hebreo, h\u00fangaro, checo, croata, indonesio, tailand\u00e9s, eslovaco, Chino (tradicional), Chino (simplificado), Vietnamita, Ucraniano, Portugu\u00e9s brasile\u00f1o, Ingl\u00e9s, Alem\u00e1n, Franc\u00e9s, Italiano, Noruego, Portugu\u00e9s,<br \/>Polish, Finland\u00e9s, Sueco, Ruso, Espa\u00f1ol, Holand\u00e9s, Griego, Turco, \u00c1rabe, Rumano, Catal\u00e1n, Japon\u00e9s, Coreano, malayo, UK English, Ingl\u00e9s de EE. UU., Australian English, French Canadian, Espa\u00f1ol (Latinoam\u00e9rica), chino<br \/>(tradicional, Hong Kong), espa\u00f1ol (M\u00e9xico)<br \/>Protecci\u00f3n<br \/>Ceramic Shield, revestimiento oleof\u00f3bico resistente a las huellas dactilares<br \/>Caracter\u00edsticas<br \/>Dynamic Island, pantalla True Tone, pantalla de amplia gama de colores (P3), Haptic touch, Hybrid Log-Gamma (HLG), brillo de 1600 nits m\u00e1ximo (HDR), brillo m\u00e1x. de 2000 nits (exterior)<br \/>Celular<br \/>Tecnolog\u00eda<br \/>WCDMA (UMTS) \/ GSM<br \/>Generaci\u00f3n de banda ancha<br \/>5G<br \/>Proveedor de servicios<br \/>Sin especificar<br \/>Dispositivo de entrada<br \/>Multitoque<br \/>Asistente inteligente<br \/>Siri<br \/>N.\u00ba de tarjetas SIM<br \/>SIM doble<br \/>Tecnolog\u00eda de pago<br \/>Apple Pay<br \/>Navegaci\u00f3n<br \/>GPS, GLONASS, BeiDou, Galileo, QZSS<br \/>Tipo de tarjeta SIM<br \/>Tarjeta SIM electr\u00f3nica (e-SIM), nano SIM<br \/>Sistema operativo<br \/>iOS 18<br \/>Reproductor de medios<br \/>Mejoras de v\u00eddeo<br \/>HDR con Dolby Vision, HDR10, Hybrid Log-Gamma (HLG)<br \/>Mejoras de sonido<br \/>Sonido Dolby Digital Plus, tecnolog\u00eda de sonido Dolby Atmos, sonido Dolby Digital, audio Spatial<br \/>Normas de audio digital admitidas<br \/>AAC, APAC, MP3, FLAC, Apple Lossless<br \/>Normas de v\u00eddeo digital compatibles<br \/>H.264, HEVC, AV1<br \/>C\u00e1mara frontal<br \/>Ajuste del enfoque<br \/>Autom\u00e1tico<br \/>Apertura del objetivo<br \/>F\/1.9<br \/>Detecci\u00f3n de cara<br \/>Reconocimiento facial<br \/>Fuente de luz<br \/>Flash Retina<br \/>Resoluci\u00f3n del sensor<br \/>12 Megap\u00edxeles<br \/>Efectos especiales<br \/>Estilos fotogr\u00e1ficos<br \/>Modo HDR<br \/>Smart HDR 5<br \/>Modos de c\u00e1mara<br \/>Iluminaci\u00f3n para retrato, modo nocturno, captura a todo color y fotos en directo, modo R\u00e1faga, C\u00e1mara r\u00e1pida (modo noche)<br \/>Resoluciones de v\u00eddeo<br \/>1920 x 1080 (1080p) a 25 fps, 1920 x 1080 (1080p) at 30 fps, 1920 x 1080 (1080p) a 60 fps, 3840 x 2160 (4K) a 24 fps, 3840 x 2160 (4K) a 25 fps, 3840 x 2160 (4K) at 30 fps, 3840 x 2160 (4K) a 60 fps, v\u00eddeo a c\u00e1mara lenta<br \/>1920 x 1080 (1080p) a 120 fps<br \/>Caracter\u00edsticas<br \/>C\u00e1mara TrueDepth, Enfoque autom\u00e1tico con p\u00edxeles de enfoque, Photonic Engine, Deep Fusion, enfoque retrato y control de profundidad, Animoji, Memoji, correcci\u00f3n de lente, Estabilizaci\u00f3n de imagen autom\u00e1tica,<br \/>grabaci\u00f3n de video 4K Dolby Vision de hasta 60 fps, Modo cinematogr\u00e1fico de hasta 4K Dolby Vision a 30 fps, v\u00eddeo a c\u00e1mara r\u00e1pida con estabilizaci\u00f3n, Audio espacial y grabaci\u00f3n en est\u00e9reo, estabilizaci\u00f3n de v\u00eddeo<br \/>Cinematic, Video Quick Take de hasta 4K a 60 fps en Dolby Vision, grabaci\u00f3n de video 1080p Dolby Vision de hasta 60 fps<br \/>C\u00e1mara principal<br \/>Zoom digital<br \/>10x<br \/>Ajuste de enfoque<br \/>Autom\u00e1tico<br \/>Zoom \u00f3ptico<br \/>2x<br \/>Longitud focal m\u00ednima<br \/>26 mm<br \/>Apertura de la lente<br \/>F\/1.6<br \/>Resoluci\u00f3n del sensor<br \/>48 megap\u00edxeles<br \/>Detecci\u00f3n de cara<br \/>Reconocimiento facial<br \/>Fuente de luz<br \/>Flash LED True Tone<br \/>Tama\u00f1o del pixel<br \/>2 m<br \/>Estabilizador de imagen \u00f3ptico<br \/>OIS (estabilizaci\u00f3n de imagen \u00f3ptica) con desplazamiento del sensor<br \/>Efectos especiales<br \/>Estilos fotogr\u00e1ficos<br \/>Modo HDR<br \/>Smart HDR 5<br \/>Modos de c\u00e1mara<br \/>Iluminaci\u00f3n para retrato, modo nocturno, Panor\u00e1mica, modo Macro, captura a todo color y fotos en directo, modo R\u00e1faga, C\u00e1mara r\u00e1pida (modo noche), macrov\u00eddeo, Modo de lapso de tiempo, v\u00eddeo en c\u00e1mara lenta<br \/>Resoluciones de v\u00eddeo<br \/>1920 x 1080 (1080p) a 25 fps, 1920 x 1080 (1080p) at 30 fps, 1920 x 1080 (1080p) a 60 fps, 3840 x 2160 (4K) a 24 fps, 3840 x 2160 (4K) a 25 fps, 3840 x 2160 (4K) at 30 fps, 3840 x 2160 (4K) a 60 fps, 1280 x 720 (720p) a 30<br \/>fps, v\u00eddeo a c\u00e1mara lenta 1920 x 1080 (1080p) a 120 fps, v\u00eddeo a c\u00e1mara lenta 1920 x 1080 (1080p) a 240 fps<br \/>Caracter\u00edsticas<br \/>Camera Control, Spatial photos, Grabaci\u00f3n de video espacial a 1080p a 30 fps, Audio Mix, 100% Focus Pixels, tecnolog\u00eda Quad Pixel para 2,0 m, tapa de objetivo de cristal de zafiro, rango de 4x de zoom \u00f3ptico, 2x<br \/>disminuciones de zoom \u00f3ptico, 2x aumentos de zoom \u00f3ptico, Photonic Engine, Deep Fusion, enfoque de retrato y control de profundidad, Panorama (hasta 63 MP), correcci\u00f3n de ojos rojos avanzada, Estabilizaci\u00f3n de<br \/>imagen autom\u00e1tica, geoetiquetado, captura de imagen en formato HEIF, estabilizaci\u00f3n de v\u00eddeo Cinematic, Zoom de reproducci\u00f3n, Grabaci\u00f3n en est\u00e9reo, V\u00eddeo con enfoque autom\u00e1tico continuo, fotos de 8 MP y grabaci\u00f3n<br \/>de v\u00eddeo 4K, v\u00eddeo de tiempo transcurrido con estabilizaci\u00f3n, zoom de audio, Zoom digital de hasta 6x para v\u00eddeos, Video QuickTake hasta 4K a 60 fps en Dolby Vision, HEVC (codificaci\u00f3n de v\u00eddeo de alta eficiencia), AVC<br \/>(H.264), estabilizaci\u00f3n de imagen \u00f3ptica con desplazamiento del sensor para v\u00eddeo, grabaci\u00f3n de video 4K Dolby Vision a hasta 60 fps, Modo de acci\u00f3n hasta 2.8K a 60 fps, Reducci\u00f3n del ruido del viento, Audio Espacial y<br \/>grabaci\u00f3n est\u00e9reo, grabaci\u00f3n de video 1080p Dolby Vision hasta 60 fps, Modo de cine hasta 4K HDR a 30 fps<br \/>Segunda c\u00e1mara<br \/>Apertura del objetivo<br \/>F\/2.2<br \/>Longitud focal m\u00ednima<br \/>13 mm<br \/>Campo de visi\u00f3n (FoV)<br \/>120 grados<br \/>Resoluci\u00f3n del sensor<br \/>12 megap\u00edxeles<br \/>Tipo de lente<br \/>Lente de \u00e1ngulo amplio<br \/>Tama\u00f1o del pixel<br \/>1.4 m<br \/>Caracter\u00edsticas<br \/>P\u00edxeles de enfoque 100 %, correcci\u00f3n de lente<br \/>Informaci\u00f3n de sostenibilidad<br \/>De acuerdo con EPEAT<br \/>S\u00ed<br \/>Nivel EPEAT<br \/>EPEAT Gold<br \/>\u00cdndice de reparabilidad<br \/>8 (de cada 10)<br \/>Materiales de tierras raras<br \/>100 % elementos reciclados de tierras raras<br \/>Huella de carbono<br \/>56 kg de emisiones de carbono<br \/>Contenido reciclado del producto<br \/>30 % &#8211; contenido reciclado o renovable<br \/>Contenido reciclado del paquete<br \/>100 % &#8211; fibra reciclada<\/p>\n","protected":false},"excerpt":{"rendered":"<p>Movil apple iphone 16 128gb blue<\/p>\n","protected":false},"featured_media":230023,"comment_status":"closed","ping_status":"open","template":"","meta":{"_et_pb_use_builder":"","_et_pb_old_content":"","_et_gb_content_width":""},"product_brand":[2061],"product_cat":[2058,2063,2062],"product_tag":[2064,2068,2070,2067,2066],"class_list":{"0":"post-231471","1":"product","2":"type-product","3":"status-publish","4":"has-post-thumbnail","6":"product_brand-apple","7":"product_cat-dispositivos","8":"product_cat-smartphones","9":"product_cat-telefonia","10":"product_tag-apple","11":"product_tag-dispositivos","12":"product_tag-movil-apple-iphone-16-128gb-blue","13":"product_tag-smartphones","14":"product_tag-telefonia","15":"product_shipping_class-2059","16":"pa_canon-digital-incluida-2060","18":"first","19":"instock","20":"taxable","21":"shipping-taxable","22":"purchasable","23":"product-type-simple"},"_links":{"self":[{"href":"https:\/\/linkxa.es\/linkshop\/wp-json\/wp\/v2\/product\/231471","targetHints":{"allow":["GET"]}}],"collection":[{"href":"https:\/\/linkxa.es\/linkshop\/wp-json\/wp\/v2\/product"}],"about":[{"href":"https:\/\/linkxa.es\/linkshop\/wp-json\/wp\/v2\/types\/product"}],"replies":[{"embeddable":true,"href":"https:\/\/linkxa.es\/linkshop\/wp-json\/wp\/v2\/comments?post=231471"}],"wp:featuredmedia":[{"embeddable":true,"href":"https:\/\/linkxa.es\/linkshop\/wp-json\/wp\/v2\/media\/230023"}],"wp:attachment":[{"href":"https:\/\/linkxa.es\/linkshop\/wp-json\/wp\/v2\/media?parent=231471"}],"wp:term":[{"taxonomy":"product_brand","embeddable":true,"href":"https:\/\/linkxa.es\/linkshop\/wp-json\/wp\/v2\/product_brand?post=231471"},{"taxonomy":"product_cat","embeddable":true,"href":"https:\/\/linkxa.es\/linkshop\/wp-json\/wp\/v2\/product_cat?post=231471"},{"taxonomy":"product_tag","embeddable":true,"href":"https:\/\/linkxa.es\/linkshop\/wp-json\/wp\/v2\/product_tag?post=231471"}],"curies":[{"name":"wp","href":"https:\/\/api.w.org\/{rel}","templated":true}]}}