{"id":231473,"date":"2025-02-01T01:20:28","date_gmt":"2025-02-01T01:20:28","guid":{"rendered":"https:\/\/linkxa.es\/contratacion\/producto\/movil-samsung-galaxy-a05s-4-64gb\/"},"modified":"2025-08-01T21:54:50","modified_gmt":"2025-08-01T21:54:50","slug":"movil-samsung-galaxy-a05s-4-64gb","status":"publish","type":"product","link":"https:\/\/linkxa.es\/linkshop\/producto\/movil-samsung-galaxy-a05s-4-64gb\/","title":{"rendered":"Movil samsung galaxy a05s 4 64gb"},"content":{"rendered":"<p>Sum\u00e9rgete en una experiencia inmersiva<br \/>Disfr\u00fatalo todo con una claridad sorprendente. La pantalla FHD+ de 6,7&#8243; se encarga de que tus juegos y contenidos favoritos sean totalmente inmersivos y alcancen la m\u00e1xima calidad de imagen.<\/p>\n<p>Captura m\u00e1s con varias c\u00e1maras<br \/>13MP<br \/>C\u00e1mara frontal<\/p>\n<p>2MP<br \/>C\u00e1mara Macro<\/p>\n<p>50MP<br \/>C\u00e1mara Ultra gran angular<\/p>\n<p>2MP<br \/>C\u00e1mara de profundidad<\/p>\n<p>Momentos para saborear y compartir<br \/>Vuelve a los paisajes que capturaste con la C\u00e1mara Principal de 50 MP, a los detalles inmortalizados con la C\u00e1mara Macro de 2MP, a los retratos perfectos tomados con la C\u00e1mara de Profundidad de 2 MP o a<br \/>aquellos selfies magn\u00edficos que te hiciste con la C\u00e1mara Frontal de 13 MP.<\/p>\n<p>Equipado para rendir m\u00e1s y mejor<br \/>No dejes de hacer lo que m\u00e1s te gusta. Con un potente procesador Snapdragon 680, 4\/6 GB de memoria y 64\/128 GB de almacenamiento, Galaxy A05s est\u00e1 equipado para rendir al m\u00e1ximo cuando juegues,<br \/>veas contenido o lo compartas en redes sociales.<\/p>\n<p>Bater\u00eda para todo el d\u00eda<br \/>Con la bater\u00eda (t\u00edpica) de 5.000 mAh** te da tiempo de sobra para hacer todo lo que te gusta: jugar, ver series, ver tus redes sociales y mucho m\u00e1s. Y con hasta 25 W de Carga S\u00faper R\u00e1pida, puedes tenerla llena<br \/>de nuevo r\u00e1pidamente.<\/p>\n<p>Sensor lateral de huella dactilar<br \/>A\u00f1ade una capa extra de seguridad gracias al sensor lateral de huella dactilar que solo reconoce tu huella.<\/p>\n<p>Ench\u00fafalo y \u00a1A seguir!<br \/>Nos gustan las soluciones \u00fatiles, r\u00e1pidas y sencillas como el jack de 3,5 mm, siempre a punto para que enchufes tus auriculares de toda la vida.<\/p>\n<p>Procesador<br \/>Velocidad CPU<br \/>2.4GHz, 1.9GHz<br \/>Tipo CPU<br \/>Octa-Core<br \/>Pantalla<br \/>Tama\u00f1o<br \/>170.8mm (6.7&#8243; full rectangle) \/ 166.4mm (6.6&#8243; rounded corners)<br \/>Resoluci\u00f3n<br \/>1080 x 2400 (FHD+)<br \/>Tecnolog\u00eda<br \/>PLS LCD<br \/>N\u00famero de colores<br \/>16M<br \/>C\u00e1mara<br \/>C\u00e1mara principal &#8211; Resoluci\u00f3n (M\u00faltiple)<br \/>50.0 MP + 2.0 MP + 2.0 MP<br \/>C\u00e1mara principal &#8211; Apertura (M\u00faltiple)<br \/>F1.8 , F2.4 , F2.4<br \/>C\u00e1mara principal &#8211; Autofocus<br \/>S\u00ed<br \/>C\u00e1mara principal &#8211; OIS<br \/>No<br \/>C\u00e1mara principal Zoom<br \/>Zoom digital hasta 10x<br \/>C\u00e1mara frontal &#8211; Resoluci\u00f3n<br \/>13.0 MP<br \/>C\u00e1mara frontal &#8211; Apertura<br \/>F2.0<br \/>C\u00e1mara frontal &#8211; Autoenfoque<br \/>No<br \/>C\u00e1mara frontal &#8211; OIS<br \/>No<br \/>C\u00e1mara principal &#8211; Flash<br \/>S\u00ed<br \/>C\u00e1mara frontal &#8211; Flash<br \/>No<br \/>Resoluci\u00f3n de grabaci\u00f3n de v\u00eddeo<br \/>FHD (1920 x 1080)@60fps<br \/>Slow Motion<br \/>120fps @HD<br \/>Almacenamiento\/Memoria<br \/>Memoria_(GB)<br \/>4<br \/>Almacenamiento (GB)<br \/>64<br \/>Soporte de almacenamiento externo<br \/>MicroSD (hasta 1TB)<br \/>Redes\/Bandas<br \/>N\u00famero de SIM<br \/>Dual-SIM<br \/>Tipo de SIM<br \/>Nano-SIM (4FF)<br \/>Tipo de bandeja de SIM<br \/>SIM 1 + SIM 2 + MicroSD<br \/>Infra<br \/>2G GSM, 3G WCDMA, 4G LTE FDD, 4G LTE TDD<br \/>2G GSM<br \/>GSM850, GSM900, DCS1800<br \/>3G UMTS<br \/>B1(2100), B5(850), B8(900)<br \/>4G FDD LTE<br \/>B1(2100), B3(1800), B5(850), B7(2600), B8(900), B20(800), B28(700)<br \/>4G TDD LTE<br \/>B38(2600), B40(2300), B41(2500)<br \/>Conectividad<br \/>Interfaz USB<br \/>USB Tipo C<br \/>Versi\u00f3n USB<br \/>USB 2.0<br \/>Localizaci\u00f3n<br \/>GPS, Glonass, Beidou, Galileo, QZSS<br \/>Auriculares<br \/>3.5mm Stereo<br \/>MHL<br \/>No<br \/>Wi-Fi<br \/>802.11 a\/b\/g\/n\/ac 2.4G+5GHz, VHT80<br \/>Wi-Fi Direct<br \/>S\u00ed<br \/>Versi\u00f3n Bluetooth<br \/>Bluetooth v5.1<br \/>NFC<br \/>S\u00ed<br \/>PC Sync.<br \/>Smart Switch (PC version)<br \/>Sistema Operativo<br \/>Android<br \/>Informaci\u00f3n general<br \/>Formato<br \/>T\u00e1ctil<br \/>Sensores<br \/>Aceler\u00f3metro, Sensor de huella dactilar, Luminosidad, Sensor de Proximidad<br \/>Especificaciones f\u00edsicas<br \/>Dimensiones (AlxAnxProf, mm)<br \/>168.0 x 77.8 x 8.8<br \/>Peso (g)<br \/>195<br \/>Bater\u00eda<br \/>Capacidad de bater\u00eda (mAh, t\u00edpico)<br \/>5000<br \/>Extra\u00edble<br \/>No<br \/>Audio y V\u00eddeo<br \/>Formatos de reproducci\u00f3n de V\u00eddeo<br \/>MP4, M4V, 3GP, 3G2, AVI, FLV, MKV, WEBM<br \/>Resoluci\u00f3n de reproducci\u00f3n de V\u00eddeo<br \/>FHD (1920 x 1080) @60fps<br \/>Formatos de reproducci\u00f3n de Audio<br \/>MP3, M4A, 3GA, AAC, OGG, OGA, WAV, AMR, AWB, FLAC, MID, MIDI, XMF, MXMF, IMY, RTTTL, RTX, OTA<br \/>Servicios y Aplicaciones<br \/>Compatibilidad Gear<br \/>Galaxy Buds2 Pro, Galaxy Buds Pro, Galaxy Buds Live, Galaxy Buds+, Galaxy Buds2, Galaxy Buds, Galaxy Fit2, Galaxy Fit e, Galaxy Fit, Galaxy Watch6, Galaxy Watch5, Galaxy Watch4, Galaxy Watch3, Galaxy Watch,<br \/>Galaxy Watch Active2, Galaxy Watch Active<\/p>\n","protected":false},"excerpt":{"rendered":"<p>Movil samsung galaxy a05s 4 &#8211; 64gb negro<\/p>\n","protected":false},"featured_media":230028,"comment_status":"closed","ping_status":"open","template":"","meta":{"_et_pb_use_builder":"","_et_pb_old_content":"","_et_gb_content_width":""},"product_brand":[2072],"product_cat":[2058,2063,2062],"product_tag":[2068,2074,2073,2067,2066],"class_list":{"0":"post-231473","1":"product","2":"type-product","3":"status-publish","4":"has-post-thumbnail","6":"product_brand-samsung","7":"product_cat-dispositivos","8":"product_cat-smartphones","9":"product_cat-telefonia","10":"product_tag-dispositivos","11":"product_tag-movil-samsung-galaxy-a05s-4-64gb","12":"product_tag-samsung","13":"product_tag-smartphones","14":"product_tag-telefonia","15":"product_shipping_class-2059","16":"pa_canon-digital-incluida-2060","18":"first","19":"instock","20":"taxable","21":"shipping-taxable","22":"purchasable","23":"product-type-simple"},"_links":{"self":[{"href":"https:\/\/linkxa.es\/linkshop\/wp-json\/wp\/v2\/product\/231473","targetHints":{"allow":["GET"]}}],"collection":[{"href":"https:\/\/linkxa.es\/linkshop\/wp-json\/wp\/v2\/product"}],"about":[{"href":"https:\/\/linkxa.es\/linkshop\/wp-json\/wp\/v2\/types\/product"}],"replies":[{"embeddable":true,"href":"https:\/\/linkxa.es\/linkshop\/wp-json\/wp\/v2\/comments?post=231473"}],"wp:featuredmedia":[{"embeddable":true,"href":"https:\/\/linkxa.es\/linkshop\/wp-json\/wp\/v2\/media\/230028"}],"wp:attachment":[{"href":"https:\/\/linkxa.es\/linkshop\/wp-json\/wp\/v2\/media?parent=231473"}],"wp:term":[{"taxonomy":"product_brand","embeddable":true,"href":"https:\/\/linkxa.es\/linkshop\/wp-json\/wp\/v2\/product_brand?post=231473"},{"taxonomy":"product_cat","embeddable":true,"href":"https:\/\/linkxa.es\/linkshop\/wp-json\/wp\/v2\/product_cat?post=231473"},{"taxonomy":"product_tag","embeddable":true,"href":"https:\/\/linkxa.es\/linkshop\/wp-json\/wp\/v2\/product_tag?post=231473"}],"curies":[{"name":"wp","href":"https:\/\/api.w.org\/{rel}","templated":true}]}}