{"id":231476,"date":"2025-05-05T01:17:18","date_gmt":"2025-05-05T01:17:18","guid":{"rendered":"https:\/\/linkxa.es\/contratacion\/producto\/movil-apple-iphone-16-128gb-pink\/"},"modified":"2025-08-01T21:55:45","modified_gmt":"2025-08-01T21:55:45","slug":"movil-apple-iphone-16-128gb-pink","status":"publish","type":"product","link":"https:\/\/linkxa.es\/linkshop\/producto\/movil-apple-iphone-16-128gb-pink\/","title":{"rendered":"Movil apple iphone 16 128gb pink"},"content":{"rendered":"<p>Destacado<\/p>\n<p>Control de C\u00e1mara. Haz la foto perfecta. Sin apenas mover un dedo<br \/>Chip A18. Personal en cada detalle<br \/>Un subid\u00f3n en autonom\u00eda? Marchando<br \/>Nuevo ultra gran angular. Lleva tus fotos m\u00e1s all\u00e1. Y m\u00e1s ac\u00e1<br \/>iOS 18. Personal en cada detalle<\/p>\n<p>Apple iPhone 16 . Diagonal de la pantalla: 15,5 cm (6.1&#8243;), Resoluci\u00f3n de la pantalla: 2556 x 1179 Pixeles. Familia de procesador: Apple, Modelo del procesador: A18. Capacidad de almacenamiento interno: 128 GB.<br \/>Resoluci\u00f3n de la c\u00e1mara trasera (num\u00e9rica): 48 MP, Tipo de c\u00e1mara trasera: C\u00e1mara doble. Capacidad de la tarjeta SIM: SIM doble. Sistema operativo instalado: iOS 18. Color del producto: Rosa. Peso: 170 g<\/p>\n<p>Peso y dimensiones<br \/>Altura<br \/>147,6 mm<br \/>Ancho<br \/>71,6 mm<br \/>Peso<br \/>170 g<br \/>Profundidad<br \/>7,8 mm<br \/>Exhibici\u00f3n<br \/>Alto Rango Din\u00e1mico (HDR)<br \/>Si<br \/>Tecnolog\u00eda HDR (High Dynamic Range, Alto rango din\u00e1mico)<br \/>Dolby Vision, Extreme Dynamic Range (XDR), High Dynamic Range 10 (HDR10), High Dynamic Range 10+ (HDR10 Plus), Hybrid Log-Gamma (HLG), Smart HDR<br \/>Anti-huellas<br \/>Si<br \/>Brillo de pantalla<br \/>1000 cd \/ m<br \/>Brillo m\u00e1ximo de la pantalla (HDR)<br \/>1600 cd \/ m<br \/>Brillo m\u00e1ximo de la pantalla (exteriores)<br \/>2000 cd \/ m<br \/>Brillo de la pantalla (m\u00edn.)<br \/>1 cd \/ m<br \/>Densidad del pixel<br \/>460 ppp<br \/>Diagonal de la pantalla<br \/>15,5 cm (6.1&#8243;)<br \/>Forma de la pantalla<br \/>Plana<br \/>Nombre comercial de la tecnolog\u00eda de la pantalla<br \/>Super Retina XDR<br \/>Pantalla con esquinas redondeadas<br \/>Si<br \/>Raz\u00f3n de contraste (t\u00edpica)<br \/>2000000:1<br \/>Recubrimiento oleof\u00f3bico<br \/>Si<br \/>Resoluci\u00f3n de la pantalla<br \/>2556 x 1179 Pixeles<br \/>Tecnolog\u00edas espec\u00edficas<br \/>Dynamic Island, Toque h\u00e1ptico, True Tone, Amplia gama de colores (P3)<br \/>Tipo de pantalla<br \/>OLED<br \/>Tipo de cristal de pantalla<br \/>Ceramic Shield<br \/>Tipo de pantalla t\u00e1ctil<br \/>Capacitiva<br \/>Procesador<br \/>Coprocesador<br \/>Si<br \/>modelo Coprocesador<br \/>Neural Engine<br \/>Familia de procesador<br \/>Apple<br \/>Modelo del procesador<br \/>A18<br \/>N\u00facleos de rendimiento<br \/>2<br \/>N\u00facleos de eficiencia<br \/>4<br \/>N\u00famero de n\u00facleos de procesador<br \/>6<br \/>n\u00facleos coprocesador<br \/>16<br \/>Medios de almacenaje<br \/>Capacidad de almacenamiento interno<br \/>128 GB<br \/>Tarjetas de memoria compatibles<br \/>No compatible<br \/>C\u00e1mara fotogr\u00e1fica<br \/>Acercamiento \u00f3ptico (zoom in)<br \/>2x<br \/>Alejamiento \u00f3ptico (zoom out)<br \/>2x<br \/>Autoenfoque<br \/>Si<br \/>Camera button controls<br \/>Cameras, Depth, Exposure, Styles, Tono, Acercar<br \/>Correcci\u00f3n de ojos rojos<br \/>Y<br \/>C\u00e1mara trasera con flash<br \/>Si<br \/>C\u00e1mara frontal con flash<br \/>Si<br \/>Deep Fusion<br \/>Si<br \/>Detector de rostro<br \/>Si<br \/>Disparador multiple<br \/>Si<br \/>Disparador autom\u00e1tico<br \/>Si<br \/>Distancia focal de la c\u00e1mara trasera<br \/>2,6 cm<br \/>Distancia focal de la segunda c\u00e1mara trasera<br \/>5,2 cm<br \/>Estabilizador de v\u00eddeo<br \/>Si<br \/>Estabilizador de imagen<br \/>Si<br \/>\u00c1ngulo del campo de visi\u00f3n (FOV) de la segunda c\u00e1mara trasera<br \/>120<br \/>Formatos de imagen de la c\u00e1mara compatibles<br \/>HEIF, JPEG<br \/>Formatos de v\u00eddeo de la c\u00e1mara compatibles<br \/>H.264, HEVC<br \/>Fotograf\u00eda macro<br \/>Si<br \/>Geoetiquetado<br \/>Si<br \/>Grabaci\u00f3n en est\u00e9reo<br \/>Si<br \/>Modo de alto rango din\u00e1mico (HDR) de la c\u00e1mara<br \/>Si<br \/>Iluminaci\u00f3n para retrato<br \/>Si<br \/>Lens correction<br \/>Si<br \/>Material de la cubierta de la lente<br \/>Cristal de zafiro<br \/>Modo de lapso de tiempo<br \/>Si<br \/>Modo noche<br \/>Si<br \/>Modo retrato<br \/>Si<br \/>Modos de grabaci\u00f3n de v\u00eddeo<br \/>720p, 1080p, 2160p<br \/>Motor fot\u00f3nico<br \/>Si<br \/>N\u00famero de apertura de la c\u00e1mara trasera<br \/>1,6<br \/>N\u00famero de apertura de la segunda c\u00e1mara trasera<br \/>2,2<br \/>N\u00famero de apertura de la c\u00e1mara frontal<br \/>1,9<br \/>Panor\u00e1mica<br \/>Si<br \/>Resoluci\u00f3n de la c\u00e1mara trasera (num\u00e9rica)<br \/>48 MP<br \/>Resoluci\u00f3n de la c\u00e1mara frontal (num\u00e9rica)<br \/>12 MP<br \/>Resoluci\u00f3n de la segunda c\u00e1mara trasera (num\u00e9rica)<br \/>12 MP<br \/>Resoluci\u00f3n de captura de video<br \/>3840 x 2160 Pixeles<br \/>Resoluci\u00f3n en velocidad de captura<br \/>1280&#215;720@30fps, 1920&#215;1080@25fps, 1920&#215;1080@30fps, 1920&#215;1080@60fps, 3840&#215;2160@24fps, 3840&#215;2160@25fps, 3840&#215;2160@30fps, 3840&#215;2160@60fps<br \/>Spatial photos<br \/>Si<br \/>Tipo de c\u00e1mara trasera<br \/>C\u00e1mara doble<br \/>Tipo de c\u00e1mara frontal<br \/>C\u00e1mara \u00fanica<br \/>Tipo de estabilizador de imagen<br \/>Optical Image Stabilization (OIS)<br \/>Velocidad m\u00e1xima de cuadro<br \/>240 pps<br \/>Wind noise reduction<br \/>Si<br \/>Zoom \u00f3ptico<br \/>4x<br \/>Zoom digital<br \/>10x<br \/>Zoom de audio<br \/>Si<br \/>Puertos e Interfaces<br \/>Conector USB<br \/>USB Tipo C<br \/>Puerto USB<br \/>Si<br \/>Conexi\u00f3n<br \/>Est\u00e1ndares 3G<br \/>DC-HSDPA, HSPA+, UMTS<br \/>Bandas 3G soportadas<br \/>850,900,1700,1800,1900,2100 MHz<br \/>Est\u00e1ndar 4G<br \/>LTE-TDD &#038; LTE-FDD<br \/>Est\u00e1ndar 5G<br \/>NR, NR mmWave<br \/>AirPlay<br \/>Si<br \/>Banda de frecuencia<br \/>Pentabanda<br \/>Bluetooth<br \/>Si<br \/>Versi\u00f3n de Bluetooth<br \/>5.3<br \/>Comunicaci\u00f3n de Campo Cercano (NFC)<br \/>Si<br \/>Capacidad de la tarjeta SIM<br \/>SIM doble<br \/>Wi-Fi est\u00e1ndares<br \/>Wi-Fi 7 (802.11be)<br \/>Generaci\u00f3n de red m\u00f3vil<br \/>5G<br \/>Voces superpuestas LTE (VoLTE) compatibles<br \/>Si<br \/>MIMO<br \/>Si<br \/>Tipo de tarjeta SIM<br \/>NanoSIM + eSIM<br \/>Wifi<br \/>Si<br \/>iBeacon<br \/>Si<br \/>Bater\u00eda<br \/>Continuous video playback time (streamed)<br \/>18 h<br \/>Tecnolog\u00eda de bater\u00eda<br \/>I\u00f3n de litio<br \/>Tiempo continuo de reproducci\u00f3n de audio<br \/>80 h<br \/>Tiempo continuo de reproducci\u00f3n de video<br \/>22 h<br \/>Mensajer\u00eda<br \/>Correo electr\u00f3nico<br \/>Si<br \/>Sistema de mensajer\u00eda multimedia (MMS)<br \/>Si<br \/>Servicios de mensajes cortos (SMS)<br \/>Si<br \/>Condiciones ambientales<br \/>Altitud de funcionamiento<br \/>0 &#8211; 3000 m<br \/>Intervalo de temperatura operativa<br \/>0 &#8211; 35 C<br \/>Intervalo de temperatura de almacenaje<br \/>-20 &#8211; 45 C<br \/>Intervalo de humedad relativa para funcionamiento<br \/>5 &#8211; 95%<\/p>\n<p>Contenido del embalaje<br \/>Adaptador AC incluido<br \/>No<br \/>Cables incluidos<br \/>USB tipo C a USB tipo C<br \/>Otras caracter\u00edsticas<br \/>No contiene<br \/>Ars\u00e9nico, BFR, Mercurio, PVC<br \/>Desempe\u00f1o<br \/>Action button<br \/>Si<br \/>Action button features<br \/>Accessibility, Linterna, Recognize Music, Translate, C\u00e1mara, Focus, Shortcut, Voice Memo, Controls, Lupa, Silent mode<br \/>Adaptadores de n\u00facleo gr\u00e1fico<br \/>5<br \/>Alerta vibratoria<br \/>Si<br \/>Altavoz<br \/>Si<br \/>Audio espacial<br \/>Si<br \/>Camera button<br \/>Si<br \/>Carga r\u00e1pida<br \/>Si<br \/>Cargador inal\u00e1mbrico<br \/>Si<br \/>Comandos de voz<br \/>Si<br \/>Detecci\u00f3n de accidentes<br \/>Si<br \/>Emergencia SOS (sat\u00e9lite)<br \/>Si<br \/>Llamada por voz<br \/>Si<br \/>Prestaciones de accesibilidad<br \/>AssistiveTouch, Back Tap, Subt\u00edtulos cerrados, Eye Tracking, Live Captions, Live Speech, Lupa, Personal Voice, Real-time text (RTT), Siri y dictado, Contenido hablado, Switch Control, Teletype (TTY), Type to Siri, Vocal<br \/>Shortcuts, Control por voz, VoiceOver, Acercar<br \/>Reconocimiento de cara<br \/>Si<br \/>Roadside assistance<br \/>Si<br \/>Screen sharing<br \/>Si<br \/>Wide Spectrum<br \/>Si<br \/>Video llamada<br \/>Si<br \/>Voice isolation<br \/>Si<br \/>Dise\u00f1o<br \/>Color del producto<br \/>Rosa<br \/>C\u00f3digo IP (International Protection)<br \/>IP68<br \/>Factor de forma<br \/>Barra<br \/>Funciones de protecci\u00f3n<br \/>Resistente al polvo, A prueba de salpicaduras, Resistente al agua<br \/>Humedad: resistente al agua hasta<br \/>6 m<br \/>Material de la carcasa<br \/>Aluminio, Vidrio<br \/>Navegaci\u00f3n<br \/>BeiDou<br \/>Si<br \/>Br\u00fajula electr\u00f3nica<br \/>Si<br \/>Posicionamiento de Wi-Fi<br \/>Si<br \/>GLONASS<br \/>Si<br \/>GPS<br \/>Si<br \/>GPS (sat\u00e9lite)<br \/>Si<br \/>Galileo<br \/>Si<br \/>Sistema por Sat\u00e9lite Quasi-Zenith (QZSS)<br \/>Si<br \/>Multimedia<br \/>Altavoces<br \/>Est\u00e9reo<br \/>Formato de archivos soportados<br \/>Zip<br \/>Formatos de audio soportados<br \/>AAC, AAC-LC, AAX, AAX+, AC3, EAC3, FLAC, HE-AAC, HE-AAC v2, MP3, PCM<br \/>Formatos de v\u00eddeo compatibles<br \/>AV1, H.264, HEVC, M-JPEG, MPEG4<br \/>Formatos de imagen soportados<br \/>GIF, JPEG, TIFF<br \/>Formatos de texto soportados<br \/>DOC, DOCX, HTM, HTML, ICS, Llave, N\u00fameros, PDF, PPT, PPTX, Pages, RTF, TXT, USDZ, VCF, XLS, XLSX<br \/>Modo de reproducci\u00f3n<br \/>Burst Shooting, Acercar<br \/>Software<br \/>Apple Intelligence<br \/>Si<br \/>Asistente virtual<br \/>Apple Siri<br \/>Sistema operativo MAC soportado<br \/>Si<br \/>Plataforma<br \/>iOS<br \/>Plataforma de distribuciones de aplicaciones<br \/>Apple App Store<br \/>Sistema operativo instalado<br \/>iOS 18<br \/>Sistema operativo Windows soportado<br \/>Si<br \/>Software incluido<br \/>Apple Store App Store Books Calculator Calendar Camera Clips Clock Compass Contacts FaceTime Files Find My Fitness Freeform GarageBand Health Home iMovie iTunes Store Keynote Magnifier Mail Maps Measure<br \/>Messages Music News Notes Numbers Pages Passwords Phone Photos Podcasts Reminders Safari Settings Shortcuts Stocks Tips Translate TV Voice Memos Wallet Watch Weather<br \/>Suscripci\u00f3n<br \/>Tipo de suscripci\u00f3n<br \/>Sin suscripci\u00f3n<br \/>Sensores<br \/>Aceler\u00f3metro<br \/>Si<br \/>Bar\u00f3metro<br \/>Si<br \/>Giroscopio<br \/>Si<br \/>Sensor de proximidad<br \/>Si<br \/>Sensor de luz ambiental<br \/>Si<br \/>Sensor de orientac\u00edon<br \/>Si<\/p>\n","protected":false},"excerpt":{"rendered":"<p>Movil apple iphone 16 128gb pink<\/p>\n","protected":false},"featured_media":230035,"comment_status":"closed","ping_status":"open","template":"","meta":{"_et_pb_use_builder":"","_et_pb_old_content":"","_et_gb_content_width":""},"product_brand":[2061],"product_cat":[2058,2063,2062],"product_tag":[2064,2068,2077,2067,2066],"class_list":{"0":"post-231476","1":"product","2":"type-product","3":"status-publish","4":"has-post-thumbnail","6":"product_brand-apple","7":"product_cat-dispositivos","8":"product_cat-smartphones","9":"product_cat-telefonia","10":"product_tag-apple","11":"product_tag-dispositivos","12":"product_tag-movil-apple-iphone-16-128gb-pink","13":"product_tag-smartphones","14":"product_tag-telefonia","15":"product_shipping_class-2059","16":"pa_canon-digital-incluida-2060","18":"first","19":"instock","20":"taxable","21":"shipping-taxable","22":"purchasable","23":"product-type-simple"},"_links":{"self":[{"href":"https:\/\/linkxa.es\/linkshop\/wp-json\/wp\/v2\/product\/231476","targetHints":{"allow":["GET"]}}],"collection":[{"href":"https:\/\/linkxa.es\/linkshop\/wp-json\/wp\/v2\/product"}],"about":[{"href":"https:\/\/linkxa.es\/linkshop\/wp-json\/wp\/v2\/types\/product"}],"replies":[{"embeddable":true,"href":"https:\/\/linkxa.es\/linkshop\/wp-json\/wp\/v2\/comments?post=231476"}],"wp:featuredmedia":[{"embeddable":true,"href":"https:\/\/linkxa.es\/linkshop\/wp-json\/wp\/v2\/media\/230035"}],"wp:attachment":[{"href":"https:\/\/linkxa.es\/linkshop\/wp-json\/wp\/v2\/media?parent=231476"}],"wp:term":[{"taxonomy":"product_brand","embeddable":true,"href":"https:\/\/linkxa.es\/linkshop\/wp-json\/wp\/v2\/product_brand?post=231476"},{"taxonomy":"product_cat","embeddable":true,"href":"https:\/\/linkxa.es\/linkshop\/wp-json\/wp\/v2\/product_cat?post=231476"},{"taxonomy":"product_tag","embeddable":true,"href":"https:\/\/linkxa.es\/linkshop\/wp-json\/wp\/v2\/product_tag?post=231476"}],"curies":[{"name":"wp","href":"https:\/\/api.w.org\/{rel}","templated":true}]}}