{"id":231477,"date":"2025-02-25T02:55:29","date_gmt":"2025-02-25T02:55:29","guid":{"rendered":"https:\/\/linkxa.es\/contratacion\/producto\/movil-samsung-galaxy-a16-5g-4\/"},"modified":"2025-08-01T21:56:17","modified_gmt":"2025-08-01T21:56:17","slug":"movil-samsung-galaxy-a16-5g-4","status":"publish","type":"product","link":"https:\/\/linkxa.es\/linkshop\/producto\/movil-samsung-galaxy-a16-5g-4\/","title":{"rendered":"Movil samsung galaxy a16 5g 4"},"content":{"rendered":"<p>&#8211; PROCESADOR\u00a0<br \/>Velocidad de la CPU: 2,4 GHz, 2 GHz\u00a0<br \/>Tipo de CPU: Octa-Core\u00a0<\/p>\n<p>&#8211; PANTALLA\u00a0<br \/>Tama\u00f1o (pantalla principal): 169,1 mm (rect\u00e1ngulo completo de 6,7&#8243;) \/ 164,5 mm (esquinas redondeadas de 6,5&#8243;)\u00a0<br \/>Resoluci\u00f3n (pantalla principal): 1080 x 2340 (FHD+)\u00a0<br \/>Tecnolog\u00eda (pantalla principal): Super AMOLED\u00a0<br \/>Profundidad de color (pantalla principal): 16M\u00a0<br \/>Frecuencia de actualizaci\u00f3n m\u00e1xima (pantalla principal): 90 Hz\u00a0<\/p>\n<p>&#8211; C\u00c1MARA\u00a0<br \/>C\u00e1mara trasera &#8211; Resoluci\u00f3n: 50.0 MP + 5.0 MP + 2.0 MP\u00a0<br \/>C\u00e1mara trasera &#8211; Apertura: F1.8, F2.2, F2.4\u00a0<br \/>C\u00e1mara trasera &#8211; Enfoque autom\u00e1tico: S\u00ed\u00a0<br \/>C\u00e1mara trasera &#8211; OIS: No\u00a0<br \/>Zoom de c\u00e1mara trasera: Zoom digital hasta 10x\u00a0<br \/>C\u00e1mara trasera &#8211; Flash: S\u00ed\u00a0<\/p>\n<p>C\u00e1mara frontal &#8211; Resoluci\u00f3n: 13.0 MP\u00a0<br \/>C\u00e1mara frontal &#8211; Apertura: F2.0\u00a0<br \/>C\u00e1mara frontal &#8211; Enfoque autom\u00e1tico: No\u00a0<br \/>C\u00e1mara frontal &#8211; OIS: No\u00a0<br \/>C\u00e1mara frontal &#8211; Flash: No\u00a0<\/p>\n<p>Resoluci\u00f3n de grabaci\u00f3n de video: FHD (1920 x 1080) a 30 fps\u00a0<br \/>C\u00e1mara lenta: 120 fps a HD\u00a0<\/p>\n<p>&#8211; ALMACENAMIENTO\/MEMORIA\u00a0<br \/>Memoria (GB): 4\u00a0<br \/>Almacenamiento (GB): 128\u00a0<br \/>Almacenamiento disponible (GB): 109.3\u00a0<br \/>Compatibilidad con almacenamiento externo: MicroSD (hasta 1.5 TB)\u00a0<\/p>\n<p>&#8211; RED\/PORTADOR\u00a0<br \/>N\u00famero de SIM: Dual-SIM\u00a0<br \/>Tama\u00f1o de SIM: Nano-SIM (4FF)\u00a0<br \/>Tipo de ranura SIM: SIM 1 + H\u00edbrida (SIM o MicroSD)\u00a0<\/p>\n<p>Infra: 2G GSM, 3G WCDMA, 4G LTE FDD, 4G LTE TDD, 5G Sub6 FDD, 5G Sub6 TDD\u00a0<\/p>\n<p>2G GSM: GSM850, GSM900, DCS1800, PCS1900\u00a0<br \/>3G UMTS: B1(2100), B2(1900), B4(AWS), B5(850), B8(900)\u00a0<br \/>4G FDD LTE: B1(2100), B2(1900), B3(1800), B4(AWS), B5(850), B7(2600), B8(900), B12(700), B17(700), B20(800), B28(700), B66(AWS-3)\u00a0<br \/>4G TDD LTE: B38(2600), B40(2300), B41(2500)\u00a0<br \/>5G FDD Sub6: N1(2100), N3(1800), N7(2600), N8(900), N20(800), N28(700)\u00a0<br \/>5G TDD Sub6: N38(2600), N40(2300), N41(2500), N77(3700), N78(3500)\u00a0<\/p>\n<p>&#8211; CONECTIVIDAD\u00a0<br \/>Interfaz USB: USB tipo C\u00a0<br \/>Versi\u00f3n USB: USB 2.0\u00a0<br \/>Tecnolog\u00eda de ubicaci\u00f3n: GPS, Glonass, Beidou, Galileo, QZSS\u00a0<br \/>Auriculares: USB tipo C\u00a0<br \/>MHL: No\u00a0<br \/>Wi-Fi: 802.11a\/b\/g\/n\/ac 2.4GHz+5GHz, VHT80\u00a0<br \/>Wi-Fi Direct: S\u00ed\u00a0<br \/>Versi\u00f3n de Bluetooth: Bluetooth v5.3\u00a0<br \/>NFC: S\u00ed\u00a0<br \/>Sincronizaci\u00f3n con PC: Smart Switch (versi\u00f3n para PC)\u00a0<\/p>\n<p>&#8211; SISTEMA OPERATIVO\u00a0<br \/>Android\u00a0<\/p>\n<p>&#8211; INFORMACI\u00d3N GENERAL\u00a0<br \/>Factor de forma: Barra de pantalla t\u00e1ctil\u00a0<\/p>\n<p>&#8211; SENSORES\u00a0<br \/>Aceler\u00f3metro, sensor de huellas dactilares, sensor girosc\u00f3pico, sensor geomagn\u00e9tico, sensor de luz, detecci\u00f3n de proximidad virtual\u00a0<\/p>\n<p>&#8211; ESPECIFICACIONES F\u00cdSICAS\u00a0<br \/>Dimensiones (alto x ancho x profundidad, mm): 164,4 x 77,9 x 7,9\u00a0<br \/>Peso (g): 200\u00a0<\/p>\n<p>&#8211; BATER\u00cdA\u00a0<br \/>Tiempo de uso de Internet (LTE) (horas): Hasta 15\u00a0<br \/>Tiempo de uso de Internet (Wi-Fi) (horas): Hasta 16\u00a0<br \/>Tiempo de reproducci\u00f3n de video (horas, inal\u00e1mbrica): Hasta 18\u00a0<br \/>Capacidad de la bater\u00eda (mAh, t\u00edpica): 5000\u00a0<br \/>Extra\u00edble: No\u00a0<br \/>Tiempo de reproducci\u00f3n de audio (horas, inal\u00e1mbrica): Hasta 79\u00a0<\/p>\n<p>&#8211; AUDIO Y VIDEO\u00a0<br \/>Compatibilidad con est\u00e9reo: No\u00a0<br \/>Formato de reproducci\u00f3n de video: MP4, M4V, 3GP, 3G2, AVI, FLV, MKV, WEBM\u00a0<br \/>Resoluci\u00f3n de reproducci\u00f3n de video: UHD 4K (3840 x 2160) a 30 fps\u00a0<br \/>Formato de reproducci\u00f3n de audio: MP3, M4A, 3GA, AAC, OGG, OGA, WAV, AMR, AWB, FLAC, MID, MIDI, XMF, MXMF, IMY, RTTTL, RTX, OTA\u00a0<\/p>\n<p>&#8211; SERVICIOS Y APLICACIONES\u00a0<br \/>Soporte de Gear: Galaxy Ring, Galaxy Buds3 Pro, Galaxy Buds2 Pro, Galaxy Buds Pro, Galaxy Buds Live, Galaxy Buds+, Galaxy Buds3, Galaxy Buds2, Galaxy Buds, Galaxy Buds FE, Galaxy Fit3, Galaxy Fit2, Galaxy Fit e, Galaxy Fit, Galaxy Watch FE, Galaxy Watch Ultra, Galaxy Watch7, Galaxy Watch6, Galaxy Watch5, Galaxy Watch4, Galaxy Watch3, Galaxy Watch, Galaxy Watch Active2, Galaxy Watch Active\u00a0<br \/>Soporte de Samsung DeX: No\u00a0<br \/>Soporte para aud\u00edfonos Bluetooth: Transmisi\u00f3n de audio de Android para personas con problemas de audici\u00f3n (ASHA)\u00a0<br \/>Soporte para SmartThings: S\u00ed\u00a0<br \/>Televisi\u00f3n m\u00f3vil: No\u00a0<\/p>\n","protected":false},"excerpt":{"rendered":"<p>Movil samsung galaxy a16 5g 4 &#8211; 128gb negro<\/p>\n","protected":false},"featured_media":230038,"comment_status":"closed","ping_status":"open","template":"","meta":{"_et_pb_use_builder":"","_et_pb_old_content":"","_et_gb_content_width":""},"product_brand":[2072],"product_cat":[2058,2063,2062],"product_tag":[2068,2078,2073,2067,2066],"class_list":{"0":"post-231477","1":"product","2":"type-product","3":"status-publish","4":"has-post-thumbnail","6":"product_brand-samsung","7":"product_cat-dispositivos","8":"product_cat-smartphones","9":"product_cat-telefonia","10":"product_tag-dispositivos","11":"product_tag-movil-samsung-galaxy-a16-5g-4","12":"product_tag-samsung","13":"product_tag-smartphones","14":"product_tag-telefonia","15":"product_shipping_class-2059","16":"pa_canon-digital-incluida-2060","18":"first","19":"instock","20":"taxable","21":"shipping-taxable","22":"purchasable","23":"product-type-simple"},"_links":{"self":[{"href":"https:\/\/linkxa.es\/linkshop\/wp-json\/wp\/v2\/product\/231477","targetHints":{"allow":["GET"]}}],"collection":[{"href":"https:\/\/linkxa.es\/linkshop\/wp-json\/wp\/v2\/product"}],"about":[{"href":"https:\/\/linkxa.es\/linkshop\/wp-json\/wp\/v2\/types\/product"}],"replies":[{"embeddable":true,"href":"https:\/\/linkxa.es\/linkshop\/wp-json\/wp\/v2\/comments?post=231477"}],"wp:featuredmedia":[{"embeddable":true,"href":"https:\/\/linkxa.es\/linkshop\/wp-json\/wp\/v2\/media\/230038"}],"wp:attachment":[{"href":"https:\/\/linkxa.es\/linkshop\/wp-json\/wp\/v2\/media?parent=231477"}],"wp:term":[{"taxonomy":"product_brand","embeddable":true,"href":"https:\/\/linkxa.es\/linkshop\/wp-json\/wp\/v2\/product_brand?post=231477"},{"taxonomy":"product_cat","embeddable":true,"href":"https:\/\/linkxa.es\/linkshop\/wp-json\/wp\/v2\/product_cat?post=231477"},{"taxonomy":"product_tag","embeddable":true,"href":"https:\/\/linkxa.es\/linkshop\/wp-json\/wp\/v2\/product_tag?post=231477"}],"curies":[{"name":"wp","href":"https:\/\/api.w.org\/{rel}","templated":true}]}}