{"id":231486,"date":"2025-06-30T02:34:35","date_gmt":"2025-06-30T02:34:35","guid":{"rendered":"https:\/\/linkxa.es\/contratacion\/producto\/movil-oppo-a18-6-56-pulgadas-4gb-128gb\/"},"modified":"2025-08-01T21:58:11","modified_gmt":"2025-08-01T21:58:11","slug":"movil-oppo-a18-6-56-pulgadas-4gb-128gb","status":"publish","type":"product","link":"https:\/\/linkxa.es\/linkshop\/producto\/movil-oppo-a18-6-56-pulgadas-4gb-128gb\/","title":{"rendered":"Movil oppo a18 6.56 pulgadas 4gb 128gb"},"content":{"rendered":"<p>\u00bfQuieres un tel\u00e9fono que siga el ritmo de tus desplazamientos, capturas, miradas y trabajos? La inteligencia tecnol\u00f3gica del OPPO A18 se traduce en un rendimiento fluido del tel\u00e9fono que resiste la prueba del tiempo, junto con toda la memoria operativa y el almacenamiento que puedas necesitar.<\/p>\n<p>La pantalla m\u00e1s grande y brillante te brinda colores excelentes y una frecuencia de actualizaci\u00f3n r\u00e1pida, sumergi\u00e9ndote en una incre\u00edble acci\u00f3n en pantalla que fluye sin problemas de segundo a segundo.<\/p>\n<p>Caracter\u00edsticas<\/p>\n<p>Modo ultravolumen: 300% m\u00e1s alegr\u00eda. Ya sea que necesite sumergirse en un ambiente ruidoso o aumentar la energ\u00eda en una reuni\u00f3n social, el modo Ultra Volumen ahora brinda una claridad de audio excepcional con una salida que se puede aumentar hasta en un 300%.<br \/>Bater\u00eda grande de 5000 mAh: Sigue y sigue y sigue y sigue&#8230; Administre la agitada agenda de un d\u00eda completo, juegue su \u00faltimo juego hasta que le fallen los dedos o rel\u00e1jese navegando por sus redes sociales en un tiempo libre bien merecido. Sea lo que sea para lo que necesites tu tel\u00e9fono, esta gran bater\u00eda mantendr\u00e1 a raya el miedo a la bater\u00eda.<br \/>Desbloqueo lateral de huellas dactilares: Libera tu potencial. Agregue un toque de clase a cada d\u00eda con el sofisticado dise\u00f1o 2D de alta gama. Luego, entra directamente en la acci\u00f3n en pantalla, gracias a la funci\u00f3n de desbloqueo r\u00e1pido de huellas dactilares en el lateral.<br \/>Retoque de retratos con IA. Ilumina cada retrato y sorprende cada captura con el retoque de retratos con IA.<br \/>Bokeh retrato. Eleve a sus sujetos al centro de atenci\u00f3n con el modo retrato, que centra a las personas en el encuadre para una captura impresionante.<br \/>Pruebas realmente estrictas. Si\u00e9ntase seguro de que su nuevo tel\u00e9fono es elegante y lo suficientemente resistente para resistir los desaf\u00edos de la vida. Tras exhaustivas pruebas de estr\u00e9s, este tel\u00e9fono est\u00e1 dise\u00f1ado para durar.<\/p>\n<p>Especificaciones OPPO A18<\/p>\n<p>Sistema operativo ColorOS 13.1<br \/>Procesador MediaTek Helio G85 Octa-core (hasta 2.0 GHz)<br \/>GPU Mali G52 MC2 @1000MHz<br \/>Pantalla 6.56&#8243; HD+ (1612 x 720 p\u00edxeles)<br \/>Formato de pantalla: 89,80%<br \/>Frecuencia de actualizaci\u00f3n: 90\/60 Hz<br \/>Frecuencia de muestreo t\u00e1ctil: 90 Hz<br \/>Gama de colores:<br \/>Modo v\u00edvido: 100% DCI-P3<br \/>Modo suave: 100% sRGB<br \/>Profundidad del color: 16,7 millones de colores<br \/>Brillo: M\u00e1ximo bajo luz solar directa: 720 nits<br \/>Panel: LCD<br \/>SIM<br \/>Dual Nano-SIM<br \/>Memoria<br \/>RAM: 4GB LPDDR4x @ 1800MHz 2\u00d716bit<br \/>Almacenamiento interno: 128GB eMMC 5.1 (Ampliable con tarjeta microSD hasta 1TB)<br \/>C\u00e1maras<br \/>Trasera:<br \/>C\u00e1mara principal: 8MP, f\/2,0, Campo de visi\u00f3n 78\u00ba, lente 4P<br \/>C\u00e1mara mono compatible con AF : 2 MP, f\/2,4, Campo de visi\u00f3n 89,1\u00ba, lente 3P, foco fijo<br \/>Frontal:<br \/>5MP, f\/2,2, Campo de visi\u00f3n 76,8\u00ba<br \/>Modo de disparo:<br \/>Trasera: Noche, V\u00eddeo, Foto, Retrato, Lapso de tiempo, PRO, PANO, Adhesivo y Google Lens<br \/>Frontal: V\u00eddeo, Foto, Retrato, Lapso de tiempo, PANO y Adhesivo<br \/>Grabaci\u00f3n de v\u00eddeo:<br \/>Trasera:<br \/>Compatible: 1080P\/720P@30fps<br \/>Valor predeterminado: 1080P a 30 fps<br \/>Frontal:<br \/>Compatible: 1080P\/720P@30fps<br \/>Valor predeterminado: 720P a 30 fps<br \/>Audio<br \/>Enchufe de aud\u00edfonos: 3,5 mm<br \/>Conectividad<br \/>Wi-Fi 5 (802.11ac), 802.11a\/b\/g\/n\/, WiFi 2,4G\/WLAN 5G, pantalla inal\u00e1mbrica, conexi\u00f3n a red WLAN, 1x1SOSO, Wifi 5GHz 80MHz<br \/>Bluetooth 5.3, Bluetooth de baja energ\u00eda<br \/>USB Tipo C (OTG)<br \/>Navegaci\u00f3n y posicionamiento<br \/>GNSS: Beidou: B11, GPS: L1, GLONASS: G1, Galileo: E1, QZSS: L1<br \/>GPS asistido (A-GPS), Posicionamiento de redes WLAN y celulares<br \/>Mapas: Google Maps y otras aplicaciones de mapas de terceros<br \/>Sensores<br \/>Sensor geomagn\u00e9tico<br \/>Sensor de luz<br \/>Sensor \u00f3ptico de proximidad<br \/>Aceler\u00f3metro<br \/>Contador de pasos<br \/>Seguridad y biometr\u00eda<br \/>Sensor de huella dactilar<br \/>Reconocimiento facial<br \/>Dimensiones y peso<br \/>Altura: Aprox. 163,74 mm<br \/>Ancho: Aprox. 75,03 mm<br \/>Espesor: Aprox. 8,16 mm<br \/>Peso: Aprox. 188 g<br \/>Bater\u00eda<br \/>Valor t\u00edpico: 5000 mAh\/19,35 Wh<br \/>Valor nominal: 4890 mAh\/18,92 Wh<\/p>\n","protected":false},"excerpt":{"rendered":"<p>Movil oppo a18 6.56 pulgadas 4gb 128gb golwing black<\/p>\n","protected":false},"featured_media":230058,"comment_status":"closed","ping_status":"open","template":"","meta":{"_et_pb_use_builder":"","_et_pb_old_content":"","_et_gb_content_width":""},"product_brand":[2089],"product_cat":[2058,2063,2062],"product_tag":[2068,2091,2090,2067,2066],"class_list":{"0":"post-231486","1":"product","2":"type-product","3":"status-publish","4":"has-post-thumbnail","6":"product_brand-oppo","7":"product_cat-dispositivos","8":"product_cat-smartphones","9":"product_cat-telefonia","10":"product_tag-dispositivos","11":"product_tag-movil-oppo-a18-6-56-pulgadas-4gb-128gb","12":"product_tag-oppo","13":"product_tag-smartphones","14":"product_tag-telefonia","15":"product_shipping_class-2088","16":"pa_canon-digital-incluida-2060","18":"first","19":"instock","20":"taxable","21":"shipping-taxable","22":"purchasable","23":"product-type-simple"},"_links":{"self":[{"href":"https:\/\/linkxa.es\/linkshop\/wp-json\/wp\/v2\/product\/231486","targetHints":{"allow":["GET"]}}],"collection":[{"href":"https:\/\/linkxa.es\/linkshop\/wp-json\/wp\/v2\/product"}],"about":[{"href":"https:\/\/linkxa.es\/linkshop\/wp-json\/wp\/v2\/types\/product"}],"replies":[{"embeddable":true,"href":"https:\/\/linkxa.es\/linkshop\/wp-json\/wp\/v2\/comments?post=231486"}],"wp:featuredmedia":[{"embeddable":true,"href":"https:\/\/linkxa.es\/linkshop\/wp-json\/wp\/v2\/media\/230058"}],"wp:attachment":[{"href":"https:\/\/linkxa.es\/linkshop\/wp-json\/wp\/v2\/media?parent=231486"}],"wp:term":[{"taxonomy":"product_brand","embeddable":true,"href":"https:\/\/linkxa.es\/linkshop\/wp-json\/wp\/v2\/product_brand?post=231486"},{"taxonomy":"product_cat","embeddable":true,"href":"https:\/\/linkxa.es\/linkshop\/wp-json\/wp\/v2\/product_cat?post=231486"},{"taxonomy":"product_tag","embeddable":true,"href":"https:\/\/linkxa.es\/linkshop\/wp-json\/wp\/v2\/product_tag?post=231486"}],"curies":[{"name":"wp","href":"https:\/\/api.w.org\/{rel}","templated":true}]}}