{"id":231487,"date":"2025-06-17T02:59:47","date_gmt":"2025-06-17T02:59:47","guid":{"rendered":"https:\/\/linkxa.es\/contratacion\/producto\/movil-xiaomi-redmi-a3-4-128gb\/"},"modified":"2025-08-01T21:58:23","modified_gmt":"2025-08-01T21:58:23","slug":"movil-xiaomi-redmi-a3-4-128gb","status":"publish","type":"product","link":"https:\/\/linkxa.es\/linkshop\/producto\/movil-xiaomi-redmi-a3-4-128gb\/","title":{"rendered":"Movil xiaomi redmi a3 4 128gb"},"content":{"rendered":"<p>Redmi A3<br \/>Dise\u00f1o refinado y elegante<br \/>Pantalla fluida de 6,71&#8243; y 90 Hz<\/p>\n<p>Dise\u00f1o innovador<br \/>Incre\u00edble a simple vista<br \/>El dise\u00f1o circular de la c\u00e1mara en el centro amplifica al m\u00e1ximo la belleza armoniosa del c\u00edrculo, transmite un estilo grandioso y minimalista a simple vista e irradia un temperamento excepcional que<br \/>captura la esencia de un dise\u00f1o superior.<\/p>\n<p>Movimiento constante de luces y sombras<br \/>Delicado y exquisito<br \/>Con esta gran c\u00e1mara, nos entregamos a la diversidad y a\u00f1adimos texturas delicadas que ofrecen un brillo din\u00e1mico bajo diferentes luces y sombras para conseguir resultados m\u00e1s exquisitos.<\/p>\n<p>Sofisticaci\u00f3n est\u00e9tica<br \/>Dise\u00f1o premium<br \/>Elegante parte posterior de cristal<br \/>Brillante como un espejo<br \/>La cubierta de cristal resplandece con elegancia.<\/p>\n<p>Textura mate similar a la del cuero<br \/>Sencillo y m\u00e1s sofisticado<br \/>Es delicado al tacto y tiene una textura extraordinaria. La protecci\u00f3n contra huellas dactilares te permite utilizarlo sin preocupaciones.<\/p>\n<p>Cuerpo supercompacto<br \/>M\u00e1s estilizado y moderno<br \/>El dise\u00f1o ultrafino, combinado con el impecable marco plano, le da un aspecto exquisito y elegante. Sujeta el tel\u00e9fono con una mano para marcar tendencia y disfrutar de su ligereza.<\/p>\n<p>8,3 mm<\/p>\n<p>Pantalla Dot Drop de 6,71&#8243;<br \/>Tama\u00f1o impresionante<br \/>Pantalla HD+ de 6,71&#8243; con atenuaci\u00f3n de CC para una mayor protecci\u00f3n ocular. La pantalla extraordinariamente grande ofrece un \u00e1rea de visualizaci\u00f3n m\u00e1s amplia que te sumergir\u00e1 al instante en las<br \/>pel\u00edculas y juegos.<\/p>\n<p>Atenuaci\u00f3n de CC<br \/>Atenuaci\u00f3n para la protecci\u00f3n ocular<br \/>500 nits<br \/>Brillo HBM<br \/>90 %<br \/>Relaci\u00f3n de pantalla a cuerpo<\/p>\n<p>Alta frecuencia de actualizaci\u00f3n de 90 Hz<br \/>Im\u00e1genes fluidas y delicadas<br \/>Esta pantalla con una alta frecuencia de actualizaci\u00f3n ofrece una experiencia mucho m\u00e1s fluida que las pantallas de 60 Hz tradicionales, lo que se traduce en una navegaci\u00f3n m\u00e1s sencilla por las redes<br \/>sociales, aplicaciones de compras y p\u00e1ginas web.<\/p>\n<p>Sistema de c\u00e1mara doble con IA<br \/>Fotos excelentes en cualquier situaci\u00f3n<br \/>El motor de imagen inteligente y omnipotente produce fotograf\u00edas de paisajes y retratos extraordinarias. El modo HDR permite captar m\u00e1s detalles al fotografiar a contraluz.<\/p>\n<p>Anillo de luz suave<br \/>Igual de radiante durante la noche<br \/>La c\u00e1mara frontal no solo resalta al fot\u00f3grafo, sino que tambi\u00e9n cuenta con un anillo de luz suave que ilumina la cara de forma natural para que puedas destacar incluso en la oscuridad.<\/p>\n<p>filmCamera<br \/>Aumenta la calidad de tus creaciones<br \/>Ahora puedes inmortalizar momentos art\u00edsticos con facilidad gracias a las diversas funciones de la c\u00e1mara y la gran variedad de filtros cinematogr\u00e1ficos cl\u00e1sicos.<\/p>\n<p>filmCamera-700F<br \/>Estilo vintage intenso, alta relaci\u00f3n de contraste<\/p>\n<p>Doble m\u00e9todo de desbloqueo<br \/>Seguro y c\u00f3modo<br \/>Puedes elegir entre el sensor de huella dactilar lateral o el desbloqueo facial por IA para desbloquear f\u00e1cilmente el tel\u00e9fono. Adecuado para m\u00e1s situaciones de desbloqueo, m\u00e1s seguro y m\u00e1s c\u00f3modo.<\/p>\n<p>Admite hasta 1 TB de almacenamiento ampliable<br \/>Enorme espacio de almacenamiento<br \/>No solo cuenta con el almacenamiento de 128 GB m\u00e1s alto de su clase, sino que tambi\u00e9n se puede ampliar el espacio de almacenamiento hasta 1 TB. Tiene espacio de sobra para todas tus pel\u00edculas y<br \/>programas de televisi\u00f3n favoritos para que no te pierdas nada.<\/p>\n<p>Ampliaci\u00f3n de memoria<br \/>Funcionamiento sencillo<br \/>Gracias a la tecnolog\u00eda de ampliaci\u00f3n de RAM, el Redmi A3 puede ampliar su capacidad de hardware de 4 GB a 8 GB, lo que permite un funcionamiento m\u00e1s fluido del sistema y que las aplicaciones se<br \/>carguen m\u00e1s r\u00e1pido.<\/p>\n<p>Bater\u00eda de gran capacidad de 5000 mAh<br \/>Procesador de ocho n\u00facleos<br \/>Se acabaron los retrasos<br \/>El potente procesador de ocho n\u00facleos con una frecuencia de CPU m\u00e1xima de 2,2 GHz ofrece un rendimiento m\u00e1s equilibrado, menos retrasos y m\u00e1s diversi\u00f3n.<\/p>\n<p>Pantalla Corning Gorilla Glass<br \/>Protecci\u00f3n fiable<br \/>Android 14<br \/>Las 2 actualizaciones principales de Android y los 3 a\u00f1os de actualizaciones de parches de seguridad ayudan a tu sistema m\u00f3vil a resistir el paso del tiempo.<\/p>\n<p>Especificaciones<br \/>Procesador<br \/>Procesador MediaTek Helio G36<br \/>Proceso de 12 nm, ocho n\u00facleos<br \/>CPU: hasta 2,2 GHz<br \/>Almacenamiento y RAM<br \/>4 GB + 128 GB LPDDR4X + eMMC 5.1<br \/>Permite ampliar el almacenamiento hasta 1 TB<br \/>Admite ampliaci\u00f3n de memoria: hasta 8 GB*<br \/>Las configuraciones disponibles pueden variar seg\u00fan la regi\u00f3n. El almacenamiento y la RAM disponibles son inferiores a la memoria total debido al almacenamiento del sistema operativo y el software<br \/>preinstalado en el dispositivo.<br \/>*La compatibilidad real con tarjetas de memoria puede variar de un fabricante a otro.<br \/>*Los 4 GB de RAM ampliada se basan en la versi\u00f3n de 4 GB de RAM. La ampliaci\u00f3n de memoria solo est\u00e1 disponible cuando hay suficiente espacio de almacenamiento en el dispositivo. La ampliaci\u00f3n<br \/>de la capacidad de almacenamiento de RAM var\u00eda en funci\u00f3n del modelo.<br \/>Dimensiones<br \/>Altura: 168,4 mm<br \/>Anchura: 76,3 mm<br \/>Grosor: 8,3 mm<br \/>Pantalla<br \/>Pantalla Dot Drop de 6,71&#8243;<br \/>1650 x 720, 268 ppp<br \/>Relaci\u00f3n de contraste: 1500:1<br \/>Profundidad de color: 8 bits<br \/>Brillo: 500 nits<br \/>Frecuencia de actualizaci\u00f3n: hasta 90 Hz<br \/>**La frecuencia de actualizaci\u00f3n se puede ajustar hasta 90 Hz para aplicaciones compatibles.<br \/>Atenuaci\u00f3n de CC<br \/>Relaci\u00f3n de pantalla a cuerpo: 90 % (AA\/CG)<br \/>Compatible con luz nocturna<br \/>C\u00e1mara trasera<br \/>filmCamera | Modo HDR | Modo retrato | Time-lapse<br \/>C\u00e1mara principal de 8 MP<br \/>Lente de 4 elementos<br \/>f\/2,0<br \/>Objetivo auxiliar<br \/>*El objetivo auxiliar hace referencia al objetivo QVGA con una matriz de p\u00edxeles activa de 248 x 328.<br \/>Grabaci\u00f3n de v\u00eddeo de la c\u00e1mara trasera<br \/>1080P 1920 x 1080 30 fps<br \/>720P 1280 x 720 30 fps<br \/>C\u00e1mara frontal<br \/>filmCamera | Modo HDR | Anillo de luz suave Modo retrato | Time-lapse<br \/>C\u00e1mara frontal de 5 MP<br \/>f\/2,2<br \/>Grabaci\u00f3n de v\u00eddeo de la c\u00e1mara frontal<br \/>1080P 1920 x 1080 30 fps<br \/>720P 1280 x 720 30 fps<br \/>Bater\u00eda y carga<br \/>Bater\u00eda de 5000 mAh (t\u00edp.)<br \/>Admite carga de 10 W<br \/>USB tipo C<br \/>Seguridad<br \/>Sensor de huella dactilar lateral<br \/>Desbloqueo facial por IA<br \/>Red y conectividad<br \/>SIM doble + microSD, compatible con 4G doble<br \/>Bandas de red:<br \/>Compatible con 4G\/3G\/2G<br \/>4G: LTE TDD: 38\/40\/41<br \/>4G: LTE FDD: 1\/3\/5\/7\/8\/20\/28<br \/>3G: WCDMA: 1\/5\/8<br \/>2G: GSM: 2\/3\/5\/8<br \/>Redes inal\u00e1mbricas<br \/>Wi-Fi de 2,4\/5 GHz<br \/>Bluetooth 5.4<br \/>Compatible con radio FM (con conector para auriculares)<br \/>Compatible con AAC\/SBC<br \/>Navegaci\u00f3n y posicionamiento<br \/>GPS | Glonass | Galileo | Beidou<br \/>Audio<br \/>Conector para auriculares de 3,5 mm<br \/>Sensores<br \/>Sensor de proximidad virtual | Sensor de luz ambiental virtual | Aceler\u00f3metro | Br\u00fajula electr\u00f3nica<br \/>Sistema operativo<br \/>Android 14<br \/>2 Actualizaciones principales de Android<br \/>3 a\u00f1os de actualizaciones de parches de seguridad<br \/>Contenido del paquete<br \/>Tel\u00e9fono m\u00f3vil | Adaptador | Cable USB tipo C | Extractor de SIM | Gu\u00eda de inicio r\u00e1pido y tarjeta de garant\u00eda | Informaci\u00f3n de seguridad<\/p>\n","protected":false},"excerpt":{"rendered":"<p>Movil xiaomi redmi a3 4 &#8211; 128gb negro<\/p>\n","protected":false},"featured_media":230060,"comment_status":"closed","ping_status":"open","template":"","meta":{"_et_pb_use_builder":"","_et_pb_old_content":"","_et_gb_content_width":""},"product_brand":[2092],"product_cat":[2058,2063,2062],"product_tag":[2068,2094,2067,2066,2093],"class_list":{"0":"post-231487","1":"product","2":"type-product","3":"status-publish","4":"has-post-thumbnail","6":"product_brand-xiaomi","7":"product_cat-dispositivos","8":"product_cat-smartphones","9":"product_cat-telefonia","10":"product_tag-dispositivos","11":"product_tag-movil-xiaomi-redmi-a3-4-128gb","12":"product_tag-smartphones","13":"product_tag-telefonia","14":"product_tag-xiaomi","15":"product_shipping_class-2059","16":"pa_canon-digital-incluida-2060","18":"first","19":"instock","20":"taxable","21":"shipping-taxable","22":"purchasable","23":"product-type-simple"},"_links":{"self":[{"href":"https:\/\/linkxa.es\/linkshop\/wp-json\/wp\/v2\/product\/231487","targetHints":{"allow":["GET"]}}],"collection":[{"href":"https:\/\/linkxa.es\/linkshop\/wp-json\/wp\/v2\/product"}],"about":[{"href":"https:\/\/linkxa.es\/linkshop\/wp-json\/wp\/v2\/types\/product"}],"replies":[{"embeddable":true,"href":"https:\/\/linkxa.es\/linkshop\/wp-json\/wp\/v2\/comments?post=231487"}],"wp:featuredmedia":[{"embeddable":true,"href":"https:\/\/linkxa.es\/linkshop\/wp-json\/wp\/v2\/media\/230060"}],"wp:attachment":[{"href":"https:\/\/linkxa.es\/linkshop\/wp-json\/wp\/v2\/media?parent=231487"}],"wp:term":[{"taxonomy":"product_brand","embeddable":true,"href":"https:\/\/linkxa.es\/linkshop\/wp-json\/wp\/v2\/product_brand?post=231487"},{"taxonomy":"product_cat","embeddable":true,"href":"https:\/\/linkxa.es\/linkshop\/wp-json\/wp\/v2\/product_cat?post=231487"},{"taxonomy":"product_tag","embeddable":true,"href":"https:\/\/linkxa.es\/linkshop\/wp-json\/wp\/v2\/product_tag?post=231487"}],"curies":[{"name":"wp","href":"https:\/\/api.w.org\/{rel}","templated":true}]}}