{"id":231528,"date":"2025-03-26T16:50:05","date_gmt":"2025-03-26T16:50:05","guid":{"rendered":"https:\/\/linkxa.es\/contratacion\/producto\/movil-iphone-15-128gb-green\/"},"modified":"2025-08-01T22:03:09","modified_gmt":"2025-08-01T22:03:09","slug":"movil-iphone-15-128gb-green","status":"publish","type":"product","link":"https:\/\/linkxa.es\/linkshop\/producto\/movil-iphone-15-128gb-green\/","title":{"rendered":"Movil iphone 15 128gb green"},"content":{"rendered":"<p>FICHA T\u00c9CNICA Especificaciones EXHIBICI\u00d3N Diagonal de la pantalla Size of the display for this product 15,5 cm (6.1&#8243;) Forma de la pantalla Plana Tipo de visualizador Type of display (screen) e.g. LCD. OLED Nombre comercial de la tecnolog\u00eda de la pantalla Super Retina XDR Tipo de cristal de pantalla Ceramic Shield Resoluci\u00f3n de la pantalla Resolution of the display for the system 2556 x 1179 Pixeles Raz\u00f3n de contraste (t\u00edpica) The difference in light intensity between the brightest white and the darkest black. 2000000:1 Brillo de pantalla Brightness is the amount of radiating light emitted from the screen. The brightness rating is measured in candellas per square meter 1000 cd \/ m Brillo m\u00e1ximo de la pantalla (HDR) 1600 cd \/ m Brillo m\u00e1ximo de la pantalla (exteriores) 2000 cd \/ m Tecnolog\u00eda HDR (High Dynamic Range, Alto rango din\u00e1mico) Extreme Dynamic Range (XDR), High Dynamic Range 10 (HDR10), Hybrid Log-Gamma (HLG) Tipo de pantalla t\u00e1ctil There are a variety of touchscreen technologies that have different methods of sensing touch Capacitiva Densidad del pixel 460 ppp Tecnolog\u00edas espec\u00edficas Dynamic Island, Haptic touch, True Tone, Amplia gama de colores (P3) PROCESADOR Familia de procesador A family of processors is a group of processors produced by one company over a short period of time e.g. Intel Pentium processors. Apple Modelo del procesador The model number for the processor in a computer. A16 N\u00famero de n\u00facleos de procesador The number of central processing units (&#8216;cores&#8217;) in a processor. Some processors have 1 core 6 modelo Coprocesador Neural Engine n\u00facleos coprocesador 16 MEDIOS DE ALMACENAJE Capacidad de almacenamiento interno The amount e.g of data which can be stored inside the device. 128 GB Tarjetas de memoria compatibles Types of memory cards which can be used with this product. No compatible C\u00c1MARA FOTOGR\u00c1FICA Resoluci\u00f3n de la c\u00e1mara trasera (num\u00e9rica) The resolution of the images produced with the rear camera, given in MP (megapixel. 1 MP = 1 million pixels). 48 MP Resoluci\u00f3n de la segunda c\u00e1mara trasera (num\u00e9rica) 12 MP N\u00famero de apertura de la c\u00e1mara trasera 1,6 N\u00famero de apertura de la segunda c\u00e1mara trasera 1,6 \u00c1ngulo del campo de visi\u00f3n (FOV) de la segunda c\u00e1mara trasera 120 Distancia focal de la c\u00e1mara trasera 2,6 cm Distancia focal de la segunda c\u00e1mara trasera 5,2 cm Material de la cubierta de la lente Cristal de zafiro Zoom \u00f3ptico Indicates the optical zoom capacity, the number of times that the picture can be enlarged with the optics of the camera. 4x Acercamiento \u00f3ptico (zoom in) 2x Alejamiento \u00f3ptico (zoom out) 2x Zoom digital Indicates the digital zoom capacity, the number of times that the picture is enlarged thanks to digital technology. 10x Tipo de c\u00e1mara frontal Indicates the type of the camera at the front of the product, dual or single. C\u00e1mara \u00fanica Resoluci\u00f3n de la c\u00e1mara frontal (num\u00e9rica) 12 MP N\u00famero de apertura de la c\u00e1mara frontal 1,9 Resoluci\u00f3n de captura de video 3840 x 2160 Pixeles Velocidad m\u00e1xima de cuadro This is the maximum frame rate 240 pps Resoluci\u00f3n en velocidad de captura 1280&#215;720@30fps, 1920&#215;1080@25fps, 1920&#215;1080@30fps, 1920&#215;1080@60fps, 3840&#215;2160@24fps, 3840&#215;2160@25fps, 3840&#215;2160@30fps, 3840&#215;2160@60fps Modos de grabaci\u00f3n de v\u00eddeo 720p, 1080p, 2160p Tipo de c\u00e1mara trasera Indicates the type of the camera at the back of the product, dual or single. C\u00e1mara doble Tipo de estabilizador de imagen Optical Image Stabilization (OIS) Formatos de imagen de la c\u00e1mara compatibles HEIF, JPEG Formatos de v\u00eddeo de la c\u00e1mara compatibles H.264, HEVC CONEXI\u00d3N Capacidad de la tarjeta SIM How many SIM cards the device can hold. SIM doble Generaci\u00f3n de red m\u00f3vil 5G Tipo de tarjeta SIM eSIM Est\u00e1ndares 3G DC-HSDPA, HSPA+, UMTS Est\u00e1ndar 4G TD-LTE &#038; FDD-LTE Est\u00e1ndar 5G NR, NR mmWave Wi-Fi est\u00e1ndares The type of wireless local area network (LAN). It can be ad-hoc Wi-Fi 6 (802.11ax) Versi\u00f3n de Bluetooth The type of bluetooth technology in the product e.g. Bluetooth Smart (v4.0). 5.3 Banda de frecuencia Pentabanda Bandas 3G soportadas 850, 900, 1700, 1900, 2100 MHz SUSCRIPCI\u00d3N Tipo de suscripci\u00f3n The type of cellular connection subscription. Sin suscripci\u00f3n PUERTOS E INTERFACES Conector USB The type of USB connector\/port that this product has. USB Tipo C DISE\u00d1O Factor de forma Description of visible characteristics of the product. Barra Color del producto The colour e.g. red Verde C\u00f3digo IP (International Protection) The IP code classifies and rates the degree of protection provided against the intrusion (including body parts such as hands and fingers) IP68 Funciones de protecci\u00f3n Physical effects from which the product is protected e.g. water resistant Resistente al polvo, A prueba de salpicaduras, Resistente al agua Humedad: resistente al agua hasta 6 m Material de la carcasa What the casing of the product is made of. Aluminio, Vidrio DESEMPE\u00d1O Adaptadores de n\u00facleo gr\u00e1fico 5 Prestaciones de accesibilidad AssistiveTouch, Back Tap, Subt\u00edtulos cerrados, Lupa, Real-time text (RTT), Siri and Dictation, Contenido hablado, Switch Control, Teletype (TTY), Type to Siri, Control por voz, VoiceOver, Acercar Compatible con aud\u00edfonos M3, T4 MULTIMEDIA Altavoces Est\u00e9reo Modo de reproducci\u00f3n Acercar Formatos de audio soportados The audio formats which this device or software can read\/use e.g. MP3 AAC, AAC-LC, AAX, AAX+, AC3, EAC3, FLAC, HE-AAC, HE-AAC v2, MP3, PCM Formatos de v\u00eddeo compatibles The type of video formats that can be used by this device. H.264, HEVC, M-JPEG, MPEG4 SOFTWARE Plataforma Description of a technology platform including a processor iOS Sistema operativo instalado Type of operating system on a device e.g. IOS on Apple devices iOS 17 Plataforma de distribuciones de aplicaciones Apple App Store Asistente virtual Depending on the make of the device, a different application is pre-installed that can understand voice commands and complete tasks for a user, e.g. Apple Siri, Amazon Alexa. Apple Siri Software incluido Software distributed with another product such as a piece of computer hardware or other electronic device iMovie Pages Keynote Numbers GarageBand Apple Store Trailers iTunes Remote Clips Support BATER\u00cdA Tecnolog\u00eda de bater\u00eda The type of battery in the device I\u00f3n de litio Tiempo continuo de reproducci\u00f3n de audio Number of hours on average for continuous play. This is dependent on the device battery capacity. 80 h Tiempo continuo de reproducci\u00f3n de video 20 h PESO Y DIMENSIONES Ancho The measurement or extent of something from side to side. 71,6 mm Profundidad The distance from the front to the back of something. 7,8 mm Altura Height of the product 147,6 mm Peso Peso del producto sin embalaje (peso neto). Si es posible, se da el peso neto incluyendo los accesorios y suministros est\u00e1ndar. Tenga en cuenta que a veces el fabricante deja de lado el peso de los accesorios y \/ o suministros. 171 g APROBACIONES REGULADORAS \u00cdndice SAR para la cabeza (UE) SAR stands for Specific Absorption Rate which is the unit of measurement for the amount of radio frequency energy absorbed by the head when using mobile equipment. 0,98 W\/kg \u00cdndice SAR para el cuerpo (UE) SAR stands for Specific Absorption Rate which is the unit of measurement for the amount of radio frequency (RF) energy absorbed by the body when using mobile equipment. 0,98 W\/kg SAR (Specific Absorption Rate, Tasa de absorci\u00f3n espec\u00edfica) en extremidades (UE) 2,98 W\/kg CONDICIONES AMBIENTALES Intervalo de temperatura operativa The minimum and maximum temperatures at which the product can be safely operated. 0 &#8211; 35 C Intervalo de temperatura de almacenaje The minimum and maximum temperatures at which the product can be safely stored. -20 &#8211; 45 C Intervalo de humedad relativa para funcionamiento 5 &#8211; 95% Altitud de funcionamiento 0 &#8211; 3000 m CONTENIDO DEL EMBALAJE Cables incluidos USB tipo C a USB tipo C DETALLES T\u00c9CNICOS No contiene Ars\u00e9nico, Berilio, Mercurio, PVC\/BFR \u00cdndice de reparabilidad 7.5<\/p>\n","protected":false},"excerpt":{"rendered":"<p>Movil iphone 15 128gb green<\/p>\n","protected":false},"featured_media":230076,"comment_status":"closed","ping_status":"open","template":"","meta":{"_et_pb_use_builder":"","_et_pb_old_content":"","_et_gb_content_width":""},"product_brand":[2061],"product_cat":[2058,2063,2062],"product_tag":[2064,2068,2104,2067,2066],"class_list":{"0":"post-231528","1":"product","2":"type-product","3":"status-publish","4":"has-post-thumbnail","6":"product_brand-apple","7":"product_cat-dispositivos","8":"product_cat-smartphones","9":"product_cat-telefonia","10":"product_tag-apple","11":"product_tag-dispositivos","12":"product_tag-movil-iphone-15-128gb-green","13":"product_tag-smartphones","14":"product_tag-telefonia","15":"product_shipping_class-2059","16":"pa_canon-digital-incluida-2060","18":"first","19":"instock","20":"taxable","21":"shipping-taxable","22":"purchasable","23":"product-type-simple"},"_links":{"self":[{"href":"https:\/\/linkxa.es\/linkshop\/wp-json\/wp\/v2\/product\/231528","targetHints":{"allow":["GET"]}}],"collection":[{"href":"https:\/\/linkxa.es\/linkshop\/wp-json\/wp\/v2\/product"}],"about":[{"href":"https:\/\/linkxa.es\/linkshop\/wp-json\/wp\/v2\/types\/product"}],"replies":[{"embeddable":true,"href":"https:\/\/linkxa.es\/linkshop\/wp-json\/wp\/v2\/comments?post=231528"}],"wp:featuredmedia":[{"embeddable":true,"href":"https:\/\/linkxa.es\/linkshop\/wp-json\/wp\/v2\/media\/230076"}],"wp:attachment":[{"href":"https:\/\/linkxa.es\/linkshop\/wp-json\/wp\/v2\/media?parent=231528"}],"wp:term":[{"taxonomy":"product_brand","embeddable":true,"href":"https:\/\/linkxa.es\/linkshop\/wp-json\/wp\/v2\/product_brand?post=231528"},{"taxonomy":"product_cat","embeddable":true,"href":"https:\/\/linkxa.es\/linkshop\/wp-json\/wp\/v2\/product_cat?post=231528"},{"taxonomy":"product_tag","embeddable":true,"href":"https:\/\/linkxa.es\/linkshop\/wp-json\/wp\/v2\/product_tag?post=231528"}],"curies":[{"name":"wp","href":"https:\/\/api.w.org\/{rel}","templated":true}]}}