{"id":231554,"date":"2025-01-22T13:28:46","date_gmt":"2025-01-22T13:28:46","guid":{"rendered":"https:\/\/linkxa.es\/contratacion\/producto\/movil-motorola-moto-edge-50-pro\/"},"modified":"2025-08-01T22:04:47","modified_gmt":"2025-08-01T22:04:47","slug":"movil-motorola-moto-edge-50-pro","status":"publish","type":"product","link":"https:\/\/linkxa.es\/linkshop\/producto\/movil-motorola-moto-edge-50-pro\/","title":{"rendered":"Movil motorola moto edge 50 pro"},"content":{"rendered":"<p>&#8211; SISTEMA OPERATIVO\u00a0<br \/>Android 14\u00a0<\/p>\n<p>&#8211; PROCESADOR\u00a0<br \/>Familia: Qualcomm Snapdragon\u00a0<br \/>Modelo: 7 Gen 3\u00a0<\/p>\n<p>&#8211; PANTALLA\u00a0<br \/>Tama\u00f1o: 6.67&#8243; (16,9 cm)\u00a0<br \/>Tipo: P-OLED\u00a0<br \/>Forma: Plana\u00a0<br \/>Resoluci\u00f3n: HDR10+\u00a0<br \/>M\u00e1xima velocidad de actualizaci\u00f3n: 144 Hz\u00a0<\/p>\n<p>&#8211; MEMORIA\u00a0<br \/>RAM: 12 GB\u00a0<br \/>RAM virtual (m\u00e1x.): 24 GB\u00a0<br \/>Almacenamiento interno: 512 GB\u00a0<\/p>\n<p>&#8211; SIM\u00a0<br \/>Capacidad: Doble SIM\u00a0<br \/>Tipo de tarjeta SIM: NanoSIM + eSIM\u00a0<br \/>Generaci\u00f3n de red m\u00f3vil: 5G\u00a0<\/p>\n<p>&#8211; C\u00c1MARAS\u00a0<br \/>Trasera (triple):\u00a0<br \/>&#8211; Principal: 50 MP (f\/1.47)\u00a0<br \/>&#8211; Segunda: 13 MP (f\/2.2)\u00a0<br \/>&#8211; Tercera: 10 MP\u00a0<br \/>&#8211; Autoenfoque: S\u00ed\u00a0<br \/>&#8211; Flash: S\u00ed\u00a0<br \/>&#8211; Estabilizaci\u00f3n de imagen: \u00d3ptica (OIS)\u00a0<br \/>&#8211; Fotograf\u00eda macro: S\u00ed\u00a0<\/p>\n<p>Frontal:\u00a0<br \/>&#8211; Resoluci\u00f3n: 50 MP (f\/1.9)\u00a0<\/p>\n<p>&#8211; CONECTIVIDAD\u00a0<br \/>Wi-Fi: S\u00ed, Wi-Fi 6E (802.11ax)\u00a0<br \/>Bluetooth: S\u00ed, v5.3\u00a0<br \/>NFC: S\u00ed\u00a0<br \/>USB: Tipo C\u00a0<\/p>\n<p>&#8211; BATER\u00cdA\u00a0<br \/>Capacidad: 4500 mAh\u00a0<br \/>Carga r\u00e1pida: S\u00ed (125 W)\u00a0<br \/>Cargador inal\u00e1mbrico: S\u00ed\u00a0<\/p>\n<p>&#8211; SEGURIDAD\u00a0<br \/>Lector de huella digital: S\u00ed\u00a0<br \/>Reconocimiento facial: S\u00ed\u00a0<\/p>\n<p>&#8211; NAVEGACI\u00d3N\u00a0<br \/>GPS: S\u00ed\u00a0<br \/>GLONASS: S\u00ed\u00a0<br \/>Galileo: S\u00ed\u00a0<\/p>\n<p>&#8211; DISE\u00d1O\u00a0<br \/>Color: Negro (Black Beauty)\u00a0<br \/>C\u00f3digo IP (protecci\u00f3n): IP68\u00a0<br \/>Factor de forma: Barra\u00a0<\/p>\n<p>&#8211; PESO Y DIMENSIONES\u00a0<br \/>Altura: 161,2 mm\u00a0<br \/>Ancho: 72,4 mm\u00a0<br \/>Profundidad: 8,18 mm\u00a0<br \/>Peso: 186 g\u00a0<\/p>\n<p>&#8211; CONTENIDO DEL EMBALAJE\u00a0<br \/>Adaptador de corriente: S\u00ed\u00a0<br \/>Potencia de carga: 125 W\u00a0<br \/>Cable USB Tipo C: S\u00ed\u00a0<br \/>Gu\u00eda de configuraci\u00f3n r\u00e1pida: S\u00ed<\/p>\n","protected":false},"excerpt":{"rendered":"<p>Movil motorola moto edge 50 pro 5g 12 &#8211; 512gb negro<\/p>\n","protected":false},"featured_media":230082,"comment_status":"closed","ping_status":"open","template":"","meta":{"_et_pb_use_builder":"","_et_pb_old_content":"","_et_gb_content_width":""},"product_brand":[2081],"product_cat":[2058,2063,2062],"product_tag":[2068,2082,2106,2067,2066],"class_list":{"0":"post-231554","1":"product","2":"type-product","3":"status-publish","4":"has-post-thumbnail","6":"product_brand-motorola","7":"product_cat-dispositivos","8":"product_cat-smartphones","9":"product_cat-telefonia","10":"product_tag-dispositivos","11":"product_tag-motorola","12":"product_tag-movil-motorola-moto-edge-50-pro","13":"product_tag-smartphones","14":"product_tag-telefonia","15":"product_shipping_class-2059","16":"pa_canon-digital-incluida-2060","18":"first","19":"instock","20":"taxable","21":"shipping-taxable","22":"purchasable","23":"product-type-simple"},"_links":{"self":[{"href":"https:\/\/linkxa.es\/linkshop\/wp-json\/wp\/v2\/product\/231554","targetHints":{"allow":["GET"]}}],"collection":[{"href":"https:\/\/linkxa.es\/linkshop\/wp-json\/wp\/v2\/product"}],"about":[{"href":"https:\/\/linkxa.es\/linkshop\/wp-json\/wp\/v2\/types\/product"}],"replies":[{"embeddable":true,"href":"https:\/\/linkxa.es\/linkshop\/wp-json\/wp\/v2\/comments?post=231554"}],"wp:featuredmedia":[{"embeddable":true,"href":"https:\/\/linkxa.es\/linkshop\/wp-json\/wp\/v2\/media\/230082"}],"wp:attachment":[{"href":"https:\/\/linkxa.es\/linkshop\/wp-json\/wp\/v2\/media?parent=231554"}],"wp:term":[{"taxonomy":"product_brand","embeddable":true,"href":"https:\/\/linkxa.es\/linkshop\/wp-json\/wp\/v2\/product_brand?post=231554"},{"taxonomy":"product_cat","embeddable":true,"href":"https:\/\/linkxa.es\/linkshop\/wp-json\/wp\/v2\/product_cat?post=231554"},{"taxonomy":"product_tag","embeddable":true,"href":"https:\/\/linkxa.es\/linkshop\/wp-json\/wp\/v2\/product_tag?post=231554"}],"curies":[{"name":"wp","href":"https:\/\/api.w.org\/{rel}","templated":true}]}}