{"id":231566,"date":"2025-01-18T14:00:49","date_gmt":"2025-01-18T14:00:49","guid":{"rendered":"https:\/\/linkxa.es\/contratacion\/producto\/telefono-fijo-motorola-ct50-negro\/"},"modified":"2025-08-01T22:05:48","modified_gmt":"2025-08-01T22:05:48","slug":"telefono-fijo-motorola-ct50-negro","status":"publish","type":"product","link":"https:\/\/linkxa.es\/linkshop\/producto\/telefono-fijo-motorola-ct50-negro\/","title":{"rendered":"Telefono fijo motorola ct50 negro"},"content":{"rendered":"<p>El tel\u00e9fono Motorola CT50 es sencillo y compacto de solo 1 pieza, encaja perfectamente en oficinas o en casas. Incorpora un indicador visual de llamadas y control de volumen del timbre lo que significa<br \/>que no perder\u00e1 ninguna llamada.<br \/>Cuenta con 10 memorias num\u00e9ricas para una llamada f\u00e1cil y r\u00e1pida, y tambi\u00e9n puede montarse en la pared.<\/p>\n<p>Especificaciones<\/p>\n<p>10 teclas de memoria (marcaci\u00f3n 2 pasos)<br \/>Indicador visual de llamada<br \/>Control de volumen del timbre (Alto\/Bajo\/Apagado)<br \/>Modo silencio con indicador LED<br \/>Marcaci\u00f3n por tonos<br \/>Rellamada al \u00faltimo n\u00famero<br \/>Montaje en pared<br \/>Tipo g\u00f3ndola<br \/>Color negro<\/p>\n","protected":false},"excerpt":{"rendered":"<p>Telefono fijo motorola ct50 negro<\/p>\n","protected":false},"featured_media":230612,"comment_status":"closed","ping_status":"open","template":"","meta":{"_et_pb_use_builder":"","_et_pb_old_content":"","_et_gb_content_width":""},"product_brand":[2081],"product_cat":[2058,2062,2312],"product_tag":[2068,2082,2066,2325,2315],"class_list":{"0":"post-231566","1":"product","2":"type-product","3":"status-publish","4":"has-post-thumbnail","6":"product_brand-motorola","7":"product_cat-dispositivos","8":"product_cat-telefonia","9":"product_cat-telefonos-fijos","10":"product_tag-dispositivos","11":"product_tag-motorola","12":"product_tag-telefonia","13":"product_tag-telefono-fijo-motorola-ct50-negro","14":"product_tag-telefonos-fijos","15":"product_shipping_class-2059","17":"first","18":"instock","19":"taxable","20":"shipping-taxable","21":"purchasable","22":"product-type-simple"},"_links":{"self":[{"href":"https:\/\/linkxa.es\/linkshop\/wp-json\/wp\/v2\/product\/231566","targetHints":{"allow":["GET"]}}],"collection":[{"href":"https:\/\/linkxa.es\/linkshop\/wp-json\/wp\/v2\/product"}],"about":[{"href":"https:\/\/linkxa.es\/linkshop\/wp-json\/wp\/v2\/types\/product"}],"replies":[{"embeddable":true,"href":"https:\/\/linkxa.es\/linkshop\/wp-json\/wp\/v2\/comments?post=231566"}],"wp:featuredmedia":[{"embeddable":true,"href":"https:\/\/linkxa.es\/linkshop\/wp-json\/wp\/v2\/media\/230612"}],"wp:attachment":[{"href":"https:\/\/linkxa.es\/linkshop\/wp-json\/wp\/v2\/media?parent=231566"}],"wp:term":[{"taxonomy":"product_brand","embeddable":true,"href":"https:\/\/linkxa.es\/linkshop\/wp-json\/wp\/v2\/product_brand?post=231566"},{"taxonomy":"product_cat","embeddable":true,"href":"https:\/\/linkxa.es\/linkshop\/wp-json\/wp\/v2\/product_cat?post=231566"},{"taxonomy":"product_tag","embeddable":true,"href":"https:\/\/linkxa.es\/linkshop\/wp-json\/wp\/v2\/product_tag?post=231566"}],"curies":[{"name":"wp","href":"https:\/\/api.w.org\/{rel}","templated":true}]}}