{"id":231595,"date":"2024-12-03T23:30:31","date_gmt":"2024-12-03T23:30:31","guid":{"rendered":"https:\/\/linkxa.es\/contratacion\/producto\/telefono-motorola-fw200l-cable-gsm-tarjeta\/"},"modified":"2025-08-01T22:07:34","modified_gmt":"2025-08-01T22:07:34","slug":"telefono-motorola-fw200l-cable-gsm-tarjeta","status":"publish","type":"product","link":"https:\/\/linkxa.es\/linkshop\/producto\/telefono-motorola-fw200l-cable-gsm-tarjeta\/","title":{"rendered":"Telefono motorola fw200l cable gsm tarjeta"},"content":{"rendered":"<p>DESCRIPCI\u00d3N<br \/>conversaciones, f\u00e1ciles El tel\u00e9fono inal\u00e1mbrico fijo Motorola FW200L es la<br \/>elecci\u00f3n natural para necesidades de comunicaci\u00f3n residenciales y de<br \/>negocios. Las casas, oficinas y otras zonas sin infraestructura de<br \/>comunicaci\u00f3n fija, o residentes y negocios que quieran eliminar su l\u00ednea fija<br \/>o reducir el n\u00famero de l\u00edneas, aprovechar\u00e1n las ventajas del FW200L, que<br \/>funciona sobre red GSM existente. para un ma\u00f1ana mejor Nos esforzamos<br \/>al m\u00e1ximo con nuestro dise\u00f1o, investigaci\u00f3n, ingenier\u00eda y gesti\u00f3n de la<br \/>cadena de distribuci\u00f3n para crear productos mejores para todos,<br \/>centr\u00e1ndonos en la responsabilidad social y ambiental.<br \/>ESPECIFICACIONES T\u00c9CNICAS<\/p>\n<p>Caracter\u00edsticas del tel\u00e9fono<br \/>Altavoz<br \/>Si<br \/>Capacidad de lista de direcciones<br \/>1000 entradas<br \/>Micr\u00f3fono mudo<br \/>Si<br \/>Servicios de mensajes cortos (SMS)<br \/>Si<br \/>Exhibici\u00f3n<br \/>Color de luz de fondo<br \/>Azul<br \/>Diagonal de la pantalla<br \/>5,59 cm (2.2&#8243;)<br \/>Monitor con luz de fondo<br \/>Si<br \/>Pantalla incorporada<br \/>Si<br \/>Pantalla<br \/>LCD<br \/>Resoluci\u00f3n de la pantalla<br \/>128 x 64 Pixeles<br \/>Control de energ\u00eda<br \/>Voltaje de entrada AC<br \/>5 V<br \/>Capacidad de bater\u00eda<br \/>550 mAh<br \/>Corriente de entrada<br \/>1 A<br \/>Numero de bater\u00edas soportadas<br \/>3<br \/>Tecnolog\u00eda de bater\u00eda<br \/>N\u00edquel-metal hidruro (NiMH)<br \/>Tiempo de conversaci\u00f3n<br \/>8 h<br \/>Tiempo de reposo<br \/>168 h<br \/>Puertos e Interfaces<br \/>Conexi\u00f3n inal\u00e1mbrica<br \/>Si<br \/>Caracter\u00edsticas de administraci\u00f3n<br \/>Alarma<br \/>Si<br \/>Calendario<br \/>Si<br \/>Idiomas de soporte<br \/>\u00c1rabe, Alem\u00e1n, Ingl\u00e9s, Espa\u00f1ol, Franc\u00e9s, Italiano, Portugu\u00e9s, Ruso, Turco<\/p>\n<p>Indicaci\u00f3n<br \/>Indicaci\u00f3n de bater\u00eda baja<br \/>Si<br \/>Indicadores LED<br \/>Poder<br \/>Contenido del embalaje<br \/>N\u00famero de tel\u00e9fonos m\u00f3viles incluidos<br \/>1<br \/>Gesti\u00f3n de llamadas<br \/>CLIP (Calling line identification presentation)<br \/>Si<br \/>Capacidad de lista de llamadas<br \/>20<br \/>Capacidad de la lista de llamadas<br \/>20<br \/>Identificador de llamadas<br \/>Si<br \/>Llamada en conferencia<br \/>Si<br \/>Llamada en espera<br \/>Si<br \/>Llamada en espera<br \/>Si<br \/>Marcaci\u00f3n r\u00e1pida<br \/>Si<br \/>Remarcado<br \/>Si<br \/>Tiempo de la llamada<br \/>Si<br \/>Dise\u00f1o<br \/>Tel\u00e9fono Ancianos<br \/>No<br \/>Cantidad de botones<br \/>22<br \/>Color del producto<br \/>Negro<br \/>Tipo de montaje<br \/>Escritorio<br \/>Desempe\u00f1o<br \/>Contestador autom\u00e1tico<br \/>No<br \/>N\u00famero de melod\u00edas<br \/>20<br \/>Tipo<br \/>Tel\u00e9fono DECT<br \/>Tipo de auricular<br \/>Terminal con conexi\u00f3n por cable<\/p>\n","protected":false},"excerpt":{"rendered":"<p>Telefono motorola fw200l cable gsm tarjeta sim<\/p>\n","protected":false},"featured_media":230617,"comment_status":"closed","ping_status":"open","template":"","meta":{"_et_pb_use_builder":"","_et_pb_old_content":"","_et_gb_content_width":""},"product_brand":[2081],"product_cat":[2058,2062,2312],"product_tag":[2068,2082,2066,2326,2315],"class_list":{"0":"post-231595","1":"product","2":"type-product","3":"status-publish","4":"has-post-thumbnail","6":"product_brand-motorola","7":"product_cat-dispositivos","8":"product_cat-telefonia","9":"product_cat-telefonos-fijos","10":"product_tag-dispositivos","11":"product_tag-motorola","12":"product_tag-telefonia","13":"product_tag-telefono-motorola-fw200l-cable-gsm-tarjeta","14":"product_tag-telefonos-fijos","15":"product_shipping_class-2059","17":"first","18":"instock","19":"taxable","20":"shipping-taxable","21":"purchasable","22":"product-type-simple"},"_links":{"self":[{"href":"https:\/\/linkxa.es\/linkshop\/wp-json\/wp\/v2\/product\/231595","targetHints":{"allow":["GET"]}}],"collection":[{"href":"https:\/\/linkxa.es\/linkshop\/wp-json\/wp\/v2\/product"}],"about":[{"href":"https:\/\/linkxa.es\/linkshop\/wp-json\/wp\/v2\/types\/product"}],"replies":[{"embeddable":true,"href":"https:\/\/linkxa.es\/linkshop\/wp-json\/wp\/v2\/comments?post=231595"}],"wp:featuredmedia":[{"embeddable":true,"href":"https:\/\/linkxa.es\/linkshop\/wp-json\/wp\/v2\/media\/230617"}],"wp:attachment":[{"href":"https:\/\/linkxa.es\/linkshop\/wp-json\/wp\/v2\/media?parent=231595"}],"wp:term":[{"taxonomy":"product_brand","embeddable":true,"href":"https:\/\/linkxa.es\/linkshop\/wp-json\/wp\/v2\/product_brand?post=231595"},{"taxonomy":"product_cat","embeddable":true,"href":"https:\/\/linkxa.es\/linkshop\/wp-json\/wp\/v2\/product_cat?post=231595"},{"taxonomy":"product_tag","embeddable":true,"href":"https:\/\/linkxa.es\/linkshop\/wp-json\/wp\/v2\/product_tag?post=231595"}],"curies":[{"name":"wp","href":"https:\/\/api.w.org\/{rel}","templated":true}]}}