{"id":231608,"date":"2024-12-27T11:00:14","date_gmt":"2024-12-27T11:00:14","guid":{"rendered":"https:\/\/linkxa.es\/contratacion\/producto\/movil-iphone-15-128gb-pink\/"},"modified":"2025-08-01T22:09:12","modified_gmt":"2025-08-01T22:09:12","slug":"movil-iphone-15-128gb-pink","status":"publish","type":"product","link":"https:\/\/linkxa.es\/linkshop\/producto\/movil-iphone-15-128gb-pink\/","title":{"rendered":"Movil iphone 15 128gb pink"},"content":{"rendered":"<p>Apple iPhone 15. La Dynamic Island a la cabeza de todo. Nueva c\u00e1mara de 48 Mpx. Fotos de alt\u00edsima resoluci\u00f3n. Teleobjetivo x2. Dise\u00f1o superduro con aluminio y vidrio tintado en masa. El USB C llega a puerto.<br \/>Caracter\u00edsticas<\/p>\n<p>Dynamic Island. Para todo lo que surja. La Dynamic Island sabe qu\u00e9 es importante y te muestra alertas y actividades en tiempo real para que no se te escape nada mientras sigues a lo tuyo. Podr\u00e1s controlar<br \/>tu m\u00fasica, comprobar el estado de tu vuelo, ver qui\u00e9n te llama y muchas m\u00e1s cosas. Ojo con ella.<br \/>Tintado por dentro. Dur\u00edsimo por fuera. El novedoso dise\u00f1o del iPhone 15 incorpora una parte trasera fabricada con vidrio tintado en masa. Gracias a la estructura de aluminio de calidad aeroespacial y al<br \/>proceso de doble intercambio i\u00f3nico que aplicamos al vidrio, este iPhone aguanta, aguanta y aguanta.<br \/>Nueva c\u00e1mara de 48 Mpx. Una enorme belleza en cada detalle. Ahora la c\u00e1mara principal hace fotos en una resoluci\u00f3n alt\u00edsima, para reflejar con el m\u00e1ximo detalle los paisajes m\u00e1s grandiosos o tus<br \/>peque\u00f1os momentos del d\u00eda a d\u00eda. Todo merece quedar en la memoria.<br \/>Nueva tecnolog\u00eda revolucionaria para tus retratos: la magia. Los retratos con m\u00e1s color y definici\u00f3n favorecen a cualquiera. Y ahora adem\u00e1s puedes cambiar el enfoque entre sujetos con un solo toque, incluso<br \/>despu\u00e9s de hacer la foto. Es el nuevo abracadabra. Los momentos \u00fanicos no esperan a nadie y menos a que t\u00fa pongas el modo Retrato. Por eso ahora cuando el sujeto es un perro, un gato o un simple<br \/>humano, el iPhone 15 capta la informaci\u00f3n de profundidad autom\u00e1ticamente. As\u00ed puedes elegir entre convertir la imagen en retrato al instante con un efecto difuminado o hacerlo m\u00e1s tarde en la app Fotos.<br \/>Autonom\u00eda para un d\u00eda entero. O para toda una temporada.<br \/>El chip A16 Bionic est\u00e1 detr\u00e1s de las prestaciones m\u00e1s punteras, como la fotograf\u00eda computacional empleada en las fotos de 24 Mpx y los retratos avanzados, o el Aislamiento de Voz de las llamadas de<br \/>tel\u00e9fono. Por no hablar del rendimiento superfluido de los juegos con graficazos. Todo con la m\u00e1xima eficiencia y autonom\u00eda. Empez\u00f3 como un Pro y aqu\u00ed sigue dando lo mejor de s\u00ed.<br \/>USB C. Una entrada triunfal. El nuevo conector USB C ha llegado para hacerte la vida m\u00e1s f\u00e1cil: puedes cargar tu Mac o iPad con el mismo cable que usas para tu iPhone 15, o incluso cargar el Apple Watch y<br \/>los AirPods en el iPhone 15.5 Menos l\u00edos en tu vida.<br \/>En caso de emergencia, cuenta con tu iPhone. Las prestaciones Emergencia SOS v\u00eda sat\u00e9lite10 y detecci\u00f3n de accidentes11 ya han ayudado a salvar vidas.<br \/>Dise\u00f1ado para cambiar las cosas. Si es importante para ti, tambi\u00e9n lo es para Apple. Protegemos la privacidad para darte m\u00e1s control sobre tus datos. Usamos materiales reciclados para reducir el impacto<br \/>ambiental. Y no nos olvidamos de las prestaciones de accesibilidad integradas.<\/p>\n<p>Especificaciones Apple iPhone 15<\/p>\n<p>Acabado<br \/>Dise\u00f1o de aluminio<br \/>Parte delantera con Ceramic Shield<br \/>Parte trasera de vidrio tintado en masa<br \/>Capacidad<br \/>128GB<br \/>Dimensiones y Peso<br \/>Ancho: 7,16 cm<br \/>Alto: 14,76 cm<br \/>Grosor: 0,78 cm<br \/>Peso: 171 g<br \/>Pantalla<br \/>Pantalla Super Retina XDR<br \/>Pantalla OLED de 6,1 pulgadas (15,54 cm) en diagonal<br \/>Resoluci\u00f3n de 2.556 por 1.179 p\u00edxeles a 460 p\/p<br \/>Dynamic Island<br \/>Pantalla HDR<br \/>True Tone<br \/>Gama crom\u00e1tica amplia (P3)<br \/>Respuesta h\u00e1ptica<br \/>Contraste de 2.000.000:1 (t\u00edpico)<br \/>Brillo m\u00e1ximo de 1.000 nits (t\u00edpico), pico de brillo de 1.600 nits (HDR) y pico de brillo de 2.000 nits (en exteriores)<br \/>Cubierta ole\u00f3fuga antihuellas<br \/>Compatible con la presentaci\u00f3n simult\u00e1nea de m\u00faltiples idiomas y grupos de caracteres<br \/>Resistencia a las salpicaduras, el agua y el polvo3<br \/>Calificaci\u00f3n IP68 seg\u00fan la norma IEC 60529 (hasta 6 metros de profundidad durante un m\u00e1ximo de 30 minutos)<br \/>Chip<br \/>Chip A16 Bionic CPU de 6 n\u00facleos (2 de rendimiento y 4 de eficiencia) GPU de 5 n\u00facleos \/ Neural Engine de 16 n\u00facleos<br \/>C\u00e1mara<br \/>Principal de 48 Mpx: 26 mm, apertura de \/1,6, estabilizaci\u00f3n \u00f3ptica de imagen por desplazamiento del sensor, 100 % Focus Pixels y compatibilidad con fotos de alt\u00edsima resoluci\u00f3n (24 y 48 Mpx)<br \/>Ultra gran angular de 12 Mpx: 13 mm, apertura de \/2,4 y campo de visi\u00f3n de 120<br \/>Teleobjetivo x2 de 12 Mpx (gracias al sensor Quad Pixel): 52 mm, apertura de \/1,6, estabilizaci\u00f3n \u00f3ptica de imagen por desplazamiento del sensor y 100 % Focus Pixels<br \/>Zoom \u00f3ptico de acercamiento x2, zoom \u00f3ptico de alejamiento x2 y rango de zoom \u00f3ptico x4<br \/>Zoom digital hasta x10<br \/>Cubierta de la lente de cristal de zafiro<br \/>Flash True Tone<br \/>Photonic Engine<br \/>Deep Fusion<br \/>HDR Inteligente 5<br \/>Retratos de \u00faltima generaci\u00f3n con Control de Profundidad y Enfoque<br \/>Iluminaci\u00f3n de Retratos con seis efectos<br \/>Modo Noche<br \/>Fotos panor\u00e1micas (hasta 63 Mpx)<br \/>Estilos Fotogr\u00e1ficos<br \/>Gama crom\u00e1tica amplia para fotos y Live Photos<br \/>Correcci\u00f3n del objetivo (ultra gran angular)<br \/>Correcci\u00f3n avanzada de ojos rojos<br \/>Estabilizaci\u00f3n autom\u00e1tica de imagen<br \/>Modo r\u00e1faga<br \/>Geoetiquetado de fotos<br \/>Captura de imagen en formato HEIF y JPEG<br \/>Grabaci\u00f3n de v\u00eddeo<br \/>Grabaci\u00f3n de v\u00eddeo en 4K a 24, 25, 30 o 60 f\/s<br \/>Grabaci\u00f3n de v\u00eddeo en 1080p HD a 25, 30 o 60 f\/s<br \/>Grabaci\u00f3n de v\u00eddeo en 720p HD a 30 f\/s<br \/>Modo Cine hasta 4K HDR a 30 f\/s<br \/>Modo Acci\u00f3n hasta 2,8K a 60 f\/s<br \/>Grabaci\u00f3n de v\u00eddeo en HDR con Dolby Vision hasta 4K a 60 f\/s<br \/>V\u00eddeo a c\u00e1mara lenta en 1080p a 120 o 240 f\/s<br \/>V\u00eddeo en time-lapse con estabilizaci\u00f3n<br \/>Time lapse con modo Noche<br \/>V\u00eddeo QuickTake<br \/>Estabilizaci\u00f3n \u00f3ptica de imagen por desplazamiento del sensor para v\u00eddeo (principal)<br \/>Zoom digital hasta x6<br \/>Zoom de audio<br \/>Flash True Tone<br \/>Estabilizaci\u00f3n de v\u00eddeo con calidad de cine (4K, 1080p y 720p)<br \/>Enfoque autom\u00e1tico continuo<br \/>Opci\u00f3n de sacar fotos de 8 Mpx durante la grabaci\u00f3n de v\u00eddeo en 4K<br \/>Reproducci\u00f3n con zoom<br \/>Grabaci\u00f3n de v\u00eddeo en formato HEVC y H.264<br \/>Grabaci\u00f3n en est\u00e9reo<br \/>C\u00e1mara TrueDepth (Frontal)<br \/>C\u00e1mara de 12 Mpx<br \/>Apertura de \/1,9<br \/>Enfoque autom\u00e1tico con Focus Pixels<br \/>Retina Flash<br \/>Photonic Engine<br \/>Deep Fusion<br \/>HDR Inteligente 5<br \/>Retratos de \u00faltima generaci\u00f3n con Control de Profundidad y Enfoque<br \/>Iluminaci\u00f3n de Retratos con seis efectos<br \/>Animoji y Memoji<br \/>Modo Noche<br \/>Estilos Fotogr\u00e1ficos<br \/>Gama crom\u00e1tica amplia para fotos y Live Photos<br \/>Correcci\u00f3n del objetivo<br \/>Estabilizaci\u00f3n autom\u00e1tica de imagen<br \/>Modo r\u00e1faga<br \/>Grabaci\u00f3n de v\u00eddeo en 4K a 24, 25, 30 o 60 f\/s<br \/>Grabaci\u00f3n de v\u00eddeo en 1080p HD a 25, 30 o 60 f\/s<br \/>Modo Cine hasta 4K HDR a 30 f\/s<br \/>Grabaci\u00f3n de v\u00eddeo en HDR con Dolby Vision hasta 4K a 60 f\/s<br \/>V\u00eddeo a c\u00e1mara lenta en 1080p a 120 f\/s<br \/>V\u00eddeo en time-lapse con estabilizaci\u00f3n<br \/>Timelapse con modo Noche<br \/>V\u00eddeo QuickTake<br \/>Estabilizaci\u00f3n de v\u00eddeo con calidad de cine (4K, 1080p y 720p)<br \/>FaceID<br \/>Reconocimiento facial mediante la c\u00e1mara TrueDepth<br \/>Apple Pay<br \/>Usa Face ID para pagar en tiendas, apps y p\u00e1ginas web con tu iPhone. Confirma las compras realizadas con Apple Pay en el Mac<br \/>Seguridad<br \/>Emergencia SOS v\u00eda sat\u00e9lite4 \/ Detecci\u00f3n de accidentes5<br \/>Redes M\u00f3viles e Inal\u00e1mbricas<br \/>5G NR (bandas n1, n2, n3, n5, n7, n8, n12, n20, n25, n26, n28, n30, n38, n40, n41, n48, n53, n66, n70, n77, n78 y n79)<br \/>FDD LTE (bandas 1, 2, 3, 4, 5, 7, 8, 12, 13, 17, 18, 19, 20, 25, 26, 28, 30, 32 y 66)<br \/>TD LTE (bandas 34, 38, 39, 40, 41, 42, 46, 48 y 53)<br \/>UMTS\/HSPA+\/DC-HSDPA (850, 900, 1.700\/2.100, 1.900 y 2.100 MHz)<br \/>GSM\/EDGE (850, 900, 1.800 y 1.900 MHz)<br \/>5G (sub-7 GHz) con MIMO 4&#215;46<br \/>LTE Gigabit con MIMO 4&#215;4 y LAA6<br \/>Wi-Fi 6 (802.11ax) con MIMO 2&#215;2<br \/>Bluetooth 5.3<br \/>Chip de banda ultraancha de segunda generaci\u00f3n7<br \/>NFC con modo de lectura<br \/>Tarjetas expr\u00e9s con reserva de bater\u00eda<br \/>Geolocalizaci\u00f3n<br \/>GPS, GLONASS, Galileo, QZSS y BeiDou<br \/>Br\u00fajula digital<br \/>WiFi<br \/>Redes m\u00f3viles<br \/>Microlocalizaci\u00f3n iBeacon<br \/>Videollamadas8<br \/>Videollamadas FaceTime v\u00eda wifi o red m\u00f3vil<br \/>Videollamadas FaceTime HD (1080p) v\u00eda wifi o redes 5G<br \/>SharePlay en llamadas FaceTime para disfrutar de pel\u00edculas, series, m\u00fasica y apps en compa\u00f1\u00eda<br \/>Pantalla compartida<br \/>Modo Retrato en videollamadas FaceTime<br \/>Audio espacial<br \/>Modos de micr\u00f3fono Aislamiento de Voz y Sonido de Fondo<br \/>Zoom en la c\u00e1mara trasera<br \/>Llamadas de Voz8<br \/>Llamadas de voz FaceTime<br \/>Voz por LTE (VoLTE)6<br \/>Llamadas v\u00eda wifi6<br \/>SharePlay en llamadas FaceTime para disfrutar de pel\u00edculas, series, m\u00fasica y apps en compa\u00f1\u00eda<br \/>Pantalla compartida<br \/>Audio espacial<br \/>Modos de micr\u00f3fono Aislamiento de Voz y Sonido de Fondo<br \/>Reproducci\u00f3n de audio<br \/>Formatos compatibles: AAC, MP3, Apple Lossless, FLAC, Dolby Digital, Dolby Digital Plus y Dolby Atmos (entre otros)<br \/>Audio espacial<br \/>L\u00edmite de volumen configurable por el usuario<br \/>Reproducci\u00f3n de v\u00eddeo<br \/>Formatos compatibles: HEVC, H.264 y ProRes (entre otros)<br \/>HDR con Dolby Vision, HDR10 y HLG<br \/>AirPlay hasta 4K HDR para duplicaci\u00f3n de pantalla y salida de fotos y v\u00eddeo a trav\u00e9s del Apple TV (2.\u00aa generaci\u00f3n o posterior) o de un televisor inteligente con AirPlay<br \/>Compatibilidad con v\u00eddeo en espejo y salida de v\u00eddeo: hasta 4K HDR a trav\u00e9s de la salida nativa DisplayPort mediante USB-C o del adaptador de USB?C a AV digital (modelo A2119, el adaptador se vende<br \/>por separado)9<br \/>Siri10<br \/>Env\u00eda mensajes, a\u00f1ade recordatorios y mucho m\u00e1s con tu voz<br \/>Act\u00edvalo con solo decir Oye Siri<br \/>Usa tu voz para activar atajos en tus apps favoritas<br \/>Carga y ampliaci\u00f3n<br \/>Carga<br \/>DisplayPort<br \/>USB 2 (hasta 480 Mb\/s)<br \/>Bater\u00eda y alimentaci\u00f3n11<br \/>Reproducci\u00f3n de v\u00eddeo: Hasta 20 horas<br \/>Streaming de v\u00eddeo: Hasta 16 horas<br \/>Reproducci\u00f3n de audio: Hasta 80 horas<br \/>Bater\u00eda recargable integrada de iones de litio<br \/>Carga inal\u00e1mbrica con cargadores MagSafe de hasta 15 W12<br \/>Carga inal\u00e1mbrica con cargadores Qi de hasta 7,5 W12<br \/>Carga r\u00e1pida: Hasta un 50 % en unos 30 minutos13 con un adaptador de 20 W o superior (se vende por separado)<br \/>MagSafe<br \/>Carga inal\u00e1mbrica de hasta 15 W12<br \/>Conjunto de imanes<br \/>Im\u00e1n de alineaci\u00f3n<br \/>NFC para la identificaci\u00f3n de accesorios<br \/>Magnet\u00f3metro<br \/>Sensores<br \/>Face ID<br \/>Bar\u00f3metro<br \/>Giroscopio de alto rango din\u00e1mico<br \/>Aceler\u00f3metro de fuerza g alta<br \/>Sensor de proximidad<br \/>Doble sensor de luz ambiental<br \/>Sistema Operativo<br \/>iOS 17<br \/>iOS es el sistema operativo m\u00f3vil m\u00e1s personal y seguro del mundo. Est\u00e1 repleto de funciones avanzadas y se ha dise\u00f1ado para proteger tu privacidad.<br \/>Accesibilidad<br \/>Prestaciones de accesibilidad integradas para que las personas con problemas de visi\u00f3n, audici\u00f3n, motricidad y aprendizaje le saquen todo el partido al iPhone.<br \/>Prestaciones incluidas<br \/>VoiceOver<br \/>Zoom<br \/>Lupa<br \/>Control por Voz<br \/>Control por Bot\u00f3n<br \/>AssistiveTouch<br \/>Compatibilidad con RTT y TTY<br \/>Subt\u00edtulos Opcionales<br \/>Subt\u00edtulos en Vivo<br \/>Escribir a Siri<br \/>Contenido Le\u00eddo<br \/>Tarjeta SIM<br \/>Doble SIM (Nano SIM y eSIM)14<br \/>Compatible con doble eSIM<br \/>Clasificaci\u00f3n de compatibilidad con aud\u00edfonos<br \/>M3 y T4<br \/>Requisitos del sistema<br \/>ID de Apple (para algunas prestaciones)<br \/>Acceso a internet15<br \/>La sincronizaci\u00f3n con un Mac o PC requiere: macOS Catalina 10.15 o posterior con el Finder De macOS High Sierra 10.13 a macOS Mojave 10.14.6 con iTunes 12.9 o posterior Windows 10 o posterior con<br \/>iTunes 12.10.10 o posterior (descarga gratuita desde itunes.com\/es)<br \/>Requisitos ambientales<br \/>Temperatura de funcionamiento: de 0 a 35 C<br \/>Temperatura de almacenamiento: de 20 a 45 C<br \/>Humedad relativa: del 5 al 95 % sin condensaci\u00f3n<br \/>Altitud m\u00e1xima de funcionamiento: probado hasta 3.000 m<br \/>Idiomas<br \/>Idiomas compatibles: Alem\u00e1n, \u00e1rabe, b\u00falgaro, catal\u00e1n, checo, chino (simplificado, tradicional y de Hong Kong), coreano, croata, dan\u00e9s, eslovaco, espa\u00f1ol (de Espa\u00f1a y Latinoam\u00e9rica), fin\u00e9s, franc\u00e9s (de<br \/>Canad\u00e1 y Francia), griego, hebreo, hindi, h\u00fangaro, indonesio, ingl\u00e9s (de Australia, Estados Unidos y Reino Unido), italiano, japon\u00e9s, kazajo, malayo, neerland\u00e9s, noruego, polaco, portugu\u00e9s (de Brasil y Portugal),<br \/>rumano, ruso, sueco, tailand\u00e9s, turco, ucraniano y vietnamita<br \/>Contenido en la caja<br \/>iPhone con iOS 17<br \/>Cable de carga USB-C (1 m)<br \/>Documentaci\u00f3n<br \/>Notas<br \/>El espacio disponible es menor y depende de muchos factores. Una configuraci\u00f3n est\u00e1ndar con iOS 17, las prestaciones m\u00e1s recientes y las apps de Apple que se pueden eliminar requiere<br \/>aproximadamente entre 12 y 17 GB de espacio. Estas apps de Apple ocupan en torno a 4,5 GB y puedes volver a descargarlas del App Store si las eliminas. La capacidad puede variar seg\u00fan la versi\u00f3n de<br \/>software, los ajustes y el modelo de iPhone.<br \/>El peso y las dimensiones var\u00edan en funci\u00f3n de la configuraci\u00f3n y el proceso de fabricaci\u00f3n.<br \/>El iPhone 15 y iPhone 15 Plus son resistentes a las salpicaduras, el agua y el polvo. Las pruebas se han realizado bajo control en un laboratorio y ambos modelos han obtenido la calificaci\u00f3n IP68 seg\u00fan la<br \/>norma IEC 60529 (hasta 6 metros de profundidad durante un m\u00e1ximo de 30 minutos). La resistencia a las salpicaduras, el agua y el polvo no es permanente y puede disminuir como consecuencia del uso<br \/>habitual. No intentes cargar el iPhone si est\u00e1 mojado. Consulta el manual de uso antes de limpiarlo o secarlo. La garant\u00eda no cubre los da\u00f1os producidos por l\u00edquidos.<br \/>Servicio gratuito durante dos a\u00f1os con la activaci\u00f3n de cualquier modelo de iPhone 15. La velocidad de conexi\u00f3n y de respuesta depende de la ubicaci\u00f3n, las condiciones del lugar y otros factores. M\u00e1s<br \/>informaci\u00f3n en support.apple.com\/es es\/HT213885.<br \/>El iPhone 15 y el iPhone 15 Pro detectan si has sufrido un accidente grave de coche y llaman a los servicios de emergencia. Requiere conexi\u00f3n m\u00f3vil o llamadas v\u00eda wifi.<br \/>Se requiere un plan de datos. Las redes 5G, LTE Gigabit y VoLTE y las llamadas v\u00eda wifi solo est\u00e1n disponibles en algunos pa\u00edses y con determinados operadores. La velocidad se basa en datos te\u00f3ricos y<br \/>puede variar seg\u00fan el operador y las condiciones del lugar. Para obtener m\u00e1s informaci\u00f3n sobre la compatibilidad con redes 5G y LTE, ponte en contacto con tu operador y consulta la p\u00e1gina<br \/>apple.com\/es\/iphone\/cellular.<br \/>La disponibilidad de la banda ultraancha var\u00eda en funci\u00f3n de la zona geogr\u00e1fica.<br \/>Las llamadas FaceTime requieren un dispositivo compatible con FaceTime y conexi\u00f3n wifi tanto para quien realiza la llamada como para quien la recibe. La disponibilidad a trav\u00e9s de la red m\u00f3vil depende de<br \/>las condiciones de cada operador. Consulta las tarifas de datos aplicables.<br \/>Solo v\u00eddeo de rango din\u00e1mico est\u00e1ndar.<br \/>Siri no est\u00e1 disponible en todos los idiomas ni pa\u00edses, y sus prestaciones pueden variar en funci\u00f3n del pa\u00eds. Requiere acceso a internet. Consulta las tarifas de datos aplicables.<br \/>La autonom\u00eda depende de la configuraci\u00f3n de la red y de otros muchos factores. Los resultados reales pueden variar. La bater\u00eda tiene un n\u00famero limitado de ciclos de carga y pasado un tiempo puede ser<br \/>necesario sustituirla. Su duraci\u00f3n y n\u00famero de ciclos de carga var\u00edan seg\u00fan el uso y los ajustes. M\u00e1s informaci\u00f3n en apple.com\/es\/batteries y apple.com\/es\/iphone\/battery.html.<br \/>Los cargadores inal\u00e1mbricos se venden por separado.<br \/>Pruebas realizadas por Apple en agosto de 2023 con prototipos del iPhone 15 y iPhone 15 Plus y versiones beta de software empleando el adaptador USB-C de Apple (modelo A2305 de 20 W). Pruebas de<br \/>carga r\u00e1pida realizadas con unidades de iPhone al 0 % de bater\u00eda. El tiempo de carga depende de los ajustes y los factores ambientales.<br \/>Los resultados reales pueden variar.<br \/>El uso de una eSIM requiere un plan de datos m\u00f3viles (que puede incluir condiciones especiales de portabilidad e itinerancia, incluso una vez finalizado el contrato). La eSIM no es compatible con todos los<br \/>proveedores. La eSIM podr\u00eda estar desactivada al comprar el iPhone a trav\u00e9s de determinados proveedores. Consulta los detalles con tu proveedor. M\u00e1s informaci\u00f3n en support.apple.com\/es es\/HT212780.<br \/>Se recomienda conexi\u00f3n inal\u00e1mbrica de banda ancha (se aplicar\u00e1n las tarifas correspondientes).<br \/>En China continental puedes usar Apple Pay a trav\u00e9s de Safari solo en los modelos de iPhone y iPad compatibles con iOS 11.2 o posterior.<br \/>Informaci\u00f3n actualizada a fecha del lanzamiento del producto.<br \/>El contenido reciclado o renovable de un producto equivale a la relaci\u00f3n entre la masa de materiales reciclados con certificaci\u00f3n y la masa total del dispositivo, sin tener en cuenta el embalaje ni los<br \/>accesorios incluidos en la caja.<br \/>Las reducciones de carbono se calculan a partir de una situaci\u00f3n hipot\u00e9tica en la que intervienen los siguientes factores: 1) Ning\u00fan uso de electricidad limpia en la fabricaci\u00f3n o la utilizaci\u00f3n de los<br \/>productos, aparte de la ya disponible en la red (seg\u00fan los factores de emisi\u00f3n regionales). 2) La intensidad de carbono de los materiales principales utilizados por Apple a partir de 2015 (a\u00f1o de referencia en<br \/>nuestro objetivo de ser neutros en carbono para 2030). A la hora de medir la intensidad de carbono de los materiales, se tiene en cuenta el uso de contenido reciclado y de tecnolog\u00edas de fabricaci\u00f3n. 3) La<br \/>combinaci\u00f3n media de modos de transporte (a\u00e9reo, ferroviario, mar\u00edtimo, terrestre) por l\u00ednea de producto utilizados por Apple a lo largo de tres a\u00f1os (ejercicios fiscales de 2017 a 2019) para reflejar mejor las<br \/>emisiones de referencia relativas al transporte de nuestros productos.<br \/>Para calcular el porcentaje de emisiones el\u00e9ctricas de nuestro proceso de fabricaci\u00f3n que procede de electricidad limpia, asignamos a nuestro modelo de emisiones de carbono la energ\u00eda limpia producida<br \/>por nuestros proveedores en el ejercicio fiscal anterior, en funci\u00f3n de la participaci\u00f3n que hayan tenido dichos proveedores en el proceso de fabricaci\u00f3n en la fecha de lanzamiento del producto. Esta cifra solo<br \/>incluye la electricidad limpia que Apple o sus proveedores hayan producido como parte del programa Clean Energy de Apple.<br \/>Por asignaci\u00f3n de balance de masa.<br \/>No incluye las trazas de tierras raras que se encuentran en el exterior de los imanes.<br \/>El rendimiento de eficiencia energ\u00e9tica se basa en los est\u00e1ndares federales de conservaci\u00f3n de energ\u00eda para cargadores de bater\u00eda del Departamento de Energ\u00eda de los Estados Unidos.<br \/>La Especificaci\u00f3n sobre Sustancias Reguladas de Apple define las restricciones de Apple respecto al uso de determinados compuestos qu\u00edmicos en los materiales de los productos, los accesorios, los<br \/>procesos de fabricaci\u00f3n y los embalajes que se emplean para el env\u00edo de los productos a los consumidores. Dichas restricciones se basan en leyes y directivas internacionales, agencias reguladoras,<br \/>requisitos de etiquetado ecol\u00f3gico, est\u00e1ndares medioambientales y pol\u00edticas de Apple. Ning\u00fan producto Apple contiene PVC ni ftalatos, salvo los cables de alimentaci\u00f3n para India, Tailandia (cable de<br \/>alimentaci\u00f3n de dos clavijas) y Corea del Sur, donde seguimos intentando que las autoridades aprueben nuestras alternativas a estos materiales. Los productos Apple se ajustan a la Directiva 2011\/65\/UE de la<br \/>Uni\u00f3n Europea y sus enmiendas, incluidas las exenciones para el uso de plomo, por ejemplo, en soldaduras a alta temperatura. Apple trabaja para dejar de usar estas sustancias exentas en los nuevos<br \/>productos cuando sea t\u00e9cnicamente posible.<br \/>Desglose por peso de los embalajes de nuestros productos vendidos en Estados Unidos. Para calcular el contenido de pl\u00e1stico y el peso del embalaje, no se tienen en cuenta los adhesivos, las tintas ni los<br \/>recubrimientos.<br \/>El abastecimiento responsable de la fibra de madera se define en la norma sobre la fibra de celulosa responsable de Apple. Incluimos el bamb\u00fa como fibra de madera.<br \/>Los descuentos dependen del estado, a\u00f1o y configuraci\u00f3n del dispositivo que entregues. Para poder cambiar tu dispositivo por un descuento o una Apple Gift Card, tienes que ser mayor de edad. No todos<br \/>los dispositivos pueden acogerse a esta oferta. La entrega de ordenadores de mesa solo puede tramitarse por internet en estos momentos. Para obtener m\u00e1s informaci\u00f3n sobre los dispositivos v\u00e1lidos y su<br \/>reciclaje, consulta a nuestro socio. Puede haber restricciones y limitaciones. El pago depender\u00e1 de que el estado del dispositivo coincida con el indicado durante la tasaci\u00f3n. Apple se reserva el derecho a<br \/>rechazar o limitar la cantidad de dispositivos seg\u00fan su criterio. El valor de tu dispositivo se descontar\u00e1 del precio del producto Apple nuevo. Esta oferta puede no estar disponible en todas las tiendas. Algunas<br \/>tiendas pueden exigir m\u00e1s requisitos.<\/p>\n","protected":false},"excerpt":{"rendered":"<p>Movil iphone 15 128gb pink<\/p>\n","protected":false},"featured_media":230096,"comment_status":"closed","ping_status":"open","template":"","meta":{"_et_pb_use_builder":"","_et_pb_old_content":"","_et_gb_content_width":""},"product_brand":[2061],"product_cat":[2058,2063,2062],"product_tag":[2064,2068,2112,2067,2066],"class_list":{"0":"post-231608","1":"product","2":"type-product","3":"status-publish","4":"has-post-thumbnail","6":"product_brand-apple","7":"product_cat-dispositivos","8":"product_cat-smartphones","9":"product_cat-telefonia","10":"product_tag-apple","11":"product_tag-dispositivos","12":"product_tag-movil-iphone-15-128gb-pink","13":"product_tag-smartphones","14":"product_tag-telefonia","15":"product_shipping_class-2059","16":"pa_canon-digital-incluida-2060","18":"first","19":"instock","20":"taxable","21":"shipping-taxable","22":"purchasable","23":"product-type-simple"},"_links":{"self":[{"href":"https:\/\/linkxa.es\/linkshop\/wp-json\/wp\/v2\/product\/231608","targetHints":{"allow":["GET"]}}],"collection":[{"href":"https:\/\/linkxa.es\/linkshop\/wp-json\/wp\/v2\/product"}],"about":[{"href":"https:\/\/linkxa.es\/linkshop\/wp-json\/wp\/v2\/types\/product"}],"replies":[{"embeddable":true,"href":"https:\/\/linkxa.es\/linkshop\/wp-json\/wp\/v2\/comments?post=231608"}],"wp:featuredmedia":[{"embeddable":true,"href":"https:\/\/linkxa.es\/linkshop\/wp-json\/wp\/v2\/media\/230096"}],"wp:attachment":[{"href":"https:\/\/linkxa.es\/linkshop\/wp-json\/wp\/v2\/media?parent=231608"}],"wp:term":[{"taxonomy":"product_brand","embeddable":true,"href":"https:\/\/linkxa.es\/linkshop\/wp-json\/wp\/v2\/product_brand?post=231608"},{"taxonomy":"product_cat","embeddable":true,"href":"https:\/\/linkxa.es\/linkshop\/wp-json\/wp\/v2\/product_cat?post=231608"},{"taxonomy":"product_tag","embeddable":true,"href":"https:\/\/linkxa.es\/linkshop\/wp-json\/wp\/v2\/product_tag?post=231608"}],"curies":[{"name":"wp","href":"https:\/\/api.w.org\/{rel}","templated":true}]}}