{"id":231629,"date":"2025-04-27T08:51:10","date_gmt":"2025-04-27T08:51:10","guid":{"rendered":"https:\/\/linkxa.es\/contratacion\/producto\/movil-iphone-15-plus-128gb-green\/"},"modified":"2025-08-01T22:12:12","modified_gmt":"2025-08-01T22:12:12","slug":"movil-iphone-15-plus-128gb-green","status":"publish","type":"product","link":"https:\/\/linkxa.es\/linkshop\/producto\/movil-iphone-15-plus-128gb-green\/","title":{"rendered":"Movil iphone 15 plus 128gb green"},"content":{"rendered":"<p>FICHA T\u00c9CNICA<br \/>Especificaciones<br \/>EXHIBICI\u00d3N<br \/>Diagonal de la pantalla<br \/>Size of the display for this product 17 cm (6.7&#8243;)<br \/>Forma de la pantalla Plana<br \/>Tipo de visualizador<br \/>Type of display (screen) e.g. LCD. OLED<br \/>Nombre comercial de la tecnolog\u00eda de la pantalla Super Retina XDR<br \/>Tipo de cristal de pantalla Ceramic Shield<br \/>Resoluci\u00f3n de la pantalla<br \/>Resolution of the display for the system 2796 x 1290 Pixeles<br \/>Raz\u00f3n de contraste (t\u00edpica)<br \/>The difference in light intensity between the brightest white and the darkest black. 2000000:1<br \/>Brillo de pantalla<br \/>Brightness is the amount of radiating light emitted from the screen. The brightness rating is measured in candellas per square meter 1000 cd \/ m<br \/>Brillo m\u00e1ximo de la pantalla (HDR) 1600 cd \/ m<br \/>Brillo m\u00e1ximo de la pantalla (exteriores) 2000 cd \/ m<br \/>Tecnolog\u00eda HDR (High Dynamic Range, Alto rango din\u00e1mico) Extreme Dynamic Range (XDR), High Dynamic Range 10 (HDR10), Hybrid Log-Gamma (HLG)<br \/>Tipo de pantalla t\u00e1ctil<br \/>There are a variety of touchscreen technologies that have different methods of sensing touch Capacitiva<br \/>Densidad del pixel 460 ppp<br \/>Tecnolog\u00edas espec\u00edficas Dynamic Island, Haptic touch, True Tone, Amplia gama de colores (P3)<br \/>PROCESADOR<br \/>Familia de procesador<br \/>A family of processors is a group of processors produced by one company over a short period of time e.g. Intel Pentium processors. Apple<br \/>Modelo del procesador<br \/>The model number for the processor in a computer. A16<br \/>N\u00famero de n\u00facleos de procesador<br \/>The number of central processing units (&#8216;cores&#8217;) in a processor. Some processors have 1 core 6<br \/>modelo Coprocesador Neural Engine<br \/>n\u00facleos coprocesador 16<br \/>MEDIOS DE ALMACENAJE<br \/>Capacidad de almacenamiento interno<br \/>The amount e.g of data which can be stored inside the device. 128 GB<br \/>Tarjetas de memoria compatibles<br \/>Types of memory cards which can be used with this product. No compatible<br \/>C\u00c1MARA FOTOGR\u00c1FICA<br \/>Resoluci\u00f3n de la c\u00e1mara trasera (num\u00e9rica)<br \/>The resolution of the images produced with the rear camera, given in MP (megapixel. 1 MP = 1 million pixels). 48 MP<br \/>Resoluci\u00f3n de la segunda c\u00e1mara trasera (num\u00e9rica) 12 MP<br \/>N\u00famero de apertura de la c\u00e1mara trasera 1,6<br \/>N\u00famero de apertura de la segunda c\u00e1mara trasera 1,6<br \/>\u00c1ngulo del campo de visi\u00f3n (FOV) de la segunda c\u00e1mara trasera 120<br \/>Distancia focal de la c\u00e1mara trasera 2,6 cm<br \/>Distancia focal de la segunda c\u00e1mara trasera 5,2 cm<br \/>Material de la cubierta de la lente Cristal de zafiro<br \/>Zoom \u00f3ptico<br \/>Indicates the optical zoom capacity, the number of times that the picture can be enlarged with the optics of the camera. 4x<br \/>Acercamiento \u00f3ptico (zoom in) 2x<br \/>Alejamiento \u00f3ptico (zoom out) 2x<br \/>Zoom digital<br \/>Indicates the digital zoom capacity, the number of times that the picture is enlarged thanks to digital technology. 10x<br \/>Tipo de c\u00e1mara frontal<br \/>Indicates the type of the camera at the front of the product, dual or single. C\u00e1mara \u00fanica<br \/>Resoluci\u00f3n de la c\u00e1mara frontal (num\u00e9rica) 12 MP<br \/>N\u00famero de apertura de la c\u00e1mara frontal 1,9<br \/>Resoluci\u00f3n de captura de video 3840 x 2160 Pixeles<br \/>Velocidad m\u00e1xima de cuadro<br \/>This is the maximum frame rate 240 pps<br \/>Resoluci\u00f3n en velocidad de captura 1280&#215;720@30fps, 1920&#215;1080@25fps, 1920&#215;1080@30fps, 1920&#215;1080@60fps, 3840&#215;2160@24fps, 3840&#215;2160@25fps, 3840&#215;2160@30fps, 3840&#215;2160@60fps<br \/>Modos de grabaci\u00f3n de v\u00eddeo 720p, 1080p, 2160p<br \/>Tipo de c\u00e1mara trasera<br \/>Indicates the type of the camera at the back of the product, dual or single. C\u00e1mara doble<br \/>Tipo de estabilizador de imagen Optical Image Stabilization (OIS)<br \/>Formatos de imagen de la c\u00e1mara compatibles HEIF, JPEG<br \/>Formatos de v\u00eddeo de la c\u00e1mara compatibles H.264, HEVC<br \/>CONEXI\u00d3N<br \/>Capacidad de la tarjeta SIM<br \/>How many SIM cards the device can hold. SIM doble<br \/>Generaci\u00f3n de red m\u00f3vil 5G<br \/>Tipo de tarjeta SIM eSIM<br \/>Est\u00e1ndares 3G DC-HSDPA, HSPA+, UMTS<br \/>Est\u00e1ndar 4G TD-LTE &#038; FDD-LTE<br \/>Est\u00e1ndar 5G NR, NR mmWave<br \/>Wi-Fi est\u00e1ndares<br \/>The type of wireless local area network (LAN). It can be ad-hoc Wi-Fi 6 (802.11ax)<br \/>Versi\u00f3n de Bluetooth<br \/>The type of bluetooth technology in the product e.g. Bluetooth Smart (v4.0). 5.3<br \/>Banda de frecuencia Pentabanda<br \/>Bandas 3G soportadas 850, 900, 1700, 1900, 2100 MHz<br \/>SUSCRIPCI\u00d3N<br \/>Tipo de suscripci\u00f3n<br \/>The type of cellular connection subscription. Sin suscripci\u00f3n<br \/>PUERTOS E INTERFACES<br \/>Conector USB<br \/>The type of USB connector\/port that this product has. USB Tipo C<br \/>DISE\u00d1O<br \/>Factor de forma<br \/>Description of visible characteristics of the product. Barra<br \/>Color del producto<br \/>The colour e.g. red Verde<br \/>C\u00f3digo IP (International Protection)<br \/>The IP code classifies and rates the degree of protection provided against the intrusion (including body parts such as hands and fingers) IP68<br \/>Funciones de protecci\u00f3n<br \/>Physical effects from which the product is protected e.g. water resistant Resistente al polvo, A prueba de salpicaduras, Resistente al agua<br \/>Humedad: resistente al agua hasta 6 m<br \/>Material de la carcasa<br \/>What the casing of the product is made of. Aluminio, Vidrio<br \/>DESEMPE\u00d1O<br \/>Adaptadores de n\u00facleo gr\u00e1fico 5<br \/>Prestaciones de accesibilidad AssistiveTouch, Back Tap, Subt\u00edtulos cerrados, Lupa, Real-time text (RTT), Siri and Dictation, Contenido hablado, Switch Control, Teletype (TTY), Type to Siri, Control por<br \/>voz, VoiceOver, Acercar<br \/>Compatible con aud\u00edfonos M3, T4<br \/>MULTIMEDIA<br \/>Altavoces Est\u00e9reo<br \/>Modo de reproducci\u00f3n Acercar<br \/>Formatos de audio soportados<br \/>The audio formats which this device or software can read\/use e.g. MP3 AAC, AAC-LC, AAX, AAX+, AC3, EAC3, FLAC, HE-AAC, HE-AAC v2, MP3, PCM<br \/>Formatos de v\u00eddeo compatibles<br \/>The type of video formats that can be used by this device. H.264, HEVC, M-JPEG, MPEG4<br \/>SOFTWARE<br \/>Plataforma<br \/>Description of a technology platform including a processor iOS<br \/>Sistema operativo instalado<br \/>Type of operating system on a device e.g. IOS on Apple devices iOS 17<br \/>Plataforma de distribuciones de aplicaciones Apple App Store<br \/>Asistente virtual<br \/>Depending on the make of the device, a different application is pre-installed that can understand voice commands and complete tasks for a user, e.g. Apple Siri, Amazon Alexa. Apple SiriSoftware incluido<br \/>Software distributed with another product such as a piece of computer hardware or other electronic device iMovie Pages Keynote Numbers GarageBand Apple Store Trailers iTunes Remote Clips Support<br \/>BATER\u00cdA<br \/>Tecnolog\u00eda de bater\u00eda<br \/>The type of battery in the device I\u00f3n de litio<br \/>Tiempo continuo de reproducci\u00f3n de audio<br \/>Number of hours on average for continuous play. This is dependent on the device battery capacity. 100 h<br \/>Tiempo continuo de reproducci\u00f3n de video 26 h<br \/>PESO Y DIMENSIONES<br \/>Ancho<br \/>The measurement or extent of something from side to side. 77,8 mm<br \/>Profundidad<br \/>The distance from the front to the back of something. 7,8 mm<br \/>Altura<br \/>Height of the product 160,9 mm<br \/>Peso<br \/>Peso del producto sin embalaje (peso neto). Si es posible, se da el peso neto incluyendo los accesorios y suministros est\u00e1ndar. Tenga en cuenta que a veces el fabricante deja de lado el peso de los accesorios<br \/>y \/ o suministros. 201 g<br \/>APROBACIONES REGULADORAS<br \/>\u00cdndice SAR para la cabeza (UE)<br \/>SAR stands for Specific Absorption Rate which is the unit of measurement for the amount of radio frequency energy absorbed by the head when using mobile equipment. 0,98 W\/kg<br \/>\u00cdndice SAR para el cuerpo (UE)<br \/>SAR stands for Specific Absorption Rate which is the unit of measurement for the amount of radio frequency (RF) energy absorbed by the body when using mobile equipment. 0,98 W\/kg<br \/>SAR (Specific Absorption Rate, Tasa de absorci\u00f3n espec\u00edfica) en extremidades (UE) 2,98 W\/kg<br \/>CONDICIONES AMBIENTALES<br \/>Intervalo de temperatura operativa<br \/>The minimum and maximum temperatures at which the product can be safely operated. 0 &#8211; 35 C<br \/>Intervalo de temperatura de almacenaje<br \/>The minimum and maximum temperatures at which the product can be safely stored. -20 &#8211; 45 C<br \/>Intervalo de humedad relativa para funcionamiento 5 &#8211; 95%<br \/>Altitud de funcionamiento 0 &#8211; 3000 m<br \/>CONTENIDO DEL EMBALAJE<br \/>Cables incluidos USB tipo C a USB tipo C<br \/>DETALLES T\u00c9CNICOS<br \/>No contiene Ars\u00e9nico, Berilio, Mercurio, PVC\/BFR<br \/>\u00cdndice de reparabilidad 7.5<\/p>\n","protected":false},"excerpt":{"rendered":"<p>Movil iphone 15 plus 128gb green<\/p>\n","protected":false},"featured_media":230103,"comment_status":"closed","ping_status":"open","template":"","meta":{"_et_pb_use_builder":"","_et_pb_old_content":"","_et_gb_content_width":""},"product_brand":[2061],"product_cat":[2058,2063,2062],"product_tag":[2064,2068,2117,2067,2066],"class_list":{"0":"post-231629","1":"product","2":"type-product","3":"status-publish","4":"has-post-thumbnail","6":"product_brand-apple","7":"product_cat-dispositivos","8":"product_cat-smartphones","9":"product_cat-telefonia","10":"product_tag-apple","11":"product_tag-dispositivos","12":"product_tag-movil-iphone-15-plus-128gb-green","13":"product_tag-smartphones","14":"product_tag-telefonia","15":"product_shipping_class-2059","16":"pa_canon-digital-incluida-2060","18":"first","19":"instock","20":"taxable","21":"shipping-taxable","22":"purchasable","23":"product-type-simple"},"_links":{"self":[{"href":"https:\/\/linkxa.es\/linkshop\/wp-json\/wp\/v2\/product\/231629","targetHints":{"allow":["GET"]}}],"collection":[{"href":"https:\/\/linkxa.es\/linkshop\/wp-json\/wp\/v2\/product"}],"about":[{"href":"https:\/\/linkxa.es\/linkshop\/wp-json\/wp\/v2\/types\/product"}],"replies":[{"embeddable":true,"href":"https:\/\/linkxa.es\/linkshop\/wp-json\/wp\/v2\/comments?post=231629"}],"wp:featuredmedia":[{"embeddable":true,"href":"https:\/\/linkxa.es\/linkshop\/wp-json\/wp\/v2\/media\/230103"}],"wp:attachment":[{"href":"https:\/\/linkxa.es\/linkshop\/wp-json\/wp\/v2\/media?parent=231629"}],"wp:term":[{"taxonomy":"product_brand","embeddable":true,"href":"https:\/\/linkxa.es\/linkshop\/wp-json\/wp\/v2\/product_brand?post=231629"},{"taxonomy":"product_cat","embeddable":true,"href":"https:\/\/linkxa.es\/linkshop\/wp-json\/wp\/v2\/product_cat?post=231629"},{"taxonomy":"product_tag","embeddable":true,"href":"https:\/\/linkxa.es\/linkshop\/wp-json\/wp\/v2\/product_tag?post=231629"}],"curies":[{"name":"wp","href":"https:\/\/api.w.org\/{rel}","templated":true}]}}