{"id":231638,"date":"2025-02-25T00:58:21","date_gmt":"2025-02-25T00:58:21","guid":{"rendered":"https:\/\/linkxa.es\/contratacion\/producto\/movil-hammer-rugerizado-energy-x-64gb\/"},"modified":"2025-08-01T22:13:29","modified_gmt":"2025-08-01T22:13:29","slug":"movil-hammer-rugerizado-energy-x-64gb","status":"publish","type":"product","link":"https:\/\/linkxa.es\/linkshop\/producto\/movil-hammer-rugerizado-energy-x-64gb\/","title":{"rendered":"M\u00f3vil hammer rugerizado energy x 64gb"},"content":{"rendered":"<p>La elecci\u00f3n perfecta para personas activas y amantes de estilos de vida extremos HAMMER ENERGY X es un tel\u00e9fono inteligente que cuenta con una pantalla de 5,5&#8243; HD+ IPS Gorila Glass 3, certificaci\u00f3n IP69,certificado MIL STD-810H,tecnolog\u00eda eSIM,VoLTE y resistencia a temperaturas extremas de -40 C a 70 C Gracias a su resistente carcasa impermeable y robusta bater\u00eda de 5000 mAh con funci\u00f3n de power bank, este dispositivo es la elecci\u00f3n perfecta para personas activas que disfrutan de un estilo de vida extremo y necesitan un tel\u00e9fono que aguante el ritmo. ENERGY X cumple con las expectativas de los usuarios m\u00e1s exigentes en t\u00e9rminos de durabilidad y resistencia. HAMMER ENERGY X es un smartphone con una pantalla de 5,5 pulgadas, certificaci\u00f3n IP69 y tecnolog\u00eda eSIM. Su duradera carcasa resistente al agua y su robusta bater\u00eda de 5000 mAh, con funci\u00f3n de banco de energ\u00eda, lo convierten en la elecci\u00f3n ideal para personas activas que no temen los estilos de vida extremos. Como otro representante de la l\u00ednea m\u00e1s popular, HAMMER ENERGY X cumple las expectativas de los usuarios m\u00e1s exigentes. Elige el HAMMER ENERGY X para protegerte contra el agua, el polvo y las ca\u00eddas (prueba de ca\u00edda de 1,5 m). Con una durabilidad con clasificaci\u00f3n IP69 y la capacidad de soportar temperaturas extremas de -40 a 70, este te acompa\u00f1ar\u00e1 en las condiciones de trabajo m\u00e1s exigentes. Disfruta no solo de la durabilidad, sino tambi\u00e9n del dise\u00f1o exclusivo de la carcasa y de la pantalla IPS HD+ de 5,5 pulgadas con una relaci\u00f3n de aspecto de 18:9. La protecci\u00f3n Gorilla Glass 3 evita ara\u00f1azos o grietas en la pantalla. Adem\u00e1s, el dise\u00f1o general se complementa con elegantes acabados. No te quedes sin bater\u00eda en los momentos m\u00e1s importantes. ENERGY X viene con una gran bater\u00eda de 5000 mAh que proporciona hasta 2 d\u00edas de uso continuo. Funci\u00f3n Power Bank, tambi\u00e9n estar\u00e1s preparado para cuando tus otros dispositivos necesiten energ\u00eda extra. Captura cada momento, sean cuales sean las condiciones, con la doble c\u00e1mara principal (13+2 megap\u00edxeles) y la c\u00e1mara frontal para selfies (8 megap\u00edxeles). La estabilizaci\u00f3n de imagen, la compatibilidad con IA y la posibilidad de aplicar filtros en tiempo real facilitan el encuadre y mejoran la calidad de tus fotos. Disfruta de la libertad con la tecnolog\u00eda eSIM Descubre la comodidad y la libertad de elecci\u00f3n con la innovadora eSIM. Tanto si est\u00e1s en casa o de viaje en el extranjero, ENERGY X te permite aprovechar las ofertas de los operadores locales. Con un potente procesador de 8 n\u00facleos a 2 GHz y 4 GB de RAM, obtendr\u00e1s la fluidez necesaria para una experiencia de usuario adecuada. No importa lo que hagas, los componentes optimizados combinados con una bater\u00eda de 5000 mAh mantendr\u00e1n tu tel\u00e9fono funcionando larga y eficientemente. Especificaciones de HAMMER Energy X: Pantalla LCD IPS Color (16M) 720&#215;1440 px (5.5&#8243;) 293ppi LCD de protecci\u00f3n: Corning Gorilla Glass 3 Resoluci\u00f3n 1440 x 720 px Densidad 295 ppi Certificaci\u00f3n IP-79 impermeable y a prueba de polvo Certificado militar MIL STD-810H Resistencia a ca\u00eddas hasta una altura de 1,5 m Resistencia a temperaturas de -40 C a 70 C Procesador MediaTek Helio G25, 8 n\u00facleos, 2.0 GHz 4 GB de RAM, 64 GB de memoria interna ampliable hasta 256 GB 2G MHz 850\/900\/1800\/2100 3G MHz 900\/2100 4G LTE 800\/850\/900\/1800\/2100\/2300\/2600 MHz Face ID, lector de huellas dactilares Bluetooth 5.0 NFC Dual SIM, e-SIM tama\u00f1o: 1 SIM nano SIM tama\u00f1o: 2 SIM nano SIM USB Tipo C 2.0 Wi-Fi IEEE802.11 a\/b\/g\/n\/ac Frecuencia Wi-fi 2,4 5,0 GHz C\u00e1mara principal 13 Mp + 2 Mp Apertura de la c\u00e1mara 1.8 f Resoluci\u00f3n de grabaci\u00f3n de v\u00eddeo de la c\u00e1mara de visi\u00f3n trasera 1080 px C\u00e1mara frontal de 8 MP Detecci\u00f3n de escenas (AI), Modo macro, Modo vertical, Modo panor\u00e1mico, Modo time-lapse, Reconocimiento facial Dimensiones 153,5 x 75,5 x 14,2 mm Peso del dispositivo con bater\u00eda 252 g Bater\u00eda de 5000 mAh con funci\u00f3n powerbank Android 12<\/p>\n","protected":false},"excerpt":{"rendered":"<p>M\u00f3vil hammer rugerizado energy x 64gb 4gb negro<\/p>\n","protected":false},"featured_media":230105,"comment_status":"closed","ping_status":"open","template":"","meta":{"_et_pb_use_builder":"","_et_pb_old_content":"","_et_gb_content_width":""},"product_brand":[2096],"product_cat":[2058,2063,2062],"product_tag":[2068,2097,2118,2067,2066],"class_list":{"0":"post-231638","1":"product","2":"type-product","3":"status-publish","4":"has-post-thumbnail","6":"product_brand-hammer","7":"product_cat-dispositivos","8":"product_cat-smartphones","9":"product_cat-telefonia","10":"product_tag-dispositivos","11":"product_tag-hammer","12":"product_tag-movil-hammer-rugerizado-energy-x-64gb","13":"product_tag-smartphones","14":"product_tag-telefonia","15":"product_shipping_class-2059","16":"pa_canon-digital-incluida-2060","18":"first","19":"instock","20":"taxable","21":"shipping-taxable","22":"purchasable","23":"product-type-simple"},"_links":{"self":[{"href":"https:\/\/linkxa.es\/linkshop\/wp-json\/wp\/v2\/product\/231638","targetHints":{"allow":["GET"]}}],"collection":[{"href":"https:\/\/linkxa.es\/linkshop\/wp-json\/wp\/v2\/product"}],"about":[{"href":"https:\/\/linkxa.es\/linkshop\/wp-json\/wp\/v2\/types\/product"}],"replies":[{"embeddable":true,"href":"https:\/\/linkxa.es\/linkshop\/wp-json\/wp\/v2\/comments?post=231638"}],"wp:featuredmedia":[{"embeddable":true,"href":"https:\/\/linkxa.es\/linkshop\/wp-json\/wp\/v2\/media\/230105"}],"wp:attachment":[{"href":"https:\/\/linkxa.es\/linkshop\/wp-json\/wp\/v2\/media?parent=231638"}],"wp:term":[{"taxonomy":"product_brand","embeddable":true,"href":"https:\/\/linkxa.es\/linkshop\/wp-json\/wp\/v2\/product_brand?post=231638"},{"taxonomy":"product_cat","embeddable":true,"href":"https:\/\/linkxa.es\/linkshop\/wp-json\/wp\/v2\/product_cat?post=231638"},{"taxonomy":"product_tag","embeddable":true,"href":"https:\/\/linkxa.es\/linkshop\/wp-json\/wp\/v2\/product_tag?post=231638"}],"curies":[{"name":"wp","href":"https:\/\/api.w.org\/{rel}","templated":true}]}}