{"id":231705,"date":"2025-06-28T12:02:00","date_gmt":"2025-06-28T12:02:00","guid":{"rendered":"https:\/\/linkxa.es\/contratacion\/producto\/reloj-smartwatch-apple-watch-se-gps\/"},"modified":"2025-08-01T22:16:20","modified_gmt":"2025-08-01T22:16:20","slug":"reloj-smartwatch-apple-watch-se-gps","status":"publish","type":"product","link":"https:\/\/linkxa.es\/linkshop\/producto\/reloj-smartwatch-apple-watch-se-gps\/","title":{"rendered":"Reloj smartwatch apple watch se gps"},"content":{"rendered":"<p>&#8211; FICHA T\u00c9CNICA DEL RELOJ INTELIGENTE\u00a0<\/p>\n<p>GENERAL:\u00a0<br \/>\u00a0\u00a0\u00a0 &#8211; Tipo de producto: Reloj inteligente.\u00a0<br \/>\u00a0\u00a0\u00a0 &#8211; Estilo: Estilo de reloj.\u00a0<br \/>\u00a0\u00a0\u00a0 &#8211; Modelo: A2722.\u00a0<br \/>\u00a0\u00a0\u00a0 &#8211; Pantalla de reloj: S\u00ed.\u00a0<br \/>\u00a0\u00a0\u00a0 &#8211; Audio:\u00a0<br \/>\u00a0\u00a0\u00a0\u00a0\u00a0\u00a0\u00a0 &#8211; Entrada: Micr\u00f3fono.\u00a0<br \/>\u00a0\u00a0\u00a0\u00a0\u00a0\u00a0\u00a0 &#8211; Salida: Altavoz.\u00a0<br \/>\u00a0\u00a0\u00a0 &#8211; Tecnolog\u00eda de pago: Apple Pay.\u00a0<br \/>\u00a0\u00a0\u00a0 &#8211; Navegaci\u00f3n: GPS, GLONASS, Galileo, QZSS.\u00a0<br \/>\u00a0\u00a0\u00a0 &#8211; Tipo de retroalimentaci\u00f3n: Alerta sonora, alarma con vibraci\u00f3n, interfaz visual.\u00a0<br \/>\u00a0\u00a0\u00a0 &#8211; Sistemas operativos:\u00a0<br \/>\u00a0\u00a0\u00a0\u00a0\u00a0\u00a0\u00a0 &#8211; WatchOS 11.\u00a0<br \/>\u00a0\u00a0\u00a0\u00a0\u00a0\u00a0\u00a0 &#8211; SO Host compatible: iOS 18 o posterior.\u00a0<\/p>\n<p>SENSORES:\u00a0<br \/>\u00a0\u00a0\u00a0 &#8211; Sensor de luz ambiental.\u00a0<br \/>\u00a0\u00a0\u00a0 &#8211; Br\u00fajula digital.\u00a0<br \/>\u00a0\u00a0\u00a0 &#8211; Alt\u00edmetro siempre activo.\u00a0<br \/>\u00a0\u00a0\u00a0 &#8211; Sensor card\u00edaco \u00f3ptico (2\u00aa generaci\u00f3n).\u00a0<br \/>\u00a0\u00a0\u00a0 &#8211; Aceler\u00f3metro de alta g.\u00a0<br \/>\u00a0\u00a0\u00a0 &#8211; Giroscopio de alto rango din\u00e1mico.\u00a0<\/p>\n<p>CARACTER\u00cdSTICAS:\u00a0<br \/>\u00a0\u00a0\u00a0 &#8211; Detecci\u00f3n de ca\u00eddas, SOS de emergencia, recordatorio de medicaci\u00f3n.\u00a0<br \/>\u00a0\u00a0\u00a0 &#8211; Llamada de emergencia internacional, detecci\u00f3n de golpes.\u00a0<br \/>\u00a0\u00a0\u00a0 &#8211; Monitorizaci\u00f3n del ruido.\u00a0<br \/>\u00a0\u00a0\u00a0 &#8211; Brillo: 1000 nits.\u00a0<\/p>\n<p>ACTIVIDAD Y DEPORTE:\u00a0<br \/>\u00a0\u00a0\u00a0 &#8211; Modos: Golf, correr, nataci\u00f3n, ski, ciclismo, senderismo, caminar, yoga, snowboarding, HIIT, remo, pilates, kickboxing, entre otros.\u00a0<\/p>\n<p>NOTIFICACIONES:\u00a0<br \/>\u00a0\u00a0\u00a0 &#8211; Calendario, SMS, Email, aplicaciones, ritmo card\u00edaco alto\/bajo, ritmo irregular, retroceso.\u00a0<\/p>\n<p>DATOS DE SEGUIMIENTO:\u00a0<br \/>\u00a0\u00a0\u00a0 &#8211; Distancia, tiempo, calor\u00edas quemadas, actividad, sue\u00f1o, ritmo card\u00edaco, fases del sue\u00f1o, nivel de ruido, ciclo menstrual, mindfulness.\u00a0<\/p>\n<p>DIVERSO:\u00a0<br \/>\u00a0\u00a0\u00a0 &#8211; Garant\u00eda: 1 a\u00f1o.\u00a0<br \/>\u00a0\u00a0\u00a0 &#8211; Protecci\u00f3n: Impermeable (resistencia hasta 50 m).\u00a0<br \/>\u00a0\u00a0\u00a0 &#8211; Software precargado: GymKit.\u00a0<br \/>\u00a0\u00a0\u00a0 &#8211; Material del cuerpo: 100 % aluminio reciclado.\u00a0<br \/>\u00a0\u00a0\u00a0 &#8211; Tasa de absorci\u00f3n espec\u00edfica (SAR):\u00a0<br \/>\u00a0\u00a0\u00a0\u00a0\u00a0\u00a0\u00a0 &#8211; Cabeza: 0.24 W\/kg.\u00a0<br \/>\u00a0\u00a0\u00a0\u00a0\u00a0\u00a0\u00a0 &#8211; Extremidad: 0.07 W\/kg.\u00a0<br \/>\u00a0\u00a0\u00a0 &#8211; Cumplimiento de normas: Sin BFR, PVC, mercurio, ars\u00e9nico, ni berilio.\u00a0<\/p>\n<p>ALMACENAMIENTO:\u00a0<br \/>\u00a0\u00a0\u00a0 &#8211; Capacidad: 32 GB.\u00a0<\/p>\n<p>PAR\u00c1METROS DE ENTORNO:\u00a0<br \/>\u00a0\u00a0\u00a0 &#8211; Temperatura de funcionamiento: 0 \u00b0C a 35 \u00b0C.\u00a0<br \/>\u00a0\u00a0\u00a0 &#8211; Altitud m\u00e1xima: 3000 m.\u00a0<br \/>\u00a0\u00a0\u00a0 &#8211; Humedad de funcionamiento: 5 &#8211; 90% (sin condensaci\u00f3n).\u00a0<\/p>\n<p>BATER\u00cdA:\u00a0<br \/>\u00a0\u00a0\u00a0 &#8211; Tipo: Ion de litio recargable.\u00a0<br \/>\u00a0\u00a0\u00a0 &#8211; Carga inal\u00e1mbrica: S\u00ed.\u00a0<br \/>\u00a0\u00a0\u00a0 &#8211; Duraci\u00f3n: Hasta 18 horas (uso normal).\u00a0<\/p>\n<p>CONECTIVIDAD:\u00a0<br \/>\u00a0\u00a0\u00a0 &#8211; Interfaz inal\u00e1mbrica: IEEE 802.11n, Bluetooth 5.3.\u00a0<\/p>\n<p>DIMENSIONES Y PESO:\u00a0<br \/>\u00a0\u00a0\u00a0 &#8211; Peso solo caja: 26.4 g.\u00a0<\/p>\n<p>VISUALIZADOR:\u00a0<br \/>\u00a0\u00a0\u00a0 &#8211; Tipo: Retina LTPO OLED &#8211; color.\u00a0<br \/>\u00a0\u00a0\u00a0 &#8211; Resoluci\u00f3n: 324 x 394 p\u00edxeles.\u00a0<br \/>\u00a0\u00a0\u00a0 &#8211; Densidad de p\u00edxeles: 326 ppi.\u00a0<br \/>\u00a0\u00a0\u00a0 &#8211; Protecci\u00f3n: Cristal Ion-X.\u00a0<\/p>\n<p>CPU:\u00a0<br \/>\u00a0\u00a0\u00a0 &#8211; Fabricante: Apple.\u00a0<br \/>\u00a0\u00a0\u00a0 &#8211; Tipo: S8 SiP con chip inal\u00e1mbrico W3 y motor neural de 2 n\u00facleos.\u00a0<\/p>\n<p>BANDA:\u00a0<br \/>\u00a0\u00a0\u00a0 &#8211; Nombre: Pulsera deportiva.\u00a0<br \/>\u00a0\u00a0\u00a0 &#8211; Material: Fluoroelast\u00f3mero.\u00a0<br \/>\u00a0\u00a0\u00a0 &#8211; Color: Denim.\u00a0<br \/>\u00a0\u00a0\u00a0 &#8211; Tama\u00f1o: M\/L (mu\u00f1ecas de 130-180 mm).\u00a0<br \/>\u00a0\u00a0\u00a0 &#8211; Tipo de cierre: Pin-and-tuck.\u00a0<br \/>\u00a0\u00a0\u00a0 &#8211; Intercambiable: S\u00ed.\u00a0<\/p>\n<p>CAJA DEL RELOJ:\u00a0<br \/>\u00a0\u00a0\u00a0 &#8211; Tama\u00f1o: 40 mm.\u00a0<br \/>\u00a0\u00a0\u00a0 &#8211; Forma: Rectangular.\u00a0<br \/>\u00a0\u00a0\u00a0 &#8211; Material: Aluminio plateado.\u00a0<br \/>\u00a0\u00a0\u00a0 &#8211; Parte posterior: Cristal de zafiro y compuesto de nailon.\u00a0<br \/>\u00a0\u00a0\u00a0 &#8211; Tipo de corona: Digital con retroalimentaci\u00f3n t\u00e1ctil.\u00a0<\/p>\n<p>INTERNET DE LAS COSAS (IoT):\u00a0<br \/>\u00a0\u00a0\u00a0 &#8211; Compatible: S\u00ed.\u00a0<br \/>\u00a0\u00a0\u00a0 &#8211; Asistente inteligente: Siri.\u00a0<br \/>\u00a0\u00a0\u00a0 &#8211; Control por voz: Directo.\u00a0<\/p>\n<p>INFORMACI\u00d3N DE SOSTENIBILIDAD:\u00a0<br \/>\u00a0\u00a0\u00a0 &#8211; Huella de carbono: 0 kg de emisiones de carbono.\u00a0<\/p>\n<p>ACCESORIOS INCLUIDOS:\u00a0<br \/>\u00a0\u00a0\u00a0 &#8211; Cargador magn\u00e9tico con cable USB-C (1 m).\u00a0<\/p>\n<p>Este reloj inteligente combina dise\u00f1o premium, tecnolog\u00eda avanzada y sostenibilidad, ofreciendo una experiencia completa para el usuario.<\/p>\n","protected":false},"excerpt":{"rendered":"<p>Reloj smartwatch apple watch se gps 40mm silver case denim sport band m &#8211; l<\/p>\n","protected":false},"featured_media":230640,"comment_status":"closed","ping_status":"open","template":"","meta":{"_et_pb_use_builder":"","_et_pb_old_content":"","_et_gb_content_width":""},"product_brand":[2061],"product_cat":[2058,2316,2062],"product_tag":[2064,2068,2331,2318,2066],"class_list":{"0":"post-231705","1":"product","2":"type-product","3":"status-publish","4":"has-post-thumbnail","6":"product_brand-apple","7":"product_cat-dispositivos","8":"product_cat-smartwatches","9":"product_cat-telefonia","10":"product_tag-apple","11":"product_tag-dispositivos","12":"product_tag-reloj-smartwatch-apple-watch-se-gps","13":"product_tag-smartwatches","14":"product_tag-telefonia","15":"product_shipping_class-2059","16":"pa_canon-digital-incluida-2319","18":"first","19":"instock","20":"taxable","21":"shipping-taxable","22":"purchasable","23":"product-type-simple"},"_links":{"self":[{"href":"https:\/\/linkxa.es\/linkshop\/wp-json\/wp\/v2\/product\/231705","targetHints":{"allow":["GET"]}}],"collection":[{"href":"https:\/\/linkxa.es\/linkshop\/wp-json\/wp\/v2\/product"}],"about":[{"href":"https:\/\/linkxa.es\/linkshop\/wp-json\/wp\/v2\/types\/product"}],"replies":[{"embeddable":true,"href":"https:\/\/linkxa.es\/linkshop\/wp-json\/wp\/v2\/comments?post=231705"}],"wp:featuredmedia":[{"embeddable":true,"href":"https:\/\/linkxa.es\/linkshop\/wp-json\/wp\/v2\/media\/230640"}],"wp:attachment":[{"href":"https:\/\/linkxa.es\/linkshop\/wp-json\/wp\/v2\/media?parent=231705"}],"wp:term":[{"taxonomy":"product_brand","embeddable":true,"href":"https:\/\/linkxa.es\/linkshop\/wp-json\/wp\/v2\/product_brand?post=231705"},{"taxonomy":"product_cat","embeddable":true,"href":"https:\/\/linkxa.es\/linkshop\/wp-json\/wp\/v2\/product_cat?post=231705"},{"taxonomy":"product_tag","embeddable":true,"href":"https:\/\/linkxa.es\/linkshop\/wp-json\/wp\/v2\/product_tag?post=231705"}],"curies":[{"name":"wp","href":"https:\/\/api.w.org\/{rel}","templated":true}]}}