{"id":231708,"date":"2024-12-15T18:59:38","date_gmt":"2024-12-15T18:59:38","guid":{"rendered":"https:\/\/linkxa.es\/contratacion\/producto\/telefono-fijo-spc-elegance-id-negro\/"},"modified":"2025-08-01T22:16:44","modified_gmt":"2025-08-01T22:16:44","slug":"telefono-fijo-spc-elegance-id-negro","status":"publish","type":"product","link":"https:\/\/linkxa.es\/linkshop\/producto\/telefono-fijo-spc-elegance-id-negro\/","title":{"rendered":"Telefono fijo spc elegance id negro"},"content":{"rendered":"<p>TODO LO QUE NECESITAS SABER, DE UN VISTAZO<\/p>\n<p>Gracias a su amplia pantalla, tendr\u00e1s toda la informaci\u00f3n esencial de las<br \/>llamadas a la vista y sin distracciones. Con identificador de llamadas y<br \/>agenda para m\u00e1s de 70 nombres y n\u00fameros, podr\u00e1s almacenar los<br \/>contactos de las personas m\u00e1s cercanas.<\/p>\n<p>General<br \/>Marca<br \/>SPC<br \/>Garant\u00eda<br \/>2<br \/>Part Number<br \/>3804N<br \/>Categor\u00edas<br \/>TELEFON\u00cdA<br \/>Reposici\u00f3n &#8211; Etiqueta<br \/>No<br \/>Peso Volumetrico<br \/>0.75 Kg.<br \/>Pantalla<br \/>Color de luz de fondo<br \/>Azul<br \/>Pantalla t\u00e1ctil<br \/>No<br \/>Audio<br \/>Altavoces<br \/>Si<br \/>Micr\u00f3fono incorporado<br \/>Si<br \/>Peso y dimensiones<br \/>Altura<br \/>110 mm<br \/>Ancho<br \/>174 mm<br \/>Peso<br \/>670 g<br \/>Profundidad<br \/>230 mm<br \/>Seguridad<br \/>Lector de huella<br \/>No<\/p>\n","protected":false},"excerpt":{"rendered":"<p>Telefono fijo spc elegance id negro pantalla ilum. &#8211;  8 melodias &#8211;  70 memorias &#8211;  manos libres<\/p>\n","protected":false},"featured_media":230642,"comment_status":"closed","ping_status":"open","template":"","meta":{"_et_pb_use_builder":"","_et_pb_old_content":"","_et_gb_content_width":""},"product_brand":[2127],"product_cat":[2058,2062,2312],"product_tag":[2068,2128,2066,2332,2315],"class_list":{"0":"post-231708","1":"product","2":"type-product","3":"status-publish","4":"has-post-thumbnail","6":"product_brand-spc","7":"product_cat-dispositivos","8":"product_cat-telefonia","9":"product_cat-telefonos-fijos","10":"product_tag-dispositivos","11":"product_tag-spc","12":"product_tag-telefonia","13":"product_tag-telefono-fijo-spc-elegance-id-negro","14":"product_tag-telefonos-fijos","15":"product_shipping_class-2059","17":"first","18":"instock","19":"taxable","20":"shipping-taxable","21":"purchasable","22":"product-type-simple"},"_links":{"self":[{"href":"https:\/\/linkxa.es\/linkshop\/wp-json\/wp\/v2\/product\/231708","targetHints":{"allow":["GET"]}}],"collection":[{"href":"https:\/\/linkxa.es\/linkshop\/wp-json\/wp\/v2\/product"}],"about":[{"href":"https:\/\/linkxa.es\/linkshop\/wp-json\/wp\/v2\/types\/product"}],"replies":[{"embeddable":true,"href":"https:\/\/linkxa.es\/linkshop\/wp-json\/wp\/v2\/comments?post=231708"}],"wp:featuredmedia":[{"embeddable":true,"href":"https:\/\/linkxa.es\/linkshop\/wp-json\/wp\/v2\/media\/230642"}],"wp:attachment":[{"href":"https:\/\/linkxa.es\/linkshop\/wp-json\/wp\/v2\/media?parent=231708"}],"wp:term":[{"taxonomy":"product_brand","embeddable":true,"href":"https:\/\/linkxa.es\/linkshop\/wp-json\/wp\/v2\/product_brand?post=231708"},{"taxonomy":"product_cat","embeddable":true,"href":"https:\/\/linkxa.es\/linkshop\/wp-json\/wp\/v2\/product_cat?post=231708"},{"taxonomy":"product_tag","embeddable":true,"href":"https:\/\/linkxa.es\/linkshop\/wp-json\/wp\/v2\/product_tag?post=231708"}],"curies":[{"name":"wp","href":"https:\/\/api.w.org\/{rel}","templated":true}]}}