{"id":231730,"date":"2025-03-27T02:16:17","date_gmt":"2025-03-27T02:16:17","guid":{"rendered":"https:\/\/linkxa.es\/contratacion\/producto\/telefono-movil-smartphone-xiaomi-redmi-note\/"},"modified":"2025-08-01T22:18:37","modified_gmt":"2025-08-01T22:18:37","slug":"telefono-movil-smartphone-xiaomi-redmi-note","status":"publish","type":"product","link":"https:\/\/linkxa.es\/linkshop\/producto\/telefono-movil-smartphone-xiaomi-redmi-note\/","title":{"rendered":"Telefono movil smartphone xiaomi redmi note"},"content":{"rendered":"<p>Procesador<br \/>MediaTek Dimensity 1080Proceso de fabricaci\u00f3n de 6 nmCPU: 8 n\u00facleos, hasta 2,6 GHzGPU: Mali-G68<br \/>Almacenamiento y RAM<br \/>8+256 GBLPDDR4X + UFS 2.2*El almacenamiento y la RAM disponibles son inferiores a la memoria total porque el sistema operativo y el software vienen preinstalados en el dispositivo.<br \/>Dise\u00f1o<br \/>Altura: 162,9 mmAnchura: 76 mmGrosor: 8,98 mmPeso: 210,5 g*Datos proporcionados por laboratorios internos. Los m\u00e9todos de medici\u00f3n del sector pueden variar y, por tanto, es posible que los resultados reales var\u00eden.<br \/>Pantalla<br \/>Pantalla Flow AMOLED FHD+ de 6,67&#8243;Tasa de refresco: Hasta 120 HzBrillo: 900 nits (brillo m\u00e1ximo)Relaci\u00f3n de contraste: 5 000 000:1Resoluci\u00f3n: 2400 x 1080Amplia gama de colores DCI-P3Protecci\u00f3n Corning Gorilla Glass<br \/>5Compatible con Dolby Vision<br \/>C\u00e1mara trasera<br \/>C\u00e1mara triple de 200 MP + 8 MP + 2 MPC\u00e1mara gran angular de 200 MP<br \/>Estabilizaci\u00f3n \u00f3ptica de imagenf\/1,65Agrupamiento 16 en 1 en un gran p\u00edxel de 2,24 mTama\u00f1o del sensor de 1\/1,4&#8243;Lente de 7 elementosC\u00e1mara ultra gran angular de 8 MPf\/2,2Campo de visi\u00f3n de 119C\u00e1mara macro de 2<br \/>MPf\/2,4Grabaci\u00f3n de v\u00eddeo de la c\u00e1mara trasera4K a 30 fps1080p a 30\/60 fps720p a 30 fpsC\u00e1mara lenta: 1080p a 120 fps | 720p a 120\/240\/960 fps<br \/>C\u00e1mara frontal<br \/>C\u00e1mara frontal de 16 MPGrabaci\u00f3n de v\u00eddeo de la c\u00e1mara frontal1080p a 30\/60 fps720p a 30 fpsC\u00e1mara lenta: 720p a 120 fps<br \/>Bater\u00eda y carga<br \/>Bater\u00eda de 5000 mAh (typ)Carga HyperCharge de 120 WCargador incluido de 120 W<br \/>Sistema de refrigeraci\u00f3n<br \/>Tecnolog\u00eda LiquidCool<br \/>Seguridad y autentificaci\u00f3n<br \/>Sensor de huella dactilar lateralDesbloqueo facial por IA<br \/>NFC<br \/>S\u00ed* Las funciones pueden variar en algunos mercados.<br \/>Red y conectividad<br \/>Compatible con 5G doble2G: GSM: 850, 900, 1800, 1900 MHz3G: WCDMA:1\/5\/84G: LTE FDD:1\/3\/5\/7\/8\/20\/28\/324G: LTE TDD:38\/40\/415G: n1\/3\/5\/7\/8\/20\/28\/38\/40\/41\/66\/77\/78Bluetooth 5.2Wi-Fi: Wi-Fi 6\/Wi-Fi 5\/Wi-Fi 4\/802.11a\/b\/g\/n\/ac*La<br \/>conectividad 5G puede variar seg\u00fan la disponibilidad en la regi\u00f3n y la compatibilidad del operador local.<br \/>Navegaci\u00f3n<br \/>GPS L1 | Glonass G1 | BDS B1I | Galileo E1<br \/>Audio<br \/>Dos altavocesCompatible con Dolby AtmosConector para auriculares de 3,5 mm<br \/>Reproducci\u00f3n de audio<br \/>Admite formatos de audio como MP3, FLAC, APE, DSF, M4A, AAC, OGG, WAV y AMRCertificaci\u00f3n de audio de alta resoluci\u00f3n<br \/>Reproducci\u00f3n de v\u00eddeo<br \/>MP4 | M4V | MKV | AVI | 3GP | 3G2<br \/>Sensor<br \/>Sensor de proximidad | Sensor de luz ambiental | Aceler\u00f3metro | Br\u00fajula electr\u00f3nica | Emisor de infrarrojos | Giroscopio<br \/>Motor de vibraci\u00f3n<br \/>Motor lineal de eje X<br \/>Sistema operativo<br \/>MIUI 14, basado en Android S<br \/>Contenido del paquete<br \/>Redmi Note 12 Pro+ 5G | Adaptador | Cable USB tipo C | Extractor de SIM | Funda protectora | Gu\u00eda de inicio r\u00e1pido | Tarjeta de garant\u00eda<\/p>\n","protected":false},"excerpt":{"rendered":"<p>Telefono movil smartphone xiaomi redmi note 12 pro plus 5g &#8211; 8gb &#8211; 256gb &#8211; 6.67 pulgadas &#8211; negro<\/p>\n","protected":false},"featured_media":230122,"comment_status":"closed","ping_status":"open","template":"","meta":{"_et_pb_use_builder":"","_et_pb_old_content":"","_et_gb_content_width":""},"product_brand":[2092],"product_cat":[2058,2063,2062],"product_tag":[2068,2067,2066,2125,2093],"class_list":{"0":"post-231730","1":"product","2":"type-product","3":"status-publish","4":"has-post-thumbnail","6":"product_brand-xiaomi","7":"product_cat-dispositivos","8":"product_cat-smartphones","9":"product_cat-telefonia","10":"product_tag-dispositivos","11":"product_tag-smartphones","12":"product_tag-telefonia","13":"product_tag-telefono-movil-smartphone-xiaomi-redmi-note","14":"product_tag-xiaomi","15":"product_shipping_class-2059","16":"pa_canon-digital-incluida-2060","18":"first","19":"instock","20":"taxable","21":"shipping-taxable","22":"purchasable","23":"product-type-simple"},"_links":{"self":[{"href":"https:\/\/linkxa.es\/linkshop\/wp-json\/wp\/v2\/product\/231730","targetHints":{"allow":["GET"]}}],"collection":[{"href":"https:\/\/linkxa.es\/linkshop\/wp-json\/wp\/v2\/product"}],"about":[{"href":"https:\/\/linkxa.es\/linkshop\/wp-json\/wp\/v2\/types\/product"}],"replies":[{"embeddable":true,"href":"https:\/\/linkxa.es\/linkshop\/wp-json\/wp\/v2\/comments?post=231730"}],"wp:featuredmedia":[{"embeddable":true,"href":"https:\/\/linkxa.es\/linkshop\/wp-json\/wp\/v2\/media\/230122"}],"wp:attachment":[{"href":"https:\/\/linkxa.es\/linkshop\/wp-json\/wp\/v2\/media?parent=231730"}],"wp:term":[{"taxonomy":"product_brand","embeddable":true,"href":"https:\/\/linkxa.es\/linkshop\/wp-json\/wp\/v2\/product_brand?post=231730"},{"taxonomy":"product_cat","embeddable":true,"href":"https:\/\/linkxa.es\/linkshop\/wp-json\/wp\/v2\/product_cat?post=231730"},{"taxonomy":"product_tag","embeddable":true,"href":"https:\/\/linkxa.es\/linkshop\/wp-json\/wp\/v2\/product_tag?post=231730"}],"curies":[{"name":"wp","href":"https:\/\/api.w.org\/{rel}","templated":true}]}}