{"id":231740,"date":"2025-03-20T13:33:07","date_gmt":"2025-03-20T13:33:07","guid":{"rendered":"https:\/\/linkxa.es\/contratacion\/producto\/telefono-sobremesa-3602b-blanco\/"},"modified":"2025-08-01T22:19:50","modified_gmt":"2025-08-01T22:19:50","slug":"telefono-sobremesa-3602b-blanco","status":"publish","type":"product","link":"https:\/\/linkxa.es\/linkshop\/producto\/telefono-sobremesa-3602b-blanco\/","title":{"rendered":"Telefono sobremesa 3602b blanco"},"content":{"rendered":"<p>Especificaciones SPC 3602B Telefono ORIGINAL 3M ML LCD Blanco<\/p>\n<p>Marca SPC<br \/>Modelo 3602B<br \/>Caracter\u00edsticas &#8211; 3 memorias directas<br \/>&#8211; 10 memorias indirectas<br \/>&#8211; Mute\/ Silenciado del tel\u00e9fono<br \/>&#8211; Tecla R (permite el acceso a los servicios de operador de telefon\u00eda)<br \/>&#8211; 3 niveles de volumen de timbre (bajo, medio y alto)<br \/>&#8211; 3 melod\u00edas de timbre<br \/>&#8211; 2 niveles de volumen de auricular (alto, bajo)<br \/>&#8211; Alto: 81mm. (con alza)<br \/>&#8211; Fondo: 191 mm.<br \/>&#8211; Ancho: 137 mm.<br \/>&#8211; Peso: 462 gr.<br \/>&#8211; Marcaci\u00f3n por tonos (DTMF)<br \/>&#8211; Indicador de l\u00ednea tomada<br \/>&#8211; Indicador de mute<br \/>&#8211; Directorio<br \/>&#8211; Sobremesa y mural<br \/>&#8211; Conexi\u00f3n telef\u00f3nica RJ11<br \/>&#8211; Compatible con las redes telef\u00f3nicas anal\u00f3gicas Espa\u00f1olas<\/p>\n","protected":false},"excerpt":{"rendered":"<p>Telefono sobremesa 3602b blanco<\/p>\n","protected":false},"featured_media":230649,"comment_status":"closed","ping_status":"open","template":"","meta":{"_et_pb_use_builder":"","_et_pb_old_content":"","_et_gb_content_width":""},"product_brand":[2127],"product_cat":[2058,2062,2312],"product_tag":[2068,2128,2066,2337,2315],"class_list":{"0":"post-231740","1":"product","2":"type-product","3":"status-publish","4":"has-post-thumbnail","6":"product_brand-spc","7":"product_cat-dispositivos","8":"product_cat-telefonia","9":"product_cat-telefonos-fijos","10":"product_tag-dispositivos","11":"product_tag-spc","12":"product_tag-telefonia","13":"product_tag-telefono-sobremesa-3602b-blanco","14":"product_tag-telefonos-fijos","15":"product_shipping_class-2059","17":"first","18":"instock","19":"taxable","20":"shipping-taxable","21":"purchasable","22":"product-type-simple"},"_links":{"self":[{"href":"https:\/\/linkxa.es\/linkshop\/wp-json\/wp\/v2\/product\/231740","targetHints":{"allow":["GET"]}}],"collection":[{"href":"https:\/\/linkxa.es\/linkshop\/wp-json\/wp\/v2\/product"}],"about":[{"href":"https:\/\/linkxa.es\/linkshop\/wp-json\/wp\/v2\/types\/product"}],"replies":[{"embeddable":true,"href":"https:\/\/linkxa.es\/linkshop\/wp-json\/wp\/v2\/comments?post=231740"}],"wp:featuredmedia":[{"embeddable":true,"href":"https:\/\/linkxa.es\/linkshop\/wp-json\/wp\/v2\/media\/230649"}],"wp:attachment":[{"href":"https:\/\/linkxa.es\/linkshop\/wp-json\/wp\/v2\/media?parent=231740"}],"wp:term":[{"taxonomy":"product_brand","embeddable":true,"href":"https:\/\/linkxa.es\/linkshop\/wp-json\/wp\/v2\/product_brand?post=231740"},{"taxonomy":"product_cat","embeddable":true,"href":"https:\/\/linkxa.es\/linkshop\/wp-json\/wp\/v2\/product_cat?post=231740"},{"taxonomy":"product_tag","embeddable":true,"href":"https:\/\/linkxa.es\/linkshop\/wp-json\/wp\/v2\/product_tag?post=231740"}],"curies":[{"name":"wp","href":"https:\/\/api.w.org\/{rel}","templated":true}]}}