{"id":231743,"date":"2025-06-16T17:23:25","date_gmt":"2025-06-16T17:23:25","guid":{"rendered":"https:\/\/linkxa.es\/contratacion\/producto\/edge-50-fusion-17-cm-6-7-pulgadas\/"},"modified":"2025-08-01T22:20:16","modified_gmt":"2025-08-01T22:20:16","slug":"edge-50-fusion-17-cm-6-7-pulgadas","status":"publish","type":"product","link":"https:\/\/linkxa.es\/linkshop\/producto\/edge-50-fusion-17-cm-6-7-pulgadas\/","title":{"rendered":"Edge 50 fusi\u00f3n 17 cm (6.7 pulgadas)"},"content":{"rendered":"<p>Destacado<\/p>\n<p>17 cm (6.7&#8243;) 1080 x 2400 Pixeles Gorilla Glass<br \/>Qualcomm Snapdragon 7s Gen 2<br \/>12 GB 256 GB<br \/>5G SIM doble NanoSIM<br \/>802.11a, 802.11g, Wi-Fi 4 (802.11n), Wi-Fi 5 (802.11ac), Wi-Fi 6E (802.11ax) Bluetooth 5.1 Comunicaci\u00f3n de Campo Cercano (NFC)<br \/>C\u00e1mara doble 50 MP 13 MP<br \/>I\u00f3n de litio 5000 mAh<br \/>Android 14<\/p>\n<p>Motorola Edge 50 Fusion. Diagonal de la pantalla: 17 cm (6.7&#8243;), Resoluci\u00f3n de la pantalla: 1080 x 2400 Pixeles. Familia de procesador: Qualcomm Snapdragon, Modelo del procesador: 7s Gen 2. Capacidad de RAM: 12 GB,<br \/>Tipo de RAM: LPDDR5, Capacidad de almacenamiento interno: 256 GB. Resoluci\u00f3n de la c\u00e1mara trasera (num\u00e9rica): 50 MP, Tipo de c\u00e1mara trasera: C\u00e1mara doble. Capacidad de la tarjeta SIM: SIM doble. Sistema<br \/>operativo instalado: Android 14. Capacidad de bater\u00eda: 5000 mAh. Color del producto: Azul. Peso: 174,9 g<\/p>\n<p>Peso y dimensiones<br \/>Altura<br \/>161,9 mm<br \/>Altura del paquete<br \/>170 mm<br \/>Ancho<br \/>73,1 mm<br \/>Ancho del paquete<br \/>55,5 mm<br \/>Peso<br \/>174,9 g<br \/>Profundidad<br \/>7,9 mm<br \/>Profundidad del paquete<br \/>83 mm<br \/>Exhibici\u00f3n<br \/>Alto Rango Din\u00e1mico (HDR)<br \/>Si<br \/>Tecnolog\u00eda HDR (High Dynamic Range, Alto rango din\u00e1mico)<br \/>High Dynamic Range 10+ (HDR10 Plus)<br \/>Brillo de pantalla<br \/>1600 cd \/ m<br \/>Brillo m\u00e1ximo de la pantalla (exteriores)<br \/>1600 cd \/ m<br \/>Densidad del pixel<br \/>395 ppp<br \/>Diagonal de la pantalla<br \/>17 cm (6.7&#8243;)<br \/>Forma de la pantalla<br \/>Plana<br \/>Versi\u00f3n de Gorilla Glass<br \/>Gorilla Glass 5<br \/>M\u00e1xima velocidad de actualizaci\u00f3n<br \/>144 Hz<br \/>Relaci\u00f3n de aspecto nativa<br \/>20:9<br \/>Resoluci\u00f3n de la pantalla<br \/>1080 x 2400 Pixeles<br \/>Tipo de cristal de pantalla<br \/>Gorilla Glass<br \/>Procesador<br \/>Familia de procesador<br \/>Qualcomm Snapdragon<br \/>Frecuencia del procesador turbo<br \/>2,4 GHz<br \/>Modelo del procesador<br \/>7s Gen 2<br \/>Medios de almacenaje<br \/>Capacidad de RAM<br \/>12 GB<br \/>Capacidad de almacenamiento interno<br \/>256 GB<br \/>Tipo de RAM<br \/>LPDDR5<br \/>Tarjetas de memoria compatibles<br \/>No compatible<br \/>C\u00e1mara fotogr\u00e1fica<br \/>C\u00e1mara trasera con flash<br \/>Si<br \/>Detector de rostro<br \/>Si<br \/>Detector de sonrisa<br \/>Si<br \/>Disparador autom\u00e1tico<br \/>Si<br \/>Distancia focal de la c\u00e1mara trasera<br \/>1,88 mm<br \/>Distancia focal de la segunda c\u00e1mara trasera<br \/>2,2 mm<br \/>Estabilizador de v\u00eddeo<br \/>Si<br \/>\u00c1ngulo del campo de visi\u00f3n (FOV) de la c\u00e1mara trasera<br \/>120<br \/>Modo de lapso de tiempo<br \/>Si<br \/>Modo noche<br \/>Si<br \/>Modo retrato<br \/>Si<br \/>Modo de disparo continuo<br \/>Si<br \/>N\u00famero de apertura de la c\u00e1mara trasera<br \/>1,88<br \/>N\u00famero de apertura de la segunda c\u00e1mara trasera<br \/>2,2<br \/>N\u00famero de apertura de la c\u00e1mara frontal<br \/>2,45<br \/>Panor\u00e1mica<br \/>Si<br \/>Resoluci\u00f3n de la c\u00e1mara trasera (num\u00e9rica)<br \/>50 MP<br \/>Resoluci\u00f3n de la c\u00e1mara frontal (num\u00e9rica)<br \/>32 MP<br \/>Resoluci\u00f3n de la segunda c\u00e1mara trasera (num\u00e9rica)<br \/>13 MP<br \/>Tama\u00f1o de los p\u00edxeles de la c\u00e1mara trasera<br \/>2 m<br \/>Tama\u00f1o de los p\u00edxeles de la segunda c\u00e1mara trasera<br \/>1,12 m<br \/>Tama\u00f1o de los p\u00edxeles de la c\u00e1mara frontal<br \/>1,4 m<br \/>Tipo de c\u00e1mara trasera<br \/>C\u00e1mara doble<br \/>Tipo de c\u00e1mara frontal<br \/>C\u00e1mara \u00fanica<br \/>Tipo de flash<br \/>LED<br \/>Velocidad m\u00e1xima de cuadro<br \/>240 pps<br \/>Puertos e Interfaces<br \/>Conector USB<br \/>USB Tipo C<br \/>Puerto USB<br \/>Si<br \/>Versi\u00f3n USB<br \/>2.0<br \/>Conexi\u00f3n<br \/>Est\u00e1ndares 3G<br \/>HSDPA, UMTS, WCDMA<br \/>Bandas 3G soportadas<br \/>850,900,1900,2100 MHz<br \/>Est\u00e1ndar 4G<br \/>LTE<br \/>Est\u00e1ndar 5G<br \/>Sub6<br \/>Bluetooth<br \/>Si<br \/>Versi\u00f3n de Bluetooth<br \/>5.1<br \/>Comunicaci\u00f3n de Campo Cercano (NFC)<br \/>Si<br \/>Capacidad de la tarjeta SIM<br \/>SIM doble<br \/>Wi-Fi est\u00e1ndares<br \/>802.11a, 802.11g, Wi-Fi 4 (802.11n), Wi-Fi 5 (802.11ac), Wi-Fi 6E (802.11ax)<br \/>Generaci\u00f3n de red m\u00f3vil<br \/>5G<br \/>Tipo de tarjeta SIM<br \/>NanoSIM<br \/>Wifi<br \/>Si<br \/>Bater\u00eda<br \/>Capacidad de bater\u00eda<br \/>5000 mAh<br \/>Tecnolog\u00eda de bater\u00eda<br \/>I\u00f3n de litio<\/p>\n<p>Contenido del embalaje<br \/>Adaptador AC incluido<br \/>Si<br \/>Potencia de adaptador AC<br \/>68 W<br \/>Cables incluidos<br \/>USB Tipo C<br \/>Gu\u00eda de configuraci\u00f3n r\u00e1pida<br \/>Si<br \/>Instrumento para extraer tarjeta SIM<br \/>Si<br \/>Aprobaciones reguladoras<br \/>\u00cdndice SAR para la cabeza (UE)<br \/>1,41 W\/kg<br \/>\u00cdndice SAR para el cuerpo (UE)<br \/>1,38 W\/kg<br \/>Desempe\u00f1o<br \/>Carga r\u00e1pida<br \/>Si<br \/>Control de inteligencia artificial<br \/>Si<br \/>Lector de huella digital<br \/>Si<br \/>Reconocimiento de cara<br \/>Si<br \/>Tecnolog\u00eda de carga r\u00e1pida<br \/>TurboPower<br \/>Dise\u00f1o<br \/>Color del producto<br \/>Azul<br \/>C\u00f3digo IP (International Protection)<br \/>IP68<br \/>Factor de forma<br \/>Barra<br \/>Funciones de protecci\u00f3n<br \/>Resistente al polvo, Resistente al agua<br \/>Nombre del color<br \/>Forest Blue<br \/>Navegaci\u00f3n<br \/>BeiDou<br \/>Si<br \/>Br\u00fajula electr\u00f3nica<br \/>Si<br \/>GLONASS<br \/>Si<br \/>GPS<br \/>Si<br \/>GPS (sat\u00e9lite)<br \/>Si<br \/>Galileo<br \/>Si<br \/>Sistema por Sat\u00e9lite Quasi-Zenith (QZSS)<br \/>Si<br \/>Multimedia<br \/>Altavoces<br \/>Est\u00e9reo<br \/>Radio FM<br \/>Si<br \/>Sistema de audio<br \/>Dolby Atmos<br \/>Software<br \/>Apoyar a las aplicaciones de Google<br \/>Google Photos<br \/>Asistente virtual<br \/>Google Assistant<br \/>Plataforma<br \/>Android<br \/>Sistema operativo instalado<br \/>Android 14<br \/>Sensores<br \/>Aceler\u00f3metro<br \/>Si<br \/>Giroscopio<br \/>Si<br \/>Sensor de proximidad<br \/>Si<br \/>Sensor de luz ambiental<br \/>Si<br \/>Sensor de gestos<br \/>Si<\/p>\n","protected":false},"excerpt":{"rendered":"<p>Edge 50 fusi\u00f3n 17 cm (6.7 pulgadas) sim doble android 14 5g usb tipo c 12 gb 256 gb 5000 mah azul<\/p>\n","protected":false},"featured_media":230124,"comment_status":"closed","ping_status":"open","template":"","meta":{"_et_pb_use_builder":"","_et_pb_old_content":"","_et_gb_content_width":""},"product_brand":[2081],"product_cat":[2058,2063,2062],"product_tag":[2068,2126,2082,2067,2066],"class_list":{"0":"post-231743","1":"product","2":"type-product","3":"status-publish","4":"has-post-thumbnail","6":"product_brand-motorola","7":"product_cat-dispositivos","8":"product_cat-smartphones","9":"product_cat-telefonia","10":"product_tag-dispositivos","11":"product_tag-edge-50-fusion-17-cm-6-7-pulgadas","12":"product_tag-motorola","13":"product_tag-smartphones","14":"product_tag-telefonia","15":"product_shipping_class-2059","16":"pa_canon-digital-incluida-2060","18":"first","19":"instock","20":"taxable","21":"shipping-taxable","22":"purchasable","23":"product-type-simple"},"_links":{"self":[{"href":"https:\/\/linkxa.es\/linkshop\/wp-json\/wp\/v2\/product\/231743","targetHints":{"allow":["GET"]}}],"collection":[{"href":"https:\/\/linkxa.es\/linkshop\/wp-json\/wp\/v2\/product"}],"about":[{"href":"https:\/\/linkxa.es\/linkshop\/wp-json\/wp\/v2\/types\/product"}],"replies":[{"embeddable":true,"href":"https:\/\/linkxa.es\/linkshop\/wp-json\/wp\/v2\/comments?post=231743"}],"wp:featuredmedia":[{"embeddable":true,"href":"https:\/\/linkxa.es\/linkshop\/wp-json\/wp\/v2\/media\/230124"}],"wp:attachment":[{"href":"https:\/\/linkxa.es\/linkshop\/wp-json\/wp\/v2\/media?parent=231743"}],"wp:term":[{"taxonomy":"product_brand","embeddable":true,"href":"https:\/\/linkxa.es\/linkshop\/wp-json\/wp\/v2\/product_brand?post=231743"},{"taxonomy":"product_cat","embeddable":true,"href":"https:\/\/linkxa.es\/linkshop\/wp-json\/wp\/v2\/product_cat?post=231743"},{"taxonomy":"product_tag","embeddable":true,"href":"https:\/\/linkxa.es\/linkshop\/wp-json\/wp\/v2\/product_tag?post=231743"}],"curies":[{"name":"wp","href":"https:\/\/api.w.org\/{rel}","templated":true}]}}