{"id":231815,"date":"2025-07-01T16:51:26","date_gmt":"2025-07-01T16:51:26","guid":{"rendered":"https:\/\/linkxa.es\/contratacion\/producto\/movil-motorola-moto-g84-5g-8\/"},"modified":"2025-08-01T22:22:59","modified_gmt":"2025-08-01T22:22:59","slug":"movil-motorola-moto-g84-5g-8","status":"publish","type":"product","link":"https:\/\/linkxa.es\/linkshop\/producto\/movil-motorola-moto-g84-5g-8\/","title":{"rendered":"Movil motorola moto g84 5g 8"},"content":{"rendered":"<p>Destacado<\/p>\n<p>16,5 cm (6.5&#8243;) 1080 x 2400 Pixeles<br \/>Qualcomm Snapdragon 695 5G<br \/>8 GB 256 GB MicroSD (TransFlash) 512 GB<br \/>4G Ranura h\u00edbrida Dual SIM NanoSIM<br \/>802.11a, 802.11b, 802.11g, Wi-Fi 4 (802.11n), Wi-Fi 5 (802.11ac) Bluetooth 5.1 Comunicaci\u00f3n de Campo Cercano (NFC)<br \/>C\u00e1mara doble 50 MP 8 MP<br \/>I\u00f3n de litio 5000 mAh<br \/>Android 13<\/p>\n<p>Un estilo que te dejar\u00e1 sin palabras<br \/>V\u00edstete de gala y elige entre varios colores espectaculares: gris, azul claro y Viva Magenta, el color PANTONE del a\u00f1o 20231. El moto g84 5G se fabrica con un cuero vegano especial que le da suavidad y comodidad a su<br \/>aspecto \u00fanico en las versiones azul claro y Viva Magenta PANTONE.<\/p>\n<p>Siempre resultados ultran\u00edtidos<br \/>Tus fotos ser\u00e1n las que tengan los detalles m\u00e1s n\u00edtidos y v\u00edvidos, tanto de d\u00eda como de noche. Captura cada momento de tu vida gracias al sistema de c\u00e1mara avanzado de 50 MP con estabilizaci\u00f3n \u00f3ptica de la imagen.<\/p>\n<p>Saca a relucir el brillo<br \/>Deja entrar m\u00e1s luz con una c\u00e1mara principal de 50 MP mejorada que cuenta con tecnolog\u00eda Ultra Pixel y OIS para hacer fotos m\u00e1s n\u00edtidas, independientemente de las condiciones.<\/p>\n<p>Resultado profesional sin complicaciones<br \/>Ampl\u00eda la perspectiva y los detalles con un objetivo ultra gran angular de 8 MP capaz de hacer fotos m\u00e1s amplias y un objetivo Macro que te har\u00e1 descubrir lo que hasta ahora era imperceptible.<\/p>\n<p>Selfies listos para tus redes sociales<br \/>Haz bonitos retratos gracias a la c\u00e1mara para selfies de 16 MP con enfoque r\u00e1pido y el sensor de profundidad.<\/p>\n<p>Fotos profesionales en todo momento<br \/>Da rienda suelta a tu creatividad<\/p>\n<p>Que tus vivencias no se olviden en la oscuridad<br \/>La tecnolog\u00eda Ultra Pixel mejora la sensibilidad a la luz para que las fotos salgan mucho m\u00e1s n\u00edtidas y con m\u00e1s brillo independientemente de las condiciones de iluminaci\u00f3n.<\/p>\n<p>Contraste infinito<br \/>Disfruta de una representaci\u00f3n exacta del mundo real en la pantalla pOLED.<\/p>\n<p>Colores vibrantes propios del cine<br \/>Visualiza c\u00f3mo m\u00e1s de mil millones de colores cobran vida con el 100 % de la gama de colores DCI-P3.<\/p>\n<p>Impresionantemente fluido<br \/>La experiencia de juego y visual es incre\u00edblemente fluida gracias a la velocidad de actualizaci\u00f3n de 120 Hz.<\/p>\n<p>Fuerza menos la vista<br \/>El brillo se ajusta autom\u00e1ticamente en exteriores para facilitar la visi\u00f3n.<\/p>\n<p>Estilo elegante<br \/>El moto g84 5G, que tiene un dise\u00f1o ultrafino y ligero, se ha fabricado con materiales de primera calidad y est\u00e1 disponible en diferentes acabados. La versi\u00f3n de cuero vegano es agradable al tacto y f\u00e1cil de sujetar.<\/p>\n<p>Sin preocupaciones<br \/>Tu smartphone est\u00e1 protegido frente a derrames y salpicaduras gracias a su dise\u00f1o repelente de agua.<\/p>\n<p>Rendimiento 5G de \u00faltima generaci\u00f3n y almacenamiento de 256 GB<br \/>Obt\u00e9n toda la velocidad que necesitas para sacar el m\u00e1ximo partido a las redes 5G5 gracias al eficiente procesador Snapdragon 695 5G. Disfruta de una experiencia de juego fluida, prueba funciones avanzadas de<br \/>fotograf\u00eda y haz todo lo que quieras sin ning\u00fan esfuerzo con sus 12 GB de RAM y los 256 GB de almacenamiento integrado.<\/p>\n<p>Carga m\u00e1s r\u00e1pido.<br \/>Juega durante m\u00e1s tiempo.<br \/>Recarga la bater\u00eda en minutos gracias a la ultrarrapidez de la carga TurboPower 30. Con la incre\u00edble bater\u00eda de 5000 mAh, despreoc\u00fapate de que se acabe y haz lo que m\u00e1s te gusta durante m\u00e1s tiempo.<\/p>\n<p>Ampl\u00eda las prestaciones de tu smartphone<br \/>Libera el verdadero potencial de tu smartphone en la gran pantalla con Moto Connect y trabaja y juega a tus anchas.<\/p>\n<p>Peso y dimensiones<br \/>Altura<br \/>160 mm<br \/>Altura del paquete<br \/>84 mm<br \/>Ancho<br \/>74,4 mm<br \/>Ancho del paquete<br \/>50,5 mm<br \/>Peso<br \/>166,8 g<br \/>Peso del paquete<br \/>420,5 g<br \/>Profundidad<br \/>7,6 mm<br \/>Profundidad del paquete<br \/>169,7 mm<br \/>Exhibici\u00f3n<br \/>Brillo m\u00e1ximo de la pantalla (exteriores)<br \/>1300 cd \/ m<br \/>Densidad del pixel<br \/>402 ppp<br \/>Diagonal de la pantalla<br \/>16,5 cm (6.5&#8243;)<br \/>Forma de la pantalla<br \/>Plana<br \/>M\u00e1xima velocidad de actualizaci\u00f3n<br \/>120 Hz<br \/>Relaci\u00f3n de aspecto nativa<br \/>20:9<br \/>Resoluci\u00f3n de la pantalla<br \/>1080 x 2400 Pixeles<br \/>Tipo de pantalla<br \/>P-OLED<br \/>Procesador<br \/>Familia de procesador<br \/>Qualcomm Snapdragon<br \/>Frecuencia del procesador turbo<br \/>2,2 GHz<br \/>Modelo del procesador<br \/>695 5G<br \/>N\u00famero de n\u00facleos de procesador<br \/>8<br \/>Medios de almacenaje<br \/>Capacidad de RAM<br \/>8 GB<br \/>Capacidad de almacenamiento interno<br \/>256 GB<br \/>Tama\u00f1o m\u00e1ximo de tarjeta de memoria<br \/>512 GB<br \/>Tarjetas de memoria compatibles<br \/>MicroSD (TransFlash)<br \/>C\u00e1mara fotogr\u00e1fica<br \/>Autoenfoque<br \/>Si<br \/>C\u00e1mara trasera con flash<br \/>Si<br \/>Detector de sonrisa<br \/>Si<br \/>Disparador autom\u00e1tico<br \/>Si<br \/>Fotograf\u00eda macro<br \/>Si<br \/>Modo de alto rango din\u00e1mico (HDR) de la c\u00e1mara<br \/>Si<br \/>Modo noche<br \/>Si<br \/>Modo retrato<br \/>Si<br \/>Modo de disparo continuo<br \/>Si<br \/>N\u00famero de apertura de la c\u00e1mara trasera<br \/>1,88<br \/>N\u00famero de apertura de la segunda c\u00e1mara trasera<br \/>2,2<br \/>N\u00famero de apertura de la c\u00e1mara frontal<br \/>2,45<br \/>Panor\u00e1mica<br \/>Si<br \/>Resoluci\u00f3n de la c\u00e1mara trasera (num\u00e9rica)<br \/>50 MP<br \/>Resoluci\u00f3n de la c\u00e1mara frontal (num\u00e9rica)<br \/>16 MP<br \/>Resoluci\u00f3n de la segunda c\u00e1mara trasera (num\u00e9rica)<br \/>8 MP<br \/>Tama\u00f1o de los p\u00edxeles de la c\u00e1mara trasera<br \/>1 m<br \/>Tama\u00f1o de los p\u00edxeles de la segunda c\u00e1mara trasera<br \/>1,12 m<br \/>Tama\u00f1o de los p\u00edxeles de la c\u00e1mara frontal<br \/>1 m<br \/>Tipo de c\u00e1mara trasera<br \/>C\u00e1mara doble<br \/>Tipo de c\u00e1mara frontal<br \/>C\u00e1mara \u00fanica<br \/>Tipo de flash<br \/>LED<br \/>Velocidad m\u00e1xima de cuadro<br \/>120 pps<br \/>Puertos e Interfaces<br \/>Auriculares<br \/>3,5 mm<br \/>Conector USB<br \/>USB Tipo C<br \/>Puerto USB<br \/>Si<br \/>Conexi\u00f3n<br \/>Est\u00e1ndares 3G<br \/>WCDMA<br \/>Est\u00e1ndar 4G<br \/>LTE<br \/>Est\u00e1ndar 5G<br \/>Sub6<br \/>Bluetooth<br \/>Si<br \/>Versi\u00f3n de Bluetooth<br \/>5.1<br \/>Comunicaci\u00f3n de Campo Cercano (NFC)<br \/>Si<br \/>Capacidad de la tarjeta SIM<br \/>Ranura h\u00edbrida Dual SIM<br \/>Est\u00e1ndar Wi-Fi<br \/>Wi-Fi 5 (802.11ac)<br \/>Wi-Fi est\u00e1ndares<br \/>802.11a, 802.11b, 802.11g, Wi-Fi 4 (802.11n), Wi-Fi 5 (802.11ac)<br \/>Generaci\u00f3n de red m\u00f3vil<br \/>4G<br \/>Tipo de tarjeta SIM<br \/>NanoSIM<br \/>Wifi<br \/>Si<br \/>Bater\u00eda<br \/>Capacidad de bater\u00eda<br \/>5000 mAh<br \/>Peso de la bater\u00eda<br \/>66 g<br \/>Tecnolog\u00eda de bater\u00eda<br \/>I\u00f3n de litio<\/p>\n<p>Contenido del embalaje<br \/>Cables incluidos<br \/>USB Tipo C<br \/>Gu\u00eda de configuraci\u00f3n r\u00e1pida<br \/>Si<br \/>Instrumento para extraer tarjeta SIM<br \/>Si<br \/>Protector de pantalla<br \/>Si<br \/>Desempe\u00f1o<br \/>Adaptador gr\u00e1fico<br \/>Adreno 619<br \/>Carga r\u00e1pida<br \/>Si<br \/>Lector de huella digital<br \/>Si<br \/>Reconocimiento de cara<br \/>Si<br \/>Tecnolog\u00eda de carga r\u00e1pida<br \/>TurboPower 30<br \/>Dise\u00f1o<br \/>Color del producto<br \/>Rojo<br \/>C\u00f3digo IP (International Protection)<br \/>IP54<br \/>Factor de forma<br \/>Barra<br \/>Nombre del color<br \/>Viva Magenta<br \/>Navegaci\u00f3n<br \/>BeiDou<br \/>Si<br \/>Br\u00fajula electr\u00f3nica<br \/>Si<br \/>GLONASS<br \/>Si<br \/>GPS<br \/>Si<br \/>GPS (sat\u00e9lite)<br \/>Si<br \/>Galileo<br \/>Si<br \/>Sistema por Sat\u00e9lite Quasi-Zenith (QZSS)<br \/>Si<br \/>Multimedia<br \/>Altavoces<br \/>Est\u00e9reo<br \/>Radio FM<br \/>Si<br \/>Sistema de audio<br \/>Dolby Atmos<br \/>n\u00famero de micr\u00f3fonos<br \/>2<br \/>Software<br \/>Asistente virtual<br \/>Google Assistant<br \/>Plataforma<br \/>Android<br \/>Sistema operativo instalado<br \/>Android 13<br \/>Sensores<br \/>Aceler\u00f3metro<br \/>Si<br \/>Giroscopio<br \/>Si<br \/>Sensor de proximidad<br \/>Si<br \/>Sensor de luz ambiental<br \/>Si<\/p>\n","protected":false},"excerpt":{"rendered":"<p>Movil motorola moto g84 5g 8 &#8211; 256gb magenta<\/p>\n","protected":false},"featured_media":230129,"comment_status":"closed","ping_status":"open","template":"","meta":{"_et_pb_use_builder":"","_et_pb_old_content":"","_et_gb_content_width":""},"product_brand":[2081],"product_cat":[2058,2063,2062],"product_tag":[2068,2082,2130,2067,2066],"class_list":{"0":"post-231815","1":"product","2":"type-product","3":"status-publish","4":"has-post-thumbnail","6":"product_brand-motorola","7":"product_cat-dispositivos","8":"product_cat-smartphones","9":"product_cat-telefonia","10":"product_tag-dispositivos","11":"product_tag-motorola","12":"product_tag-movil-motorola-moto-g84-5g-8","13":"product_tag-smartphones","14":"product_tag-telefonia","15":"product_shipping_class-2059","16":"pa_canon-digital-incluida-2060","18":"first","19":"instock","20":"taxable","21":"shipping-taxable","22":"purchasable","23":"product-type-simple"},"_links":{"self":[{"href":"https:\/\/linkxa.es\/linkshop\/wp-json\/wp\/v2\/product\/231815","targetHints":{"allow":["GET"]}}],"collection":[{"href":"https:\/\/linkxa.es\/linkshop\/wp-json\/wp\/v2\/product"}],"about":[{"href":"https:\/\/linkxa.es\/linkshop\/wp-json\/wp\/v2\/types\/product"}],"replies":[{"embeddable":true,"href":"https:\/\/linkxa.es\/linkshop\/wp-json\/wp\/v2\/comments?post=231815"}],"wp:featuredmedia":[{"embeddable":true,"href":"https:\/\/linkxa.es\/linkshop\/wp-json\/wp\/v2\/media\/230129"}],"wp:attachment":[{"href":"https:\/\/linkxa.es\/linkshop\/wp-json\/wp\/v2\/media?parent=231815"}],"wp:term":[{"taxonomy":"product_brand","embeddable":true,"href":"https:\/\/linkxa.es\/linkshop\/wp-json\/wp\/v2\/product_brand?post=231815"},{"taxonomy":"product_cat","embeddable":true,"href":"https:\/\/linkxa.es\/linkshop\/wp-json\/wp\/v2\/product_cat?post=231815"},{"taxonomy":"product_tag","embeddable":true,"href":"https:\/\/linkxa.es\/linkshop\/wp-json\/wp\/v2\/product_tag?post=231815"}],"curies":[{"name":"wp","href":"https:\/\/api.w.org\/{rel}","templated":true}]}}