{"id":231852,"date":"2024-11-26T19:33:02","date_gmt":"2024-11-26T19:33:02","guid":{"rendered":"https:\/\/linkxa.es\/contratacion\/producto\/movil-myphone-n23-6-128gb-6-51-pulgadas\/"},"modified":"2025-08-01T22:24:21","modified_gmt":"2025-08-01T22:24:21","slug":"movil-myphone-n23-6-128gb-6-51-pulgadas","status":"publish","type":"product","link":"https:\/\/linkxa.es\/linkshop\/producto\/movil-myphone-n23-6-128gb-6-51-pulgadas\/","title":{"rendered":"Movil myphone n23 6 128gb 6.51 pulgadas"},"content":{"rendered":"<p>Destaca en su categor\u00eda como un smartphone excepcional, fusionando un dise\u00f1o est\u00e9tico \u00fanico con un acceso r\u00e1pido a las funciones m\u00e1s esenciales.<\/p>\n<p>Procesador de 8 n\u00facleos asegura un rendimiento fluido.<\/p>\n<p>C\u00e1mara de 50Mpx + AI, mientras disfrutas de la comodidad de una pantalla grande y brillante de 6.51&#8243; HD+.<\/p>\n<p>Almacena tus recuerdos sin preocupaciones gracias a la memoria de 6+128GB, ampliable mediante Micro-SD hasta 256GB.<\/p>\n<p>Bater\u00eda de 5.000 mAh garantiza una duraci\u00f3n excepcional para que puedas utilizar tu smartphone durante todo el d\u00eda.<\/p>\n<p>Caracter\u00edsticas adicionales como NFC, lector de huellas, Dual-SIM y conector Jack 3.5<\/p>\n<p>Android 13, este dispositivo te proporciona las \u00faltimas funciones y mejoras del sistema operativo, manteni\u00e9ndote a la vanguardia de la tecnolog\u00eda m\u00f3vil.<\/p>\n<p>P\u00e1ntalla 6.51&#8243; HD+ IPS 90Hz<br \/>Resoluci\u00f3n 1600 x 720px 269ppi<br \/>Vidrio curvo 2.5D<br \/>Red 4G LTE, 3G, 2G<br \/>2G: 850\/900\/1800\/1900<br \/>3G: 900\/2100<br \/>4G: 800\/850\/900\/1800\/2100\/2300\/2600<br \/>Potente conjunto de chips de ocho n\u00facleos<br \/>Procesador IMG PowerVR GE8320, 2.2 Ghz, Mediatek Helio G36, Octa-core<br \/>C\u00e1mara 50MP con IA Triple C\u00e1mara<br \/>C\u00e1mara Frontal 5 MP<br \/>Grabaci\u00f3n de v\u00eddeo de la c\u00e1mara trasera 60 fps<br \/>Apertura de la c\u00e1mara 1.8 f<br \/>Resoluci\u00f3n de grabaci\u00f3n de v\u00eddeo de la c\u00e1mara trasera 1920&#215;1080 px<br \/>Memoria RAM 6GB<br \/>Memoria interna de 128 GB<br \/>Slot tarjeta de memoria SD m\u00e1xima de 256 GB<br \/>Sistema operativo Pure Android 13<br \/>NFC<br \/>2 Ranuras para tarjetas nano+ 1 MicroSD<br \/>tama\u00f1o 1 SIM Nano<br \/>tama\u00f1o 2 SIM Nano<br \/>Reconocimiento facial<br \/>Lector de huellas dactilares<br \/>Acelerometro<br \/>Proximidad<br \/>Luz<br \/>Conector: USB-C<br \/>Conectividad: Wi-Fi 802.11 a\/b\/g\/n\/ac<br \/>Frecuencia Wi-Fi 2,4 5,0 GHz<br \/>GPS<br \/>A-GPS<br \/>Glonass<br \/>Bluetooth 5.0<br \/>Bater\u00eda pol\u00edmero de litio de 5000 mAh<br \/>Toma de auriculares jack 3.5mm<br \/>Dimensiones: 165 x 76 x 9.1mm<br \/>Peso: 207,5g<\/p>\n","protected":false},"excerpt":{"rendered":"<p>Movil myphone n23 6 &#8211; 128gb 6.51 pulgadas black<\/p>\n","protected":false},"featured_media":230136,"comment_status":"closed","ping_status":"open","template":"","meta":{"_et_pb_use_builder":"","_et_pb_old_content":"","_et_gb_content_width":""},"product_brand":[2114],"product_cat":[2058,2063,2062],"product_tag":[2068,2135,2115,2067,2066],"class_list":{"0":"post-231852","1":"product","2":"type-product","3":"status-publish","4":"has-post-thumbnail","6":"product_brand-myphone","7":"product_cat-dispositivos","8":"product_cat-smartphones","9":"product_cat-telefonia","10":"product_tag-dispositivos","11":"product_tag-movil-myphone-n23-6-128gb-6-51-pulgadas","12":"product_tag-myphone","13":"product_tag-smartphones","14":"product_tag-telefonia","15":"product_shipping_class-2059","16":"pa_canon-digital-incluida-2060","18":"first","19":"instock","20":"taxable","21":"shipping-taxable","22":"purchasable","23":"product-type-simple"},"_links":{"self":[{"href":"https:\/\/linkxa.es\/linkshop\/wp-json\/wp\/v2\/product\/231852","targetHints":{"allow":["GET"]}}],"collection":[{"href":"https:\/\/linkxa.es\/linkshop\/wp-json\/wp\/v2\/product"}],"about":[{"href":"https:\/\/linkxa.es\/linkshop\/wp-json\/wp\/v2\/types\/product"}],"replies":[{"embeddable":true,"href":"https:\/\/linkxa.es\/linkshop\/wp-json\/wp\/v2\/comments?post=231852"}],"wp:featuredmedia":[{"embeddable":true,"href":"https:\/\/linkxa.es\/linkshop\/wp-json\/wp\/v2\/media\/230136"}],"wp:attachment":[{"href":"https:\/\/linkxa.es\/linkshop\/wp-json\/wp\/v2\/media?parent=231852"}],"wp:term":[{"taxonomy":"product_brand","embeddable":true,"href":"https:\/\/linkxa.es\/linkshop\/wp-json\/wp\/v2\/product_brand?post=231852"},{"taxonomy":"product_cat","embeddable":true,"href":"https:\/\/linkxa.es\/linkshop\/wp-json\/wp\/v2\/product_cat?post=231852"},{"taxonomy":"product_tag","embeddable":true,"href":"https:\/\/linkxa.es\/linkshop\/wp-json\/wp\/v2\/product_tag?post=231852"}],"curies":[{"name":"wp","href":"https:\/\/api.w.org\/{rel}","templated":true}]}}